{"id":25894,"date":"2026-03-12T16:12:53","date_gmt":"2026-03-12T15:12:53","guid":{"rendered":"https:\/\/www.anja-petshop.si\/?post_type=product&#038;p=25894"},"modified":"2026-03-20T23:43:24","modified_gmt":"2026-03-20T22:43:24","slug":"nekmar-salmon-oil-copy","status":"publish","type":"product","link":"https:\/\/www.anja-petshop.si\/hr\/proizvod\/nekmar-salmon-oil-copy\/","title":{"rendered":"Nekmar Muscle DPR"},"content":{"rendered":"<div class=\"wpb-content-wrapper\"><p>[vc_row][vc_column][vc_column_text css=&#8221;&#8221; woodmart_inline=&#8221;no&#8221; text_larger=&#8221;no&#8221;]<\/p>\n<h3>Muscle DPR<\/h3>\n<p>je hrana za pse in konje, izdelana iz rafiniranega olja ri\u017eevih otrobov, ki pove\u010duje koncentracijo gama-orizanola v prehrani \u017eivali ter spodbuja razvoj, u\u010dinkovitost in obnovo mi\u0161i\u010dnega tkiva.<\/p>\n<p><strong>Uporaba:<\/strong> Gama-orizanol (pridobljen iz olja ri\u017eevih otrobov) je naravni antioksidant, ki spodbuja razvoj in rast mi\u0161i\u010dnega tkiva ter pove\u010duje zmogljivost in vzdr\u017eljivost pri psih in konjih.<\/p>\n<p><strong>Primerno za:<\/strong><br \/>\n\u2013 razstavne pse in konje<br \/>\n\u2013 delovne pse in konje<br \/>\n\u2013 mlade \u017eivali v razvoju za podporo mi\u0161i\u010dnega tkiva<br \/>\n\u2013 starej\u0161e pse in konje za revitalizacijo<br \/>\n\u2013 rehabilitacijo ali zmanj\u0161ano gibljivost pred in po operaciji<\/p>\n<p><strong>Sestavine:<\/strong> 100 % olje ri\u017eevih otrobov.<\/p>\n<p><strong>Analiti\u010dna sestava:<\/strong> 0 % beljakovin, 0 % vlaknin, 100 % olja in ma\u0161\u010dobe.<\/p>\n<p><strong>Dnevni odmerek \u2013 psi:<\/strong><br \/>\nDodajte olje \u010dez hrano va\u0161ega ljubljen\u010dka. Izdelek je treba uvajati postopoma v nekaj dneh. <\/p>\n<p><strong>Vzdr\u017eevanje:<\/strong> 2\u20132,5 ml \/ 10 kg<br \/>\n<strong>Delovni psi, okrevanje, revitalizacija:<\/strong> 4\u20135 ml \/ 10 kg (ne ve\u010d kot 20 ml\/dan)<\/p>\n<p><strong>Dnevni odmerek \u2013 konji:<\/strong><br \/>\nDodajte olje \u010dez hrano. Izdelek je treba uvajati postopoma v nekaj dneh. <\/p>\n<p><strong>Koli\u010dina za konja s te\u017eo 450 kg:<\/strong><br \/>\n<strong>Vzdr\u017eevanje:<\/strong> 60 ml\/dan<br \/>\n<strong>Napredek:<\/strong> 120 ml\/dan<br \/>\n<strong>Pomemben napredek:<\/strong> 240 ml\/dan<\/p>\n<p>[\/vc_column_text][\/vc_column][\/vc_row]<\/p>\n<\/div>","protected":false},"excerpt":{"rendered":"<p>Muscle DPR je hrana za pse in konje, izdelana iz rafiniranega olja ri\u017eevih otrobov. Pove\u010duje koncentracijo gama-orizanola v prehrani \u017eivali ter spodbuja razvoj, u\u010dinkovitost in obnovo mi\u0161i\u010dnega tkiva. <\/p>\n","protected":false},"featured_media":25908,"template":"","meta":[],"product_brand":[607],"product_cat":[452],"product_tag":[],"class_list":{"0":"post-25894","1":"product","2":"type-product","3":"status-publish","4":"has-post-thumbnail","6":"product_brand-nekmar","7":"product_cat-prehrambenidodaci","9":"first","10":"instock","11":"taxable","12":"shipping-taxable","13":"purchasable","14":"product-type-variable"},"_links":{"self":[{"href":"https:\/\/www.anja-petshop.si\/hr\/wp-json\/wp\/v2\/product\/25894","targetHints":{"allow":["GET"]}}],"collection":[{"href":"https:\/\/www.anja-petshop.si\/hr\/wp-json\/wp\/v2\/product"}],"about":[{"href":"https:\/\/www.anja-petshop.si\/hr\/wp-json\/wp\/v2\/types\/product"}],"wp:featuredmedia":[{"embeddable":true,"href":"https:\/\/www.anja-petshop.si\/hr\/wp-json\/wp\/v2\/media\/25908"}],"wp:attachment":[{"href":"https:\/\/www.anja-petshop.si\/hr\/wp-json\/wp\/v2\/media?parent=25894"}],"wp:term":[{"taxonomy":"product_brand","embeddable":true,"href":"https:\/\/www.anja-petshop.si\/hr\/wp-json\/wp\/v2\/product_brand?post=25894"},{"taxonomy":"product_cat","embeddable":true,"href":"https:\/\/www.anja-petshop.si\/hr\/wp-json\/wp\/v2\/product_cat?post=25894"},{"taxonomy":"product_tag","embeddable":true,"href":"https:\/\/www.anja-petshop.si\/hr\/wp-json\/wp\/v2\/product_tag?post=25894"}],"curies":[{"name":"wp","href":"https:\/\/api.w.org\/{rel}","templated":true}]}}