{"id":25867,"date":"2026-03-12T15:50:24","date_gmt":"2026-03-12T14:50:24","guid":{"rendered":"https:\/\/www.anja-petshop.si\/product\/nekmar-salmon-oil\/"},"modified":"2026-03-12T16:02:41","modified_gmt":"2026-03-12T15:02:41","slug":"nekmar-salmon-oil","status":"publish","type":"product","link":"https:\/\/www.anja-petshop.si\/hr\/proizvod\/nekmar-salmon-oil\/","title":{"rendered":"Nekmar Salmon Oil"},"content":{"rendered":"<div class=\"wpb-content-wrapper\"><p>[vc_row][vc_column][vc_column_text css=&#8221;&#8221; woodmart_inline=&#8221;no&#8221; text_larger=&#8221;no&#8221;]<strong>100 % \u010disto losovo ulje visoke kvalitete<\/strong><br \/>\nPridobljeno iz lososa s poreklom iz Evrope. Primerno za prehrano ljudi v skladu z uredbo CE \u0161t. 1069\/2009.  1069\/2009.<\/p>\n<p><strong>Uporaba:<\/strong> Lososovo ulje je hrana za pse i ma\u010dke koja uz pozitivan u\u010dinak na ko\u017eu i dlaku tako\u0111er pobolj\u0161ava apetit te daje potporu imunolo\u0161kom sustavu.<\/p>\n<p><strong>Sastav:<\/strong> lososovo olje 100%<\/p>\n<p><strong>Antioksidansi:<\/strong> ekstrakt bogat prirodnim tokoferolima.<\/p>\n<p><strong>Analiti\u010dki sastav<\/strong>: proteini 0%, vlakna 0%, ulja i masti 100%.<\/p>\n<p><strong>Doziranje po danu:<\/strong><br \/>\nDodajte losovo ulje preko hrane va\u0161eg ljubimca.<\/p>\n<table class=\"table dose-table\">\n<tbody>\n<tr>\n<td>\n<p align=\"center\"><b>Te\u017eina (kg)<\/b><\/p>\n<\/td>\n<td><strong>5kg<\/strong><\/td>\n<td><strong>10kg<\/strong><\/td>\n<td><strong>20kg<\/strong><\/td>\n<td><strong>30kg<\/strong><\/td>\n<td><strong>40kg<\/strong><\/td>\n<td><strong>50kg<\/strong><\/td>\n<\/tr>\n<tr>\n<td><b>Dnevna doza<\/b><\/td>\n<td>2ml<\/td>\n<td>4ml<\/td>\n<td>8ml<\/td>\n<td>12ml<\/td>\n<td>16ml<\/td>\n<td>20ml<\/td>\n<\/tr>\n<\/tbody>\n<\/table>\n<p>Ne vi\u0161e od 20ml.[\/vc_column_text][\/vc_column][\/vc_row]<\/p>\n<\/div>","protected":false},"excerpt":{"rendered":"<p>100% \u010disto lososovo ulje visoke kvalitete dobiveno od lososa porijeklom iz Europe prikladnog za ljudsku upotrebu u skladu s CE reg 1069\/2009.  1069\/2009<\/p>\n","protected":false},"featured_media":25875,"template":"","meta":[],"product_brand":[607],"product_cat":[452],"product_tag":[],"class_list":{"0":"post-25867","1":"product","2":"type-product","3":"status-publish","4":"has-post-thumbnail","6":"product_brand-nekmar","7":"product_cat-prehrambenidodaci","9":"first","10":"instock","11":"taxable","12":"shipping-taxable","13":"purchasable","14":"product-type-variable"},"_links":{"self":[{"href":"https:\/\/www.anja-petshop.si\/hr\/wp-json\/wp\/v2\/product\/25867","targetHints":{"allow":["GET"]}}],"collection":[{"href":"https:\/\/www.anja-petshop.si\/hr\/wp-json\/wp\/v2\/product"}],"about":[{"href":"https:\/\/www.anja-petshop.si\/hr\/wp-json\/wp\/v2\/types\/product"}],"wp:featuredmedia":[{"embeddable":true,"href":"https:\/\/www.anja-petshop.si\/hr\/wp-json\/wp\/v2\/media\/25875"}],"wp:attachment":[{"href":"https:\/\/www.anja-petshop.si\/hr\/wp-json\/wp\/v2\/media?parent=25867"}],"wp:term":[{"taxonomy":"product_brand","embeddable":true,"href":"https:\/\/www.anja-petshop.si\/hr\/wp-json\/wp\/v2\/product_brand?post=25867"},{"taxonomy":"product_cat","embeddable":true,"href":"https:\/\/www.anja-petshop.si\/hr\/wp-json\/wp\/v2\/product_cat?post=25867"},{"taxonomy":"product_tag","embeddable":true,"href":"https:\/\/www.anja-petshop.si\/hr\/wp-json\/wp\/v2\/product_tag?post=25867"}],"curies":[{"name":"wp","href":"https:\/\/api.w.org\/{rel}","templated":true}]}}