{"id":25762,"date":"2026-02-25T12:42:21","date_gmt":"2026-02-25T11:42:21","guid":{"rendered":"https:\/\/www.anja-petshop.si\/product\/groom-professional-bathing-station\/"},"modified":"2026-03-11T16:39:48","modified_gmt":"2026-03-11T15:39:48","slug":"groom-professional-bathing-station","status":"publish","type":"product","link":"https:\/\/www.anja-petshop.si\/hr\/proizvod\/groom-professional-bathing-station\/","title":{"rendered":"Groom Professional Bathing Station"},"content":{"rendered":"<div class=\"wpb-content-wrapper\"><p>[vc_row][vc_column][vc_column_text css=&#8221;&#8221; woodmart_inline=&#8221;no&#8221; text_larger=&#8221;no&#8221;]<\/p>\n<h2>The Groom Professional stanica za kupanje<\/h2>\n<p>izra\u0111ena je za intenzivnu uporabu u najzaposlenijim salonima. Proizvedena od visokokvalitetnog nehr\u0111aju\u0107eg \u010delika, ova kada za pse osigurava izdr\u017eljivost i godine pouzdane uporabe. Opremljena je kliznim vratima i preklopnim stepenicama koje olak\u0161avaju pristup velikim psima, pru\u017eaju\u0107i bezstresno iskustvo i groomerima i ljubimcima.<\/p>\n<p>Kada uklju\u010duje plasti\u010dni mre\u017easti pladanj za jednostavno su\u0161enje blasterom unutar kade te popre\u010dnu \u0161ipku s kukama za sigurno pri\u010dvr\u0161\u0107ivanje psa po potrebi. Prakti\u010dan pladanj za boce \u0161ampona dr\u017ei sve potrebne proizvode nadohvat ruke.<\/p>\n<p><strong>Klju\u010dne zna\u010dajke<\/strong><\/p>\n<p>Klizna vrata i preklopne stepenice za jednostavan pristup velikim psima.<\/p>\n<p>Plasti\u010dni mre\u017easti pladanj za u\u010dinkovito su\u0161enje u kadi.<\/p>\n<p>Popre\u010dna \u0161ipka s kukama za sigurno pri\u010dvr\u0161\u0107ivanje psa.<\/p>\n<p>Pladanj za boce \u0161ampona za jednostavan pristup tijekom \u0161i\u0161anja.<\/p>\n<p>Izra\u0111ena od visokokvalitetnog nehr\u0111aju\u0107eg \u010delika za dugotrajnu izdr\u017eljivost.<\/p>\n<p><strong>Dimenzije<\/strong><\/p>\n<p>\u0160irina: 50&#8243; \/ 127 cm<\/p>\n<p>Dubina: 27,5&#8243; \/ 69 cm<\/p>\n<p>Visina: 20&#8243; \/ 50,5 cm<\/p>\n<p>Visina za\u0161titne stranice: 41,5&#8243; \/ 105 cm<\/p>\n<p>Polica za male pse: 12,5&#8243; \/ 32 cm<\/p>\n<p><strong>Napomena<\/strong>: Pipe i tu\u0161 glava su uklju\u010deni. Kada dolazi i s kratkoro\u010dnim odvodnim crijevom za po\u010detnu uporabu, no preporu\u010duje se trajno vodovodno rje\u0161enje.<\/p>\n<p><strong>Informacije o dostavi<\/strong>: Narud\u017ebe koje sadr\u017ee ve\u0107e artikle poput stolova za \u0161i\u0161anje, kada ili bokseva mogu zahtijevati paletnu dostavu i dulje vrijeme isporuke. Za me\u0111unarodne narud\u017ebe mogu se primijeniti dodatni tro\u0161kovi prijevoza. Na\u0161 tim \u0107e vas kontaktirati putem e-po\u0161te radi dogovora o odgovaraju\u0107em datumu isporuke.[\/vc_column_text][\/vc_column][\/vc_row]<\/p>\n<\/div>","protected":false},"excerpt":{"rendered":"<p>Klizna vrata i sklopive stepenice za lak\u0161i pristup velikih pasa<\/p>\n<p>Plasti\u010dna mre\u017easta podloga za su\u0161enje unutar kade<\/p>\n<p>Pre\u010dka s kukama za vezivanje<\/p>\n<p>Uklju\u010dena polica za boce \u0161ampona<\/p>\n<p>Izra\u0111eno od visokokvalitetnog nehr\u0111aju\u0107eg \u010delika<\/p>\n<p>Uklju\u010dene slavine i tu\u0161 glava<\/p>\n","protected":false},"featured_media":25763,"template":"","meta":[],"product_brand":[654],"product_cat":[662,443,449],"product_tag":[],"class_list":{"0":"post-25762","1":"product","2":"type-product","3":"status-publish","4":"has-post-thumbnail","6":"product_brand-groom-professional","7":"product_cat-kada-za-kupanje","8":"product_cat-oprema-hr","9":"product_cat-pasji-saloni-hr","11":"first","12":"instock","13":"taxable","14":"shipping-taxable","15":"purchasable","16":"product-type-simple"},"_links":{"self":[{"href":"https:\/\/www.anja-petshop.si\/hr\/wp-json\/wp\/v2\/product\/25762","targetHints":{"allow":["GET"]}}],"collection":[{"href":"https:\/\/www.anja-petshop.si\/hr\/wp-json\/wp\/v2\/product"}],"about":[{"href":"https:\/\/www.anja-petshop.si\/hr\/wp-json\/wp\/v2\/types\/product"}],"wp:featuredmedia":[{"embeddable":true,"href":"https:\/\/www.anja-petshop.si\/hr\/wp-json\/wp\/v2\/media\/25763"}],"wp:attachment":[{"href":"https:\/\/www.anja-petshop.si\/hr\/wp-json\/wp\/v2\/media?parent=25762"}],"wp:term":[{"taxonomy":"product_brand","embeddable":true,"href":"https:\/\/www.anja-petshop.si\/hr\/wp-json\/wp\/v2\/product_brand?post=25762"},{"taxonomy":"product_cat","embeddable":true,"href":"https:\/\/www.anja-petshop.si\/hr\/wp-json\/wp\/v2\/product_cat?post=25762"},{"taxonomy":"product_tag","embeddable":true,"href":"https:\/\/www.anja-petshop.si\/hr\/wp-json\/wp\/v2\/product_tag?post=25762"}],"curies":[{"name":"wp","href":"https:\/\/api.w.org\/{rel}","templated":true}]}}