{"id":25725,"date":"2026-02-25T14:46:02","date_gmt":"2026-02-25T13:46:02","guid":{"rendered":"https:\/\/www.anja-petshop.si\/product\/groom-x-wheelset-4-pcs-for-stainless-waiting-kennel\/"},"modified":"2026-03-11T16:39:48","modified_gmt":"2026-03-11T15:39:48","slug":"groom-x-wheelset-4-pcs-for-stainless-waiting-kennel","status":"publish","type":"product","link":"https:\/\/www.anja-petshop.si\/hr\/proizvod\/groom-x-wheelset-4-pcs-for-stainless-waiting-kennel\/","title":{"rendered":"Groom-X Wheelset 4 Pcs for Stainless Waiting Kennel"},"content":{"rendered":"<div class=\"wpb-content-wrapper\"><p>[vc_row][vc_column][vc_column_text css=&#8221;&#8221; woodmart_inline=&#8221;no&#8221; text_larger=&#8221;no&#8221;]<\/p>\n<h2>Groom-X set kota\u010da (4 kom) za inox \u010dekaoni\u010dki kavez<\/h2>\n<p>Ovaj set zamjenskih kota\u010da posebno je dizajniran za inox Groom-X Waiting Kennel Regular i XL. Zahvaljuju\u0107i kota\u010dima, kavez se mo\u017ee jednostavno i brzo premje\u0161tati. Dva od \u010detiri kota\u010da imaju ko\u010dnicu koja omogu\u0107uje sigurno zaklju\u010davanje i stabilno postavljanje kaveza.<\/p>\n<h2>Sve je u detaljima<\/h2>\n<p>Set od 4 kota\u010da, od kojih su 2 s ko\u010dnicom i 2 bez ko\u010dnice<\/p>\n<p>Posebno dizajnirano za Groom-X Waiting Kennel Stainless Regular i Groom-X Waiting Kennel Stainless XL<\/p>\n<p>Izra\u0111eno od nehr\u0111aju\u0107eg \u010delika<\/p>\n<p>Te\u017eina:<\/p>\n<p>Kota\u010d bez ko\u010dnice: 600 g<\/p>\n<p>Kota\u010d s ko\u010dnicom: 800 g<\/p>\n<p>Promjer: 6 cm (2,5 in\u010da)*<\/p>\n<p><em>* Sve mjere su pribli\u017ene.<\/em>[\/vc_column_text][\/vc_column][\/vc_row]<\/p>\n<\/div>","protected":false},"excerpt":{"rendered":"<p>Posebno dizajnirano za Groom-X Waiting Kennel \u2013 Regular i XL<\/p>\n<p>Jednostavno i brzo pomicanje bokseva<\/p>\n<p>2 od 4 kota\u010da imaju ko\u010dnice, \u0161to omogu\u0107uje potpunu kontrolu kretanja<\/p>\n<p>Nehr\u0111aju\u0107i \u010delik i izdr\u017eljiva izrada<\/p>\n","protected":false},"featured_media":25726,"template":"","meta":[],"product_brand":[657],"product_cat":[443,449],"product_tag":[],"class_list":{"0":"post-25725","1":"product","2":"type-product","3":"status-publish","4":"has-post-thumbnail","6":"product_brand-groom-x","7":"product_cat-oprema-hr","8":"product_cat-pasji-saloni-hr","10":"first","11":"instock","12":"taxable","13":"shipping-taxable","14":"purchasable","15":"product-type-simple"},"_links":{"self":[{"href":"https:\/\/www.anja-petshop.si\/hr\/wp-json\/wp\/v2\/product\/25725","targetHints":{"allow":["GET"]}}],"collection":[{"href":"https:\/\/www.anja-petshop.si\/hr\/wp-json\/wp\/v2\/product"}],"about":[{"href":"https:\/\/www.anja-petshop.si\/hr\/wp-json\/wp\/v2\/types\/product"}],"wp:featuredmedia":[{"embeddable":true,"href":"https:\/\/www.anja-petshop.si\/hr\/wp-json\/wp\/v2\/media\/25726"}],"wp:attachment":[{"href":"https:\/\/www.anja-petshop.si\/hr\/wp-json\/wp\/v2\/media?parent=25725"}],"wp:term":[{"taxonomy":"product_brand","embeddable":true,"href":"https:\/\/www.anja-petshop.si\/hr\/wp-json\/wp\/v2\/product_brand?post=25725"},{"taxonomy":"product_cat","embeddable":true,"href":"https:\/\/www.anja-petshop.si\/hr\/wp-json\/wp\/v2\/product_cat?post=25725"},{"taxonomy":"product_tag","embeddable":true,"href":"https:\/\/www.anja-petshop.si\/hr\/wp-json\/wp\/v2\/product_tag?post=25725"}],"curies":[{"name":"wp","href":"https:\/\/api.w.org\/{rel}","templated":true}]}}