{"id":25712,"date":"2026-02-25T15:53:13","date_gmt":"2026-02-25T14:53:13","guid":{"rendered":"https:\/\/www.anja-petshop.si\/product\/groom-x-professional-electric-bath-stainless-steel\/"},"modified":"2026-03-11T16:39:49","modified_gmt":"2026-03-11T15:39:49","slug":"groom-x-professional-electric-bath-stainless-steel","status":"publish","type":"product","link":"https:\/\/www.anja-petshop.si\/hr\/proizvod\/groom-x-professional-electric-bath-stainless-steel\/","title":{"rendered":"Groom-X Professional Electric Bath Stainless Steel"},"content":{"rendered":"<div class=\"wpb-content-wrapper\"><p>[vc_row][vc_column][vc_column_text css=&#8221;&#8221; woodmart_inline=&#8221;no&#8221; text_larger=&#8221;no&#8221;]<\/p>\n<h2>Groom-X Eco elektri\u010dna kada<\/h2>\n<p>Do\u017eivite vrhunac profesionalne udobnosti i pouzdanosti tijekom groominga va\u0161eg ljubimca uz Groom-X Eco elektri\u010dnu kadu. Izra\u0111ena od nehr\u0111aju\u0107eg \u010delika SS304, poznatog po iznimnoj debljini i izdr\u017eljivosti, ova kada osigurava dugotrajnu otpornost. Groom-X Eco kada isti\u010de se ekonomi\u010dnim i ergonomskim dizajnom s podesivom visinom od 78 do impresivnih 120 cm. Time je jedna od najvi\u0161ih kada u svojoj kategoriji, savr\u0161ena za pse svih veli\u010dina. Opremljena je prilagodljivim dvoslojnim re\u0161etkastim sustavom i udobnom podlogom koja se mo\u017ee prilagoditi veli\u010dini psa. Inovativna klizna vrata olak\u0161avaju ulazak ve\u0107im psima i imaju posebno dizajniran mehanizam zaklju\u010davanja za dodatnu sigurnost. Svaka kada dolazi s re\u0161etkom i izuzetno udobnom podlogom kako bi kupanje bilo sigurno i bez stresa.<\/p>\n<p>Svaka Groom-X Eco kada uklju\u010duje osnovne dodatke poput 2 prstena za vezivanje, termostatske slavine, prakti\u010dne tu\u0161 ru\u010dke, fleksibilnog crijeva i u\u010dinkovitog sustava odvodnje. Vodootporne no\u017ene pedale omogu\u0107uju jednostavno pode\u0161avanje visine, tako da se mo\u017eete u potpunosti posvetiti dobrobiti va\u0161eg ljubimca. Pretvorite svako kupanje u jednostavno iskustvo uz Groom-X Eco elektri\u010dnu kadu, gdje se spajaju izdr\u017eljivost, udobnost i sigurnost.<\/p>\n<p><strong>Specifikacije:<\/strong><\/p>\n<p>Materijal: Nehr\u0111aju\u0107i \u010delik<\/p>\n<p>Maksimalna nosivost: 120 kg<\/p>\n<p>Napon: 220V-240V<\/p>\n<p><strong>Dimenzije:<\/strong><\/p>\n<p>Duljina: 115 cm x Dubina: 69,5 cm x \u0160irina: 78 cm<\/p>\n<p>Raspon visine: 78 cm do 120 cm<\/p>\n<p>Dimenzije re\u0161etke:<\/p>\n<p><em>Odvodni \u010dep nalazi se na desnoj strani kade.<\/em>[\/vc_column_text][\/vc_column][\/vc_row]<\/p>\n<\/div>","protected":false},"excerpt":{"rendered":"<p>Do\u017eivite vrhunac profesionalne udobnosti i pouzdanosti tijekom \u0161i\u0161anja va\u0161eg ljubimca uz Groom-X Eco elektri\u010dnu kadu.<\/p>\n<p><strong>Specifikacije:<\/strong><\/p>\n<p>Materijal: Nehr\u0111aju\u0107i \u010delik<\/p>\n<p>Maksimalna nosivost: 120 kg<\/p>\n<p>Napon: 220V-240V<\/p>\n","protected":false},"featured_media":25713,"template":"","meta":[],"product_brand":[657],"product_cat":[443,449],"product_tag":[],"class_list":{"0":"post-25712","1":"product","2":"type-product","3":"status-publish","4":"has-post-thumbnail","6":"product_brand-groom-x","7":"product_cat-oprema-hr","8":"product_cat-pasji-saloni-hr","10":"first","11":"instock","12":"taxable","13":"shipping-taxable","14":"purchasable","15":"product-type-simple"},"_links":{"self":[{"href":"https:\/\/www.anja-petshop.si\/hr\/wp-json\/wp\/v2\/product\/25712","targetHints":{"allow":["GET"]}}],"collection":[{"href":"https:\/\/www.anja-petshop.si\/hr\/wp-json\/wp\/v2\/product"}],"about":[{"href":"https:\/\/www.anja-petshop.si\/hr\/wp-json\/wp\/v2\/types\/product"}],"wp:featuredmedia":[{"embeddable":true,"href":"https:\/\/www.anja-petshop.si\/hr\/wp-json\/wp\/v2\/media\/25713"}],"wp:attachment":[{"href":"https:\/\/www.anja-petshop.si\/hr\/wp-json\/wp\/v2\/media?parent=25712"}],"wp:term":[{"taxonomy":"product_brand","embeddable":true,"href":"https:\/\/www.anja-petshop.si\/hr\/wp-json\/wp\/v2\/product_brand?post=25712"},{"taxonomy":"product_cat","embeddable":true,"href":"https:\/\/www.anja-petshop.si\/hr\/wp-json\/wp\/v2\/product_cat?post=25712"},{"taxonomy":"product_tag","embeddable":true,"href":"https:\/\/www.anja-petshop.si\/hr\/wp-json\/wp\/v2\/product_tag?post=25712"}],"curies":[{"name":"wp","href":"https:\/\/api.w.org\/{rel}","templated":true}]}}