{"id":25476,"date":"2026-02-19T11:13:22","date_gmt":"2026-02-19T10:13:22","guid":{"rendered":"https:\/\/www.anja-petshop.si\/?post_type=product&#038;p=25476"},"modified":"2026-02-28T16:52:17","modified_gmt":"2026-02-28T15:52:17","slug":"pw-asian-style-set-70","status":"publish","type":"product","link":"https:\/\/www.anja-petshop.si\/hr\/proizvod\/pw-asian-style-set-70\/","title":{"rendered":"P&#038;W Asian Style Set 7,0"},"content":{"rendered":"<div class=\"wpb-content-wrapper\"><p>[vc_row][vc_column][vc_column_text css=&#8221;&#8221; woodmart_inline=&#8221;no&#8221; text_larger=&#8221;no&#8221;]Nick Kontos je osniva\u010d brenda P&amp;W (Power &amp; Working Scissors), koji je izuzetno cijenjen u industriji njege i \u0161i\u0161anja pasa. Njegovi proizvodi dizajnirani su s fokusom na izdr\u017eljivost, preciznost i ergonomsku udobnost, prvenstveno namijenjeni profesionalcima koji trebaju vrhunske alate za postizanje besprijekornih rezultata. Kao vode\u0107i inovator u industriji, Nick Kontos nagla\u0161ava naprednu izradu i upotrebu visokokvalitetnih materijala u svojim proizvodima, koji zadovoljavaju profesionalne standarde. P&amp;W \u0161kare \u010desto se predstavljaju na izlo\u017ebama, seminarima i natjecanjima u grooming industriji, \u0161to potvr\u0111uje njihov ugled kao pouzdanog brenda za stru\u010dnjake diljem svijeta.[\/vc_column_text][\/vc_column][\/vc_row]<\/p>\n<\/div>","protected":false},"excerpt":{"rendered":"<p>Visokokvalitetni set zakrivljenih i ravnih ASIA \u0161kara za njegu ku\u0107nih ljubimaca marke Power &amp; Working Scissors, ASIA STYLE, duljine 7,0&#8243;. Dizajnirane su s o\u0161trim o\u0161tricama i\u00a0 dr\u0161kom za udobno kori\u0161tenje. Omogu\u0107uju glatko \u0161i\u0161anje i izvrstan zavr\u0161ni rezultat. Pogodne su za okruglo \u0161i\u0161anje, primjerice nju\u0161ke, \u0161apica ili repa. Koriste ih poznati uzgajiva\u010di, groomeri i izlaga\u010di diljem svijeta. Namijenjene su profesionalcima, ali i za ku\u0107nu upotrebu.<\/p>\n<p><strong>Dolaze u originalnoj torbici s logotipom brenda.<\/strong><\/p>\n<p><strong>UPOZORENJE!<\/strong><br \/>\nBoje prstenova mogu se razlikovati od onih na slici, biraju se nasumi\u010dno.<\/p>\n","protected":false},"featured_media":25472,"template":"","meta":[],"product_brand":[],"product_cat":[434,428,437],"product_tag":[],"class_list":{"0":"post-25476","1":"product","2":"type-product","3":"status-publish","4":"has-post-thumbnail","6":"product_cat-ravne-hr","7":"product_cat-skare","8":"product_cat-zakrivljene-hr","9":"product_shipping_class-skare","11":"first","12":"instock","13":"taxable","14":"shipping-taxable","15":"purchasable","16":"product-type-simple"},"_links":{"self":[{"href":"https:\/\/www.anja-petshop.si\/hr\/wp-json\/wp\/v2\/product\/25476","targetHints":{"allow":["GET"]}}],"collection":[{"href":"https:\/\/www.anja-petshop.si\/hr\/wp-json\/wp\/v2\/product"}],"about":[{"href":"https:\/\/www.anja-petshop.si\/hr\/wp-json\/wp\/v2\/types\/product"}],"wp:featuredmedia":[{"embeddable":true,"href":"https:\/\/www.anja-petshop.si\/hr\/wp-json\/wp\/v2\/media\/25472"}],"wp:attachment":[{"href":"https:\/\/www.anja-petshop.si\/hr\/wp-json\/wp\/v2\/media?parent=25476"}],"wp:term":[{"taxonomy":"product_brand","embeddable":true,"href":"https:\/\/www.anja-petshop.si\/hr\/wp-json\/wp\/v2\/product_brand?post=25476"},{"taxonomy":"product_cat","embeddable":true,"href":"https:\/\/www.anja-petshop.si\/hr\/wp-json\/wp\/v2\/product_cat?post=25476"},{"taxonomy":"product_tag","embeddable":true,"href":"https:\/\/www.anja-petshop.si\/hr\/wp-json\/wp\/v2\/product_tag?post=25476"}],"curies":[{"name":"wp","href":"https:\/\/api.w.org\/{rel}","templated":true}]}}