{"id":24708,"date":"2026-01-16T10:40:09","date_gmt":"2026-01-16T09:40:09","guid":{"rendered":"https:\/\/www.anja-petshop.si\/product\/nekmar-ultraclean-professional-shampoo\/"},"modified":"2026-01-20T09:15:46","modified_gmt":"2026-01-20T08:15:46","slug":"nekmar-ultraclean-professional-shampoo","status":"publish","type":"product","link":"https:\/\/www.anja-petshop.si\/hr\/proizvod\/nekmar-ultraclean-professional-shampoo\/","title":{"rendered":"Nekmar Ultraclean Professional Shampoo"},"content":{"rendered":"<div class=\"wpb-content-wrapper\"><p>[vc_row row_type=&#8221;row&#8221; use_row_as_full_screen_section=&#8221;no&#8221; type=&#8221;full_width&#8221; angled_section=&#8221;no&#8221; text_align=&#8221;left&#8221; background_image_as_pattern=&#8221;without_pattern&#8221;][vc_column][vc_column_text css=&#8221;&#8221; woodmart_inline=&#8221;no&#8221; text_larger=&#8221;no&#8221;]<strong>SASTAV:<\/strong> voda, natrij lauret sulfat, kokamidopropil betain, glicerin, natrij klorid, miris, PEG-40 hidrogenizirano ricinusovo ulje, kokosovo ulje (*) sok lista aloe vere (*), ulje sjemenki gro\u017e\u0111a, ekstrakt lista\/stapke zobi(*), fenoksietanol, polikvaternij-7, propilen glikol, Laureth-3, lauril glukozid, limunska kiselina, tetranatrij glutamat diacetat, etilheksilglicerin, natrij hidroksid.<br \/>\n(*) iz organskog uzgoja<\/p>\n<p><strong>SASTOJCI POTJE\u010cU IZ ORGANSKOG UZGOJA<\/strong><\/p>\n<p>\u2022 Mo\u0107no dubinsko \u010di\u0161\u0107enje<br \/>\n\u2022 Njeguju\u0107e djelovanje<br \/>\n\u2022 Uklanja neugodne mirise<br \/>\n\u2022 Oboga\u0107eno kokosovim uljem i aloe verom<br \/>\n\u2022 Pogodno za sve tipove dlake<br \/>\n\u2022 EKONOMI\u010cNO<\/p>\n<p><strong>1:50 koncentrirana formula<\/strong><\/p>\n<p><strong>UPUTE ZA UPOTREBU:<\/strong> Ovo je visoko koncentrirana formula i potrebno ju je razrijediti s vodom u omjeru od 1:35 do 1:50, ovisno o stupnju zaprljanosti i stanju dlake. Nanesite \u0161ampon ravnomjerno na prethodno namo\u010denu dlaku te nje\u017eno masirajte dok se ne stvori bogata pjena. Temeljito isperite mlakom vodom. Ako je potrebno, ponovite postupak.[\/vc_column_text][\/vc_column][\/vc_row]<\/p>\n<\/div>","protected":false},"excerpt":{"rendered":"<p>Ultraclean Profesionalni \u0161ampon vrhunska je formula posebno dizajnirana za dubinsko pranje svih tipova dlake. Nje\u017eno, ali u\u010dinkovito uklanja i najtvrdokorniju prljav\u0161tinu. Oboga\u0107en je glicerinom, aloe verom, kokosovim uljem i p\u0161eni\u010dnim proteinima koji dlaku \u010dine zdravom i sjajnom te joj dugotrajno daju ugodan miris.<\/p>\n","protected":false},"featured_media":24709,"template":"","meta":[],"product_brand":[607],"product_cat":[412,590],"product_tag":[],"class_list":{"0":"post-24708","1":"product","2":"type-product","3":"status-publish","4":"has-post-thumbnail","6":"product_brand-nekmar","7":"product_cat-kozmetika-hr","8":"product_cat-samponihr","9":"product_shipping_class-nekmar","11":"first","12":"instock","13":"taxable","14":"shipping-taxable","15":"purchasable","16":"product-type-variable"},"_links":{"self":[{"href":"https:\/\/www.anja-petshop.si\/hr\/wp-json\/wp\/v2\/product\/24708","targetHints":{"allow":["GET"]}}],"collection":[{"href":"https:\/\/www.anja-petshop.si\/hr\/wp-json\/wp\/v2\/product"}],"about":[{"href":"https:\/\/www.anja-petshop.si\/hr\/wp-json\/wp\/v2\/types\/product"}],"wp:featuredmedia":[{"embeddable":true,"href":"https:\/\/www.anja-petshop.si\/hr\/wp-json\/wp\/v2\/media\/24709"}],"wp:attachment":[{"href":"https:\/\/www.anja-petshop.si\/hr\/wp-json\/wp\/v2\/media?parent=24708"}],"wp:term":[{"taxonomy":"product_brand","embeddable":true,"href":"https:\/\/www.anja-petshop.si\/hr\/wp-json\/wp\/v2\/product_brand?post=24708"},{"taxonomy":"product_cat","embeddable":true,"href":"https:\/\/www.anja-petshop.si\/hr\/wp-json\/wp\/v2\/product_cat?post=24708"},{"taxonomy":"product_tag","embeddable":true,"href":"https:\/\/www.anja-petshop.si\/hr\/wp-json\/wp\/v2\/product_tag?post=24708"}],"curies":[{"name":"wp","href":"https:\/\/api.w.org\/{rel}","templated":true}]}}