{"id":24700,"date":"2026-01-16T10:40:10","date_gmt":"2026-01-16T09:40:10","guid":{"rendered":"https:\/\/www.anja-petshop.si\/product\/nekmar-volume-coat-professional-shampoo\/"},"modified":"2026-01-20T09:09:49","modified_gmt":"2026-01-20T08:09:49","slug":"nekmar-volume-coat-professional-shampoo","status":"publish","type":"product","link":"https:\/\/www.anja-petshop.si\/hr\/proizvod\/nekmar-volume-coat-professional-shampoo\/","title":{"rendered":"Nekmar Volume Coat Professional Shampoo"},"content":{"rendered":"<div class=\"wpb-content-wrapper\"><p>[vc_row row_type=&#8221;row&#8221; use_row_as_full_screen_section=&#8221;no&#8221; type=&#8221;full_width&#8221; angled_section=&#8221;no&#8221; text_align=&#8221;left&#8221; background_image_as_pattern=&#8221;without_pattern&#8221;][vc_column][vc_column_text css=&#8221;&#8221; woodmart_inline=&#8221;no&#8221; text_larger=&#8221;no&#8221;]<strong>SASTAV:<\/strong> voda, natrij lauret sulfat, kokamidopropil betain, natrij klorid, miris, glicerin, kokosovo ulje (*), sok lista aloe vere (*), ulje sjemenki gro\u017e\u0111a, ekstrakt hmelja, hidrolizirani protein p\u0161enice, ekstrakt lista\/stapke zobi (*), PEG-40 hidrogenizirano ricinusovo ulje, fenoksietanol, polikvaternij-7, propilen glikol, Laureth-3, silicijev dioksid, lauril glukozid, limunska kiselina, tetranatrij glutamat diacetat, etilheksilglicerin, natrij hidroksid, kumarin, linalool, heksametilindanopiran, linalil acetat, ulje kore gorke naran\u010de, limonen.<br \/>\n(*) iz organskog uzgoja<\/p>\n<p>&nbsp;<\/p>\n<p><strong>SASTOJCI POTJE\u010cU IZ ORGANSKOG UZGOJA<\/strong><\/p>\n<p>&nbsp;<\/p>\n<p>\u2022 Pove\u0107ava volumen i gusto\u0107u dlake<br \/>\n\u2022 Nje\u017eno i u\u010dinkovito \u010disti<br \/>\n\u2022 Njeguje<br \/>\n\u2022 Uklanja neugodne mirise<br \/>\n\u2022 Lagana formula<br \/>\n\u2022 Pogodno za sve tipove dlake<\/p>\n<p>&nbsp;<\/p>\n<p><strong>1:30 koncentrirana formula<\/strong><\/p>\n<p>&nbsp;<\/p>\n<p><strong>UPUTE ZA UPOTREBU:<\/strong> Ovaj je \u0161ampon visoko koncentriran i prije upotrebe potrebno ga je razrijediti s vodom u omjeru 1:20 do 1:30 ovisno o \u017eeljenom rezultatu i stanju dlake. Nanesite \u0161ampon ravnomjerno na prethodno namo\u010denu dlaku te nje\u017eno masirajte dok se ne stvori bogata pjena. Temeljito isperite mlakom vodom. Ako je potrebno, ponovite postupak.[\/vc_column_text][\/vc_column][\/vc_row]<\/p>\n<\/div>","protected":false},"excerpt":{"rendered":"<p>Volume coat \u0161ampon profesionalni je proizvod specijaliziran za stvaranje i dodavanje volumena svim tipovima dlake. Formula pru\u017ea lako\u0107u, puno\u0107u i \u010dvrsto\u0107u, dok dlaku istovremeno dubinski \u010disti i njeguje. Proizvod pobolj\u0161ava mogu\u0107nost ra\u0161\u010de\u0161ljavanja bez ote\u017eavanja dlake. Nakon tretmana dlaka ostaje zdrava i nahranjena zahvaljuju\u0107i prirodnim sastojcima poput ulja sjemenki gro\u017e\u0111a, aloe vere, kokosova ulja i p\u0161eni\u010dnih proteina.<\/p>\n","protected":false},"featured_media":24701,"template":"","meta":[],"product_brand":[607],"product_cat":[412,590],"product_tag":[],"class_list":{"0":"post-24700","1":"product","2":"type-product","3":"status-publish","4":"has-post-thumbnail","6":"product_brand-nekmar","7":"product_cat-kozmetika-hr","8":"product_cat-samponihr","9":"product_shipping_class-nekmar","11":"first","12":"instock","13":"taxable","14":"shipping-taxable","15":"purchasable","16":"product-type-simple"},"_links":{"self":[{"href":"https:\/\/www.anja-petshop.si\/hr\/wp-json\/wp\/v2\/product\/24700","targetHints":{"allow":["GET"]}}],"collection":[{"href":"https:\/\/www.anja-petshop.si\/hr\/wp-json\/wp\/v2\/product"}],"about":[{"href":"https:\/\/www.anja-petshop.si\/hr\/wp-json\/wp\/v2\/types\/product"}],"wp:featuredmedia":[{"embeddable":true,"href":"https:\/\/www.anja-petshop.si\/hr\/wp-json\/wp\/v2\/media\/24701"}],"wp:attachment":[{"href":"https:\/\/www.anja-petshop.si\/hr\/wp-json\/wp\/v2\/media?parent=24700"}],"wp:term":[{"taxonomy":"product_brand","embeddable":true,"href":"https:\/\/www.anja-petshop.si\/hr\/wp-json\/wp\/v2\/product_brand?post=24700"},{"taxonomy":"product_cat","embeddable":true,"href":"https:\/\/www.anja-petshop.si\/hr\/wp-json\/wp\/v2\/product_cat?post=24700"},{"taxonomy":"product_tag","embeddable":true,"href":"https:\/\/www.anja-petshop.si\/hr\/wp-json\/wp\/v2\/product_tag?post=24700"}],"curies":[{"name":"wp","href":"https:\/\/api.w.org\/{rel}","templated":true}]}}