{"id":24692,"date":"2026-01-16T10:40:10","date_gmt":"2026-01-16T09:40:10","guid":{"rendered":"https:\/\/www.anja-petshop.si\/product\/nekmar-moisturizing-nourishing-professional-shampoo\/"},"modified":"2026-01-20T09:11:29","modified_gmt":"2026-01-20T08:11:29","slug":"nekmar-moisturizing-nourishing-professional-shampoo","status":"publish","type":"product","link":"https:\/\/www.anja-petshop.si\/hr\/proizvod\/nekmar-moisturizing-nourishing-professional-shampoo\/","title":{"rendered":"Nekmar Moisturizing &#038; Nourishing Professional Shampoo"},"content":{"rendered":"<div class=\"wpb-content-wrapper\"><p>[vc_row row_type=&#8221;row&#8221; use_row_as_full_screen_section=&#8221;no&#8221; type=&#8221;full_width&#8221; angled_section=&#8221;no&#8221; text_align=&#8221;left&#8221; background_image_as_pattern=&#8221;without_pattern&#8221;][vc_column][vc_column_text css=&#8221;&#8221; woodmart_inline=&#8221;no&#8221; text_larger=&#8221;no&#8221;]<strong>SASTAV:<\/strong> voda, natrij lauret sulfat, kokamidopropil betain, glicerin, natrij klorid, miris, PEG-40 hidrogenizirano ricinusovo ulje, kokosovo ulje (*), ulje makadamije, ekstrakt lista\/stapke zobi (*), hidrolizirani protein p\u0161enice, fenoksietanol, Laureth-3, polikvaternij-7, limunska kiselina, tetranatrij glutamat diacetat, etilheksilglicerin, natrij hidroksid, vanilin.<br \/>\n(*) iz organskog uzgoja<\/p>\n<p>&nbsp;<\/p>\n<p><strong>SASTOJCI POTJE\u010cU IZ ORGANSKOG UZGOJA<\/strong><\/p>\n<p>&nbsp;<\/p>\n<p>\u2022 Pru\u017ea maksimalnu hidrataciju dlake<br \/>\n\u2022 Hrani i revitalizira sve tipove dlake<br \/>\n\u2022 Olak\u0161ava ra\u0161\u010de\u0161ljavanje i oblikovanje<br \/>\n\u2022 Daje sjaj<br \/>\n\u2022 Antistati\u010dki u\u010dinak<br \/>\n\u2022 Uklanja neugodne mirise<\/p>\n<p>&nbsp;<\/p>\n<p><strong>1:25 koncentrirana formula<\/strong><\/p>\n<p>&nbsp;<\/p>\n<p><strong>UPUTE ZA UPOTREBU:<\/strong> Ovaj je \u0161ampon visoko koncentriran i prije upotrebe potrebno ga je razrijediti s vodom u omjeru 1:15 do 1:25 ovisno o stanju dlake. Nanesite \u0161ampon ravnomjerno na prethodno namo\u010denu dlaku te nje\u017eno masirajte dok se ne stvori bogata pjena. Temeljito isperite mlakom vodom. Ako je potrebno, ponovite postupak.[\/vc_column_text][\/vc_column][\/vc_row]<\/p>\n<\/div>","protected":false},"excerpt":{"rendered":"<p>Moisturizing &amp; Nourishing \u0161ampon profesionalni je grooming proizvod stvoren za maksimalnu hidrataciju i dubinsku njegu dlake i ko\u017ee. Vra\u0107a prirodan sjaj, meko\u0107u i vitalnost svih tipova dlake, a posebno je koristan za suhu, be\u017eivotnu i o\u0161te\u0107enu dlaku. Oboga\u0107en je uljem makadamije, kokosovim uljem i glicerinom, koji ja\u010daju dlaku, sprje\u010davaju lomljenje, olak\u0161avaju ra\u0161\u010de\u0161ljavanje i uklanjaju stati\u010dki elektricitet, bez ote\u017eavanja dlake. Za maksimalan u\u010dinak preporu\u010dujemo nakon upotrebe Moisturizing &amp; Nourishing \u0161ampona nastaviti s kori\u0161tenjem Nekmar MagicRepair Profesionalne maske, koja \u0107e savr\u0161eno nadopuniti djelovanje \u0161ampona i dodatno unaprijediti njegovu funkciju.<\/p>\n","protected":false},"featured_media":24693,"template":"","meta":[],"product_brand":[607],"product_cat":[412,590],"product_tag":[],"class_list":{"0":"post-24692","1":"product","2":"type-product","3":"status-publish","4":"has-post-thumbnail","6":"product_brand-nekmar","7":"product_cat-kozmetika-hr","8":"product_cat-samponihr","9":"product_shipping_class-nekmar","11":"first","12":"instock","13":"taxable","14":"shipping-taxable","15":"purchasable","16":"product-type-variable"},"_links":{"self":[{"href":"https:\/\/www.anja-petshop.si\/hr\/wp-json\/wp\/v2\/product\/24692","targetHints":{"allow":["GET"]}}],"collection":[{"href":"https:\/\/www.anja-petshop.si\/hr\/wp-json\/wp\/v2\/product"}],"about":[{"href":"https:\/\/www.anja-petshop.si\/hr\/wp-json\/wp\/v2\/types\/product"}],"wp:featuredmedia":[{"embeddable":true,"href":"https:\/\/www.anja-petshop.si\/hr\/wp-json\/wp\/v2\/media\/24693"}],"wp:attachment":[{"href":"https:\/\/www.anja-petshop.si\/hr\/wp-json\/wp\/v2\/media?parent=24692"}],"wp:term":[{"taxonomy":"product_brand","embeddable":true,"href":"https:\/\/www.anja-petshop.si\/hr\/wp-json\/wp\/v2\/product_brand?post=24692"},{"taxonomy":"product_cat","embeddable":true,"href":"https:\/\/www.anja-petshop.si\/hr\/wp-json\/wp\/v2\/product_cat?post=24692"},{"taxonomy":"product_tag","embeddable":true,"href":"https:\/\/www.anja-petshop.si\/hr\/wp-json\/wp\/v2\/product_tag?post=24692"}],"curies":[{"name":"wp","href":"https:\/\/api.w.org\/{rel}","templated":true}]}}