{"id":24682,"date":"2026-01-16T10:40:10","date_gmt":"2026-01-16T09:40:10","guid":{"rendered":"https:\/\/www.anja-petshop.si\/product\/nekmar-whitebright-professional-shampoo\/"},"modified":"2026-01-20T09:12:33","modified_gmt":"2026-01-20T08:12:33","slug":"nekmar-whitebright-professional-shampoo","status":"publish","type":"product","link":"https:\/\/www.anja-petshop.si\/hr\/proizvod\/nekmar-whitebright-professional-shampoo\/","title":{"rendered":"Nekmar White&#038;Bright Professional Shampoo"},"content":{"rendered":"<div class=\"wpb-content-wrapper\"><p>[vc_row row_type=&#8221;row&#8221; use_row_as_full_screen_section=&#8221;no&#8221; type=&#8221;full_width&#8221; angled_section=&#8221;no&#8221; text_align=&#8221;left&#8221; background_image_as_pattern=&#8221;without_pattern&#8221;][vc_column][vc_column_text css=&#8221;&#8221; woodmart_inline=&#8221;no&#8221; text_larger=&#8221;no&#8221;]<strong>SASTAV:<\/strong> voda, natrij lauret sulfat, kokamidopropil betain, glicerin, natrij bikarbonat, miris, natrij klorid, sok lista aloe vere (*), hidrolizirani protein p\u0161enice, ekstrakt hmelja, ekstrakt lista\/stapke zobi(*), mlije\u010dna kiselina, fenoksietanol, polikvaternij-7, propilen glikol, Laureth-3, limunska kiselina, tetranatrij glutamat diacetat, etilheksilglicerin, CI60730, natrij hidroksid, lauril glukozid, terpineol.<br \/>\n(*) iz organskog uzgoja<\/p>\n<p><strong>SASTOJCI POTJE\u010cU IZ ORGANSKOG UZGOJA<\/strong><\/p>\n<p>\u2022 Izbjeljuje<br \/>\n\u2022 Uklanja mrlje<br \/>\n\u2022 Daje sjaj<br \/>\n\u2022 Nagla\u0161ava sve boje i pigment dlake<br \/>\n\u2022 Neutralizira neugodne mirise<\/p>\n<p><strong>1:25 koncentrirana formula<\/strong><\/p>\n<p><strong>UPUTE ZA UPOTREBU:<\/strong> Ovo je koncentrirana formula i prije upotrebe treba se razrijediti s vodom u omjeru 1:15 do 1:25, ovisno o stanju dlake. Nanesite \u0161ampon ravnomjerno na prethodno namo\u010denu dlaku te nje\u017eno masirajte dok se ne stvori bogata pjena. Ostavite da djeluje 2\u20133 minute za maksimalan u\u010dinak, zatim temeljito isperite mlakom vodom. Ako je potrebno, ponovite postupak.[\/vc_column_text][\/vc_column][\/vc_row]<\/p>\n<\/div>","protected":false},"excerpt":{"rendered":"<p>Nekmar White &amp; Bright je profesionalna grooming formula stvorena da naglasi prirodnu boju i pigmentaciju dlake, dok istovremeno obnavlja i daje sjaj. U\u010dinkovito poma\u017ee kod uklanjanja mrlja i \u017eutila s dlake. Posebno isti\u010de prirodnu boju krzna \u2014 bijelu dlaku \u010dini blistavijom, dok tamnoj daje ja\u010di intenzitet i dubinu. Oboga\u0107en je prirodnim sastojcima poput ekstrakta hmelja, aloe vere i p\u0161eni\u010dnih proteina, koji dlaku i ko\u017eu \u010dine hidratiziranom i njegovanom.<\/p>\n","protected":false},"featured_media":24683,"template":"","meta":[],"product_brand":[607],"product_cat":[412,590],"product_tag":[],"class_list":{"0":"post-24682","1":"product","2":"type-product","3":"status-publish","4":"has-post-thumbnail","6":"product_brand-nekmar","7":"product_cat-kozmetika-hr","8":"product_cat-samponihr","9":"product_shipping_class-nekmar","11":"first","12":"instock","13":"taxable","14":"shipping-taxable","15":"purchasable","16":"product-type-variable"},"_links":{"self":[{"href":"https:\/\/www.anja-petshop.si\/hr\/wp-json\/wp\/v2\/product\/24682","targetHints":{"allow":["GET"]}}],"collection":[{"href":"https:\/\/www.anja-petshop.si\/hr\/wp-json\/wp\/v2\/product"}],"about":[{"href":"https:\/\/www.anja-petshop.si\/hr\/wp-json\/wp\/v2\/types\/product"}],"wp:featuredmedia":[{"embeddable":true,"href":"https:\/\/www.anja-petshop.si\/hr\/wp-json\/wp\/v2\/media\/24683"}],"wp:attachment":[{"href":"https:\/\/www.anja-petshop.si\/hr\/wp-json\/wp\/v2\/media?parent=24682"}],"wp:term":[{"taxonomy":"product_brand","embeddable":true,"href":"https:\/\/www.anja-petshop.si\/hr\/wp-json\/wp\/v2\/product_brand?post=24682"},{"taxonomy":"product_cat","embeddable":true,"href":"https:\/\/www.anja-petshop.si\/hr\/wp-json\/wp\/v2\/product_cat?post=24682"},{"taxonomy":"product_tag","embeddable":true,"href":"https:\/\/www.anja-petshop.si\/hr\/wp-json\/wp\/v2\/product_tag?post=24682"}],"curies":[{"name":"wp","href":"https:\/\/api.w.org\/{rel}","templated":true}]}}