{"id":24672,"date":"2026-01-16T10:40:10","date_gmt":"2026-01-16T09:40:10","guid":{"rendered":"https:\/\/www.anja-petshop.si\/product\/nekmar-magic-repair-professional-mask\/"},"modified":"2026-01-20T09:14:22","modified_gmt":"2026-01-20T08:14:22","slug":"nekmar-magic-repair-professional-mask","status":"publish","type":"product","link":"https:\/\/www.anja-petshop.si\/hr\/proizvod\/nekmar-magic-repair-professional-mask\/","title":{"rendered":"Nekmar Magic Repair Professional Mask"},"content":{"rendered":"<div class=\"wpb-content-wrapper\"><p>[vc_row row_type=&#8221;row&#8221; use_row_as_full_screen_section=&#8221;no&#8221; type=&#8221;full_width&#8221; angled_section=&#8221;no&#8221; text_align=&#8221;left&#8221; background_image_as_pattern=&#8221;without_pattern&#8221;][vc_column][vc_column_text css=&#8221;&#8221; woodmart_inline=&#8221;no&#8221; text_larger=&#8221;no&#8221;]<strong>SASTAV:<\/strong> voda, cetearilni alkohol, glicerin, etilheksil stearat, miristil alkohol, behenamidopropil dimetilamin, shea maslac, kokosovo ulje (*), hidrolizirani keratin, pantenol, tokoferil acetat, sok lista aloe vere (*), maslinovo ulje (*), hidrolizirani protein p\u0161enice, ekstrakt lista moringe, polikvaternij-7, fenoksietanol, miris, guar hidroksipropiltrimonij klorid, ksantan guma, limunska kiselina, mlije\u010dna kiselina, silicijev dioksid, natrij benzoat, kalij sorbat, dinatrijum EDTA, benzilni alkohol.<br \/>\n(*) iz organskog uzgoja<\/p>\n<p>&nbsp;<\/p>\n<p><strong>SASTOJCI POTJE\u010cU IZ ORGANSKOG UZGOJA<\/strong><\/p>\n<p>&nbsp;<\/p>\n<p>\u2022 Intenzivan profesionalni tretman dlake<br \/>\n\u2022 Dubinski obnavlja i hidratizira<br \/>\n\u2022 Uklanja zapetljaje i olak\u0161ava ra\u0161\u010de\u0161ljavanje<br \/>\n\u2022 Daje sjaj i puno\u0107u dlaci<br \/>\n\u2022 Ostavlja prekrasan, dugotrajan miris<\/p>\n<p>&nbsp;<\/p>\n<p><strong>UPUTE ZA UPOTREBU:<\/strong> Masku nanesite na prethodno opranu i namo\u010denu dlaku. Ravnomjerno je rasporedite i ostavite 5\u201310 minuta da u potpunosti djeluje, zatim temeljito isperite mlakom vodom.<\/p>\n<p>&nbsp;<\/p>\n<p><strong>Savjet:<\/strong> Maska se mo\u017ee koristiti i kao regenerator razrije\u0111ena u omjeru 1:10 s vodom. Nakon upotrebe temeljito isperite mlakom vodom.[\/vc_column_text][\/vc_column][\/vc_row]<\/p>\n<\/div>","protected":false},"excerpt":{"rendered":"<p>Magic Repair maska profesionalni je tretman za dlaku koji dubinski obnavlja, revitalizira i vra\u0107a u \u017eivot o\u0161te\u0107enu ili suhu dlaku. Mo\u017ee se koristiti kao intenzivna kura kod ja\u010dih o\u0161te\u0107enja ili kao redoviti tretman za kondicioniranje dlake koju \u017eelimo dovesti ili odr\u017eati u vrhunskoj formi. Bogata formula osigurava dubinsku hidrataciju te omogu\u0107ava lako ra\u0161\u010de\u0161ljavanje i najzapetljanijih dijelova. Sastojci poput keratina, shea maslaca, pantenola, glicerina, provitamina B5 i aloe vere dubinski obnavljaju, ja\u010daju i hidratiziraju dlaku. Nakon tretmana dlaka ostaje svje\u017ea, njegovana, mirisna i sjajna.<\/p>\n","protected":false},"featured_media":24673,"template":"","meta":[],"product_brand":[607],"product_cat":[412,600],"product_tag":[],"class_list":{"0":"post-24672","1":"product","2":"type-product","3":"status-publish","4":"has-post-thumbnail","6":"product_brand-nekmar","7":"product_cat-kozmetika-hr","8":"product_cat-regeneratorihr","9":"product_shipping_class-nekmar","11":"first","12":"instock","13":"taxable","14":"shipping-taxable","15":"purchasable","16":"product-type-variable"},"_links":{"self":[{"href":"https:\/\/www.anja-petshop.si\/hr\/wp-json\/wp\/v2\/product\/24672","targetHints":{"allow":["GET"]}}],"collection":[{"href":"https:\/\/www.anja-petshop.si\/hr\/wp-json\/wp\/v2\/product"}],"about":[{"href":"https:\/\/www.anja-petshop.si\/hr\/wp-json\/wp\/v2\/types\/product"}],"wp:featuredmedia":[{"embeddable":true,"href":"https:\/\/www.anja-petshop.si\/hr\/wp-json\/wp\/v2\/media\/24673"}],"wp:attachment":[{"href":"https:\/\/www.anja-petshop.si\/hr\/wp-json\/wp\/v2\/media?parent=24672"}],"wp:term":[{"taxonomy":"product_brand","embeddable":true,"href":"https:\/\/www.anja-petshop.si\/hr\/wp-json\/wp\/v2\/product_brand?post=24672"},{"taxonomy":"product_cat","embeddable":true,"href":"https:\/\/www.anja-petshop.si\/hr\/wp-json\/wp\/v2\/product_cat?post=24672"},{"taxonomy":"product_tag","embeddable":true,"href":"https:\/\/www.anja-petshop.si\/hr\/wp-json\/wp\/v2\/product_tag?post=24672"}],"curies":[{"name":"wp","href":"https:\/\/api.w.org\/{rel}","templated":true}]}}