{"id":23904,"date":"2025-09-30T14:55:08","date_gmt":"2025-09-30T14:55:08","guid":{"rendered":"https:\/\/www.anja-petshop.si\/?product=hyponic-for-show-dogs-cypress-water-shampoo-for-dogsdeep-cleanse-500ml"},"modified":"2025-09-30T15:03:18","modified_gmt":"2025-09-30T15:03:18","slug":"hyponic-for-show-dogs-cypress-water-shampoo-for-dogsdeep-cleanse-500ml","status":"publish","type":"product","link":"https:\/\/www.anja-petshop.si\/hr\/proizvod\/hyponic-for-show-dogs-cypress-water-shampoo-for-dogsdeep-cleanse-500ml\/","title":{"rendered":"HYPONIC for SHOW DOGS Cypress Water Shampoo (for dogs_Deep Cleanse) 500ml"},"content":{"rendered":"<p>\u00a0Zaradi optimizirane sestave se \u010das su\u0161enja skraj\u0161a, kar prihrani dragocene ure pri pripravi psa na razstavo. Priporo\u010deno razmerje razred\u010ditve pri uporabi tega koncentrata je 1 : 10.<\/p>\n<p>Dodana jojobina in arganova olja zagotovijo, da ko\u017euh ostane mehak ter elasti\u010den, hkrati pa se lazje razcese.\u00a0<\/p><\/p>\n","protected":false},"excerpt":{"rendered":"<p>HYPONIC for SHOW DOGS Cypress Water Shampoo Deep Cleanse 500 ml je visoko koncentriran profesionalni \u0161ampon namenjen zahtevni negi razstavnih psov. Njegova visoko aktivna formula deluje temeljito in previdno \u2013 odstranjuje trdovratne ne\u010disto\u010de, prah in odve\u010dne ma\u0161\u010dobe, ne da bi kompromitirala naravno barvo, teksturo ali strukturo ko\u017euha. Z vklju\u010ditvijo 43 rastlinskih in zeli\u0161\u010dnih izvle\u010dkov (med njimi 14 organskih) v kombinaciji s cipresno vodo in mle\u010dnimi beljakovinami, \u0161ampon spodbuja voluminoznost in izbolj\u0161a obvladljivost dlake.\u00a0<\/p>\n","protected":false},"featured_media":24252,"template":"","meta":[],"product_brand":[579],"product_cat":[412,590],"product_tag":[],"class_list":{"0":"post-23904","1":"product","2":"type-product","3":"status-publish","4":"has-post-thumbnail","6":"product_brand-hyponic","7":"product_cat-kozmetika-hr","8":"product_cat-samponihr","10":"first","11":"instock","12":"taxable","13":"shipping-taxable","14":"purchasable","15":"product-type-simple"},"_links":{"self":[{"href":"https:\/\/www.anja-petshop.si\/hr\/wp-json\/wp\/v2\/product\/23904","targetHints":{"allow":["GET"]}}],"collection":[{"href":"https:\/\/www.anja-petshop.si\/hr\/wp-json\/wp\/v2\/product"}],"about":[{"href":"https:\/\/www.anja-petshop.si\/hr\/wp-json\/wp\/v2\/types\/product"}],"wp:featuredmedia":[{"embeddable":true,"href":"https:\/\/www.anja-petshop.si\/hr\/wp-json\/wp\/v2\/media\/24252"}],"wp:attachment":[{"href":"https:\/\/www.anja-petshop.si\/hr\/wp-json\/wp\/v2\/media?parent=23904"}],"wp:term":[{"taxonomy":"product_brand","embeddable":true,"href":"https:\/\/www.anja-petshop.si\/hr\/wp-json\/wp\/v2\/product_brand?post=23904"},{"taxonomy":"product_cat","embeddable":true,"href":"https:\/\/www.anja-petshop.si\/hr\/wp-json\/wp\/v2\/product_cat?post=23904"},{"taxonomy":"product_tag","embeddable":true,"href":"https:\/\/www.anja-petshop.si\/hr\/wp-json\/wp\/v2\/product_tag?post=23904"}],"curies":[{"name":"wp","href":"https:\/\/api.w.org\/{rel}","templated":true}]}}