{"id":23463,"date":"2025-06-12T16:42:24","date_gmt":"2025-06-12T16:42:24","guid":{"rendered":"https:\/\/www.anja-petshop.si\/?product=pw-dog-stylist-torbica-za-10-skarij"},"modified":"2025-06-12T16:47:20","modified_gmt":"2025-06-12T16:47:20","slug":"pw-dog-stylist-torbica-za-10-skarij","status":"publish","type":"product","link":"https:\/\/www.anja-petshop.si\/hr\/proizvod\/pw-dog-stylist-torbica-za-10-skarij\/","title":{"rendered":"P&#038;W Dog Stylist torba za 10 \u0161kara"},"content":{"rendered":"","protected":false},"excerpt":{"rendered":"<p>Prakti\u010dna futrola od tkanine za hrambu 10 komada \u0161kara. \u0160titi opremu od prljav\u0161tine i ne\u010disto\u0107a. Zatvara se pomo\u0107u drukera, s logotipom proizvo\u0111a\u010da.<br \/>\nDimenzije futrole:<\/p>\n<p>sklopljena: 8 x 27 cm<\/p>\n<p>rasklopljena: 50 x 27 cm<\/p>\n<p>10 d\u017eepova dimenzija: 5 x 12,5 cm<\/p>\n<p>1 prozor\u010di\u0107 od folije (za posjetnicu): 10 x 6 cm<\/p>\n","protected":false},"featured_media":16612,"template":"","meta":[],"product_brand":[575],"product_cat":[419,443,428],"product_tag":[],"class_list":{"0":"post-23463","1":"product","2":"type-product","3":"status-publish","4":"has-post-thumbnail","6":"product_brand-power-working-scissors","7":"product_cat-njega","8":"product_cat-oprema-hr","9":"product_cat-skare","10":"product_shipping_class-skare","12":"first","13":"instock","14":"taxable","15":"shipping-taxable","16":"purchasable","17":"product-type-simple"},"_links":{"self":[{"href":"https:\/\/www.anja-petshop.si\/hr\/wp-json\/wp\/v2\/product\/23463","targetHints":{"allow":["GET"]}}],"collection":[{"href":"https:\/\/www.anja-petshop.si\/hr\/wp-json\/wp\/v2\/product"}],"about":[{"href":"https:\/\/www.anja-petshop.si\/hr\/wp-json\/wp\/v2\/types\/product"}],"wp:featuredmedia":[{"embeddable":true,"href":"https:\/\/www.anja-petshop.si\/hr\/wp-json\/wp\/v2\/media\/16612"}],"wp:attachment":[{"href":"https:\/\/www.anja-petshop.si\/hr\/wp-json\/wp\/v2\/media?parent=23463"}],"wp:term":[{"taxonomy":"product_brand","embeddable":true,"href":"https:\/\/www.anja-petshop.si\/hr\/wp-json\/wp\/v2\/product_brand?post=23463"},{"taxonomy":"product_cat","embeddable":true,"href":"https:\/\/www.anja-petshop.si\/hr\/wp-json\/wp\/v2\/product_cat?post=23463"},{"taxonomy":"product_tag","embeddable":true,"href":"https:\/\/www.anja-petshop.si\/hr\/wp-json\/wp\/v2\/product_tag?post=23463"}],"curies":[{"name":"wp","href":"https:\/\/api.w.org\/{rel}","templated":true}]}}