{"id":23367,"date":"2025-05-26T12:06:44","date_gmt":"2025-05-26T12:06:44","guid":{"rendered":"https:\/\/www.anja-petshop.si\/?product=hydra-groomers-cologne-forever-vip-130ml"},"modified":"2025-05-26T12:11:21","modified_gmt":"2025-05-26T12:11:21","slug":"hydra-groomers-cologne-forever-vip-130ml","status":"publish","type":"product","link":"https:\/\/www.anja-petshop.si\/hr\/proizvod\/hydra-groomers-cologne-forever-vip-130ml\/","title":{"rendered":"Hydra Groomers Cologne Forever VIP 130ml"},"content":{"rendered":"<p>RAZMAZITE SVOG LJUBIMCA: Hydra Forever VIP miris za ku\u0107ne ljubimce savr\u0161en je zavr\u0161ni dodir nakon kupanja ili \u0161i\u0161anja. Ovaj mirisni sprej ima predivan miris i pogodan je za pse i ma\u010dke.<\/p>\n<p>PREKRASAN PARFEM ZA LJUBIMCE: Ovaj sprej ima divan miris i postat \u0107e nezaobilazan dio va\u0161ih potrep\u0161tina za ljubimce. Sadr\u017ei gornje note \u0161ljive i bergamota, uz nje\u017ene nagovje\u0161taje ljiljana i jantara.<\/p>\n<p>DUGOTRAJAN MIRIS ZA PSE: Ovaj sprej za njegu pasa i ma\u010daka sadr\u017ei visoku koncentraciju mirisa za dugotrajniji u\u010dinak \u2013 va\u0161 ljubimac \u0107e du\u017ee mirisati svje\u017ee i ugodno.<\/p>\n<p>JEDNOSTAVNO ZA UPOTREBU: Nakon \u0161to ste svog ljubimca okupali, osu\u0161ili i po\u010de\u0161ljali, jednostavno poprskajte ovaj sprej izravno na dlaku. Va\u0161 pas ili ma\u010dka mirisat \u0107e jednako dobro kao \u0161to izgledaju!<\/p>\n<\/p>\n<p>SIGURNOST NA PRVOM MJESTU: Koristimo najsigurnije i naju\u010dinkovitije sastojke te testiramo kvalitetu proizvoda prije nego \u0161to napuste na\u0161e pogone. Mo\u017eete biti sigurni da va\u0161 ljubimac koristi samo najbolje.<\/p>\n","protected":false},"excerpt":{"rendered":"<p>Hydra Groomers Cologne Fresh VIP je prekrasan parfem za va\u0161eg ljubimca!<\/p>\n","protected":false},"featured_media":25343,"template":"","meta":[],"product_brand":[577],"product_cat":[412,597],"product_tag":[],"class_list":{"0":"post-23367","1":"product","2":"type-product","3":"status-publish","4":"has-post-thumbnail","6":"product_brand-hydra","7":"product_cat-kozmetika-hr","8":"product_cat-sprejevi","10":"first","11":"instock","12":"taxable","13":"shipping-taxable","14":"purchasable","15":"product-type-simple"},"_links":{"self":[{"href":"https:\/\/www.anja-petshop.si\/hr\/wp-json\/wp\/v2\/product\/23367","targetHints":{"allow":["GET"]}}],"collection":[{"href":"https:\/\/www.anja-petshop.si\/hr\/wp-json\/wp\/v2\/product"}],"about":[{"href":"https:\/\/www.anja-petshop.si\/hr\/wp-json\/wp\/v2\/types\/product"}],"wp:featuredmedia":[{"embeddable":true,"href":"https:\/\/www.anja-petshop.si\/hr\/wp-json\/wp\/v2\/media\/25343"}],"wp:attachment":[{"href":"https:\/\/www.anja-petshop.si\/hr\/wp-json\/wp\/v2\/media?parent=23367"}],"wp:term":[{"taxonomy":"product_brand","embeddable":true,"href":"https:\/\/www.anja-petshop.si\/hr\/wp-json\/wp\/v2\/product_brand?post=23367"},{"taxonomy":"product_cat","embeddable":true,"href":"https:\/\/www.anja-petshop.si\/hr\/wp-json\/wp\/v2\/product_cat?post=23367"},{"taxonomy":"product_tag","embeddable":true,"href":"https:\/\/www.anja-petshop.si\/hr\/wp-json\/wp\/v2\/product_tag?post=23367"}],"curies":[{"name":"wp","href":"https:\/\/api.w.org\/{rel}","templated":true}]}}