{"id":23307,"date":"2025-05-26T10:34:01","date_gmt":"2025-05-26T10:34:01","guid":{"rendered":"https:\/\/www.anja-petshop.si\/?product=hydra-collection-william-galharde-sampon-1l"},"modified":"2025-09-11T05:13:56","modified_gmt":"2025-09-11T05:13:56","slug":"hydra-collection-william-galharde-sampon-1l","status":"publish","type":"product","link":"https:\/\/www.anja-petshop.si\/hr\/proizvod\/hydra-collection-william-galharde-sampon-1l\/","title":{"rendered":"Hydra Collection William Galharde \u0161ampon 1l"},"content":{"rendered":"<p><strong>Formula s aktivnim sastojcima za neutralizaciju mirisa<\/strong> u\u010dinkovito uklanja neugodne mirise, a istovremeno nje\u017eno \u010disti sve tipove dlake. Jednostavno ispiranje i brzo su\u0161enje \u010dine kupanje manje stresnim \u2013 kako za profesionalne groomere, tako i za vlasnike.<\/p>\n<p><strong>Visoko koncentrirana formula (omjer razrje\u0111ivanja 1:10)<\/strong> omogu\u0107uje izvrsnu u\u010dinkovitost i istovremeno ekonomi\u010dnu potro\u0161nju.<\/p>\n<p><strong>NJEGA DLAKE:<\/strong> Profesionalna formula koja nje\u017eno \u010disti i pritom \u010duva strukturu svih tipova dlake. Dugotrajni i prepoznatljivi miris osigurat \u0107e da va\u0161 ljubimac bude spreman za svaku priliku.<\/p>\n<p><strong>LUKSUZNO ISKUSTVO:<\/strong> \u0160ampon William Galharde pru\u017ea sofisticirano iskustvo njege, oboga\u0107eno mirisom vanilije i kokosa \u2013 idealno za nagla\u0161avanje osobnosti i elegancije va\u0161eg ljubimca.<\/p>\n<p><strong>BRZO I U\u010cINKOVITO:<\/strong> Formula koja se lako ispire i brzo su\u0161i \u0161tedi vrijeme i trud \u2013 idealna za salone i ku\u0107nu upotrebu.<\/p>\n<p><strong>SALONSKA KVALITETA:<\/strong> Preporu\u010deno za profesionalnu upotrebu kod pasa i ma\u010daka svih pasmina. Proizvedeno s naprednom tehnologijom i sastojcima koji pru\u017eaju vrhunske rezultate.<\/p>\n<\/p>\n<p><strong>UPOTREBA I RAZRJE\u0110IVANJE:<\/strong> Prije upotrebe, \u0161ampon razrijedite u omjeru 1:10 (jedan dio \u0161ampona na deset dijelova vode). Nanesite na mokru dlaku, umasirajte i stvorite bogatu pjenu. Dobro isperite i po potrebi ponovite. Za optimalne rezultate koristite i regenerator iz Hydra Collection William Galharde te zavr\u0161ite s kolonjskim sprejem Vanilla Style Cologne.<\/p>\n","protected":false},"excerpt":{"rendered":"<p>Ovaj \u0161ampon za pse i ma\u010dke dio je luksuzne kolekcije Hydra Collection by William Galharde, osmi\u0161ljene za kvalitetnu njegu va\u0161eg ljubimca. Njegov ekskluzivan miris pru\u017ea topao, umiruju\u0107i do\u017eivljaj s izra\u017eenim notama vanilije i egzoti\u010dnog kokosa \u2013 prava osjetilna poslastica za ljubimce i njihove vlasnike.<\/p>\n","protected":false},"featured_media":16468,"template":"","meta":[],"product_brand":[577],"product_cat":[412,590],"product_tag":[],"class_list":{"0":"post-23307","1":"product","2":"type-product","3":"status-publish","4":"has-post-thumbnail","6":"product_brand-hydra","7":"product_cat-kozmetika-hr","8":"product_cat-samponihr","10":"first","11":"outofstock","12":"taxable","13":"shipping-taxable","14":"purchasable","15":"product-type-simple"},"_links":{"self":[{"href":"https:\/\/www.anja-petshop.si\/hr\/wp-json\/wp\/v2\/product\/23307","targetHints":{"allow":["GET"]}}],"collection":[{"href":"https:\/\/www.anja-petshop.si\/hr\/wp-json\/wp\/v2\/product"}],"about":[{"href":"https:\/\/www.anja-petshop.si\/hr\/wp-json\/wp\/v2\/types\/product"}],"wp:featuredmedia":[{"embeddable":true,"href":"https:\/\/www.anja-petshop.si\/hr\/wp-json\/wp\/v2\/media\/16468"}],"wp:attachment":[{"href":"https:\/\/www.anja-petshop.si\/hr\/wp-json\/wp\/v2\/media?parent=23307"}],"wp:term":[{"taxonomy":"product_brand","embeddable":true,"href":"https:\/\/www.anja-petshop.si\/hr\/wp-json\/wp\/v2\/product_brand?post=23307"},{"taxonomy":"product_cat","embeddable":true,"href":"https:\/\/www.anja-petshop.si\/hr\/wp-json\/wp\/v2\/product_cat?post=23307"},{"taxonomy":"product_tag","embeddable":true,"href":"https:\/\/www.anja-petshop.si\/hr\/wp-json\/wp\/v2\/product_tag?post=23307"}],"curies":[{"name":"wp","href":"https:\/\/api.w.org\/{rel}","templated":true}]}}