{"id":23133,"date":"2025-05-05T17:49:17","date_gmt":"2025-05-05T17:49:17","guid":{"rendered":"https:\/\/www.anja-petshop.si\/?product=chris-christensen-saving-grace-sampon-455ml"},"modified":"2025-11-26T06:13:30","modified_gmt":"2025-11-26T06:13:30","slug":"chris-christensen-saving-grace-sampon-455ml","status":"publish","type":"product","link":"https:\/\/www.anja-petshop.si\/hr\/proizvod\/chris-christensen-saving-grace-sampon-455ml\/","title":{"rendered":"Chris Christensen Saving Grace \u0160ampon  455ml"},"content":{"rendered":"<h2 style=\"margin:2.25rem 0px 0.75rem;padding:0px;color:#050505;font-family:Montserrat;font-weight:400;letter-spacing:1px;font-size:30px;background-color:#ffffff;\">Directions<\/h2>\n<p style=\"margin:0px 0px 1.5rem;padding:0px;color:rgba(32,32,32,0.94);font-family:Roboto, Arial, Helvetica, sans-serif;font-size:16px;background-color:#ffffff;\">Apply Saving Grace to wet coat and massage into a lather. Let sit for approximately 15 minutes. Wet the area, reapply and massage into a lather. Rinse thoroughly. Continue with your normal bathing routine.<\/p>\n<p style=\"margin:0px 0px 1.5rem;padding:0px;color:rgba(32,32,32,0.94);font-family:Roboto, Arial, Helvetica, sans-serif;font-size:16px;background-color:#ffffff;\"><span style=\"font-weight:bold;line-height:inherit;\">Extra Tough Stains:<\/span>\u00a0Apply Saving Grace to dry coat and massage into a lather. Let sit for approximately 15 minutes. Wet the area, reapply and massage into a lather. Rinse thoroughly. Continue with your normal bathing routine.<\/p>\n","protected":false},"excerpt":{"rendered":"<p>Chris Christensen Saving Grace Urine Stain Removing Shampoo<br \/>\nProfesionalni \u0161ampon za u\u010dinkovito uklanjanje mrlja od urina i \u017eutih obojenja dlake<br \/>\nChris Christensen Saving Grace je visokokvalitetan, profesionalni \u0161ampon posebno formuliran za uklanjanje tvrdokornih mrlja od urina i oksidacije, koje \u010desto poga\u0111aju svjetlije i bijele pasmine pasa i ma\u010daka. Razvijen s naprednim sastojcima za \u010di\u0161\u0107enje koji nje\u017eno, ali u\u010dinkovito razgra\u0111uju ne\u010disto\u0107e, bez o\u0161te\u0107ivanja prirodne strukture ili pigmenta dlake.<\/p>\n<p>Ne sadr\u017ei izbjeljiva\u010de, agresivne kemikalije niti omek\u0161iva\u010de<\/p>\n<p>Neutralizira ne\u017eeljene mrlje koje uobi\u010dajeno pranje ne mo\u017ee ukloniti<\/p>\n<p>Proizvedeno u SAD-u<\/p>\n","protected":false},"featured_media":16288,"template":"","meta":[],"product_brand":[567],"product_cat":[412,590],"product_tag":[],"class_list":{"0":"post-23133","1":"product","2":"type-product","3":"status-publish","4":"has-post-thumbnail","6":"product_brand-chris-christensen","7":"product_cat-kozmetika-hr","8":"product_cat-samponihr","10":"first","11":"instock","12":"taxable","13":"shipping-taxable","14":"purchasable","15":"product-type-simple"},"_links":{"self":[{"href":"https:\/\/www.anja-petshop.si\/hr\/wp-json\/wp\/v2\/product\/23133","targetHints":{"allow":["GET"]}}],"collection":[{"href":"https:\/\/www.anja-petshop.si\/hr\/wp-json\/wp\/v2\/product"}],"about":[{"href":"https:\/\/www.anja-petshop.si\/hr\/wp-json\/wp\/v2\/types\/product"}],"wp:featuredmedia":[{"embeddable":true,"href":"https:\/\/www.anja-petshop.si\/hr\/wp-json\/wp\/v2\/media\/16288"}],"wp:attachment":[{"href":"https:\/\/www.anja-petshop.si\/hr\/wp-json\/wp\/v2\/media?parent=23133"}],"wp:term":[{"taxonomy":"product_brand","embeddable":true,"href":"https:\/\/www.anja-petshop.si\/hr\/wp-json\/wp\/v2\/product_brand?post=23133"},{"taxonomy":"product_cat","embeddable":true,"href":"https:\/\/www.anja-petshop.si\/hr\/wp-json\/wp\/v2\/product_cat?post=23133"},{"taxonomy":"product_tag","embeddable":true,"href":"https:\/\/www.anja-petshop.si\/hr\/wp-json\/wp\/v2\/product_tag?post=23133"}],"curies":[{"name":"wp","href":"https:\/\/api.w.org\/{rel}","templated":true}]}}