{"id":22656,"date":"2025-04-14T07:27:06","date_gmt":"2025-04-14T07:27:06","guid":{"rendered":"https:\/\/www.anja-petshop.si\/?product=papircki-folija-za-povijanje-dlake-roza"},"modified":"2025-12-15T13:59:17","modified_gmt":"2025-12-15T13:59:17","slug":"papircki-folija-za-povijanje-dlake-roza","status":"publish","type":"product","link":"https:\/\/www.anja-petshop.si\/hr\/proizvod\/papircki-folija-za-povijanje-dlake-roza\/","title":{"rendered":"Papir\u010dki\/folija za dlaku \/ roza"},"content":{"rendered":"<p><span style=\"color:#2e2323;font-family:Raleway, sans-serif;font-size:15px;background-color:#ffffff;\">Dimenzija 13 x 25, pakirano 100 kom, na voljo v razli\u010dnih barvah<\/span><\/p>\n","protected":false},"excerpt":{"rendered":"<p>Nova generacija zamotavaju\u0107eg TP Foil papira stvorena je s ciljem ve\u0107eg komfora pri njezi. Njegova troslojna struktura (papiri\u0107-papiri\u0107-folija) olak\u0161ava postavljanje, zbog \u010dega je idealan za po\u010detnike ili za vrlo kratku dlaku. Kada jednom savlada\u0161 pravu tehniku, zamatanje postaje jednostavno!<\/p>\n<p>Mo\u017ee\u0161 koristiti i funkciju folije i papiri\u0107a \u2013 obje varijante se blago razlikuju u nijansi i ja\u010dini sjaja. Tako mo\u017ee\u0161 s jednim proizvodom kreirati razli\u010dite pse\u0107e frizure. Dimenzije su 13 x 25, pakiranje sadr\u017ei 100 komada, dostupno u razli\u010ditim bojama.<\/p>\n","protected":false},"featured_media":15811,"template":"","meta":[],"product_brand":[],"product_cat":[446,443],"product_tag":[],"class_list":{"0":"post-22656","1":"product","2":"type-product","3":"status-publish","4":"has-post-thumbnail","6":"product_cat-izlozbepasa","7":"product_cat-oprema-hr","9":"first","10":"outofstock","11":"taxable","12":"shipping-taxable","13":"purchasable","14":"product-type-simple"},"_links":{"self":[{"href":"https:\/\/www.anja-petshop.si\/hr\/wp-json\/wp\/v2\/product\/22656","targetHints":{"allow":["GET"]}}],"collection":[{"href":"https:\/\/www.anja-petshop.si\/hr\/wp-json\/wp\/v2\/product"}],"about":[{"href":"https:\/\/www.anja-petshop.si\/hr\/wp-json\/wp\/v2\/types\/product"}],"wp:featuredmedia":[{"embeddable":true,"href":"https:\/\/www.anja-petshop.si\/hr\/wp-json\/wp\/v2\/media\/15811"}],"wp:attachment":[{"href":"https:\/\/www.anja-petshop.si\/hr\/wp-json\/wp\/v2\/media?parent=22656"}],"wp:term":[{"taxonomy":"product_brand","embeddable":true,"href":"https:\/\/www.anja-petshop.si\/hr\/wp-json\/wp\/v2\/product_brand?post=22656"},{"taxonomy":"product_cat","embeddable":true,"href":"https:\/\/www.anja-petshop.si\/hr\/wp-json\/wp\/v2\/product_cat?post=22656"},{"taxonomy":"product_tag","embeddable":true,"href":"https:\/\/www.anja-petshop.si\/hr\/wp-json\/wp\/v2\/product_tag?post=22656"}],"curies":[{"name":"wp","href":"https:\/\/api.w.org\/{rel}","templated":true}]}}