{"id":22635,"date":"2025-04-14T07:23:05","date_gmt":"2025-04-14T07:23:05","guid":{"rendered":"https:\/\/www.anja-petshop.si\/?product=papircki-folija-za-povijanje-dlake-lila"},"modified":"2025-04-15T08:37:46","modified_gmt":"2025-04-15T08:37:46","slug":"papircki-folija-za-povijanje-dlake-lila","status":"publish","type":"product","link":"https:\/\/www.anja-petshop.si\/hr\/proizvod\/papircki-folija-za-povijanje-dlake-lila\/","title":{"rendered":"Papir\u010dki\/folija za dlaku \/ lila"},"content":{"rendered":"","protected":false},"excerpt":{"rendered":"<p>Nova generacija zamotavaju\u0107eg TP Foil papira stvorena je s ciljem ve\u0107eg komfora pri njezi. Njegova troslojna struktura (papiri\u0107-papiri\u0107-folija) olak\u0161ava postavljanje, zbog \u010dega je idealan za po\u010detnike ili za vrlo kratku dlaku. Kada jednom savlada\u0161 pravu tehniku, zamatanje postaje jednostavno!<\/p>\n<p>Mo\u017ee\u0161 koristiti i funkciju folije i papiri\u0107a \u2013 obje varijante se blago razlikuju u nijansi i ja\u010dini sjaja. Tako mo\u017ee\u0161 s jednim proizvodom kreirati razli\u010dite pse\u0107e frizure. Dimenzije su 13 x 25, pakiranje sadr\u017ei 100 komada, dostupno u razli\u010ditim bojama.<\/p>\n","protected":false},"featured_media":15790,"template":"","meta":[],"product_brand":[],"product_cat":[446,419,443,449],"product_tag":[],"class_list":{"0":"post-22635","1":"product","2":"type-product","3":"status-publish","4":"has-post-thumbnail","6":"product_cat-izlozbepasa","7":"product_cat-njega","8":"product_cat-oprema-hr","9":"product_cat-pasji-saloni-hr","11":"first","12":"outofstock","13":"taxable","14":"shipping-taxable","15":"purchasable","16":"product-type-simple"},"_links":{"self":[{"href":"https:\/\/www.anja-petshop.si\/hr\/wp-json\/wp\/v2\/product\/22635","targetHints":{"allow":["GET"]}}],"collection":[{"href":"https:\/\/www.anja-petshop.si\/hr\/wp-json\/wp\/v2\/product"}],"about":[{"href":"https:\/\/www.anja-petshop.si\/hr\/wp-json\/wp\/v2\/types\/product"}],"wp:featuredmedia":[{"embeddable":true,"href":"https:\/\/www.anja-petshop.si\/hr\/wp-json\/wp\/v2\/media\/15790"}],"wp:attachment":[{"href":"https:\/\/www.anja-petshop.si\/hr\/wp-json\/wp\/v2\/media?parent=22635"}],"wp:term":[{"taxonomy":"product_brand","embeddable":true,"href":"https:\/\/www.anja-petshop.si\/hr\/wp-json\/wp\/v2\/product_brand?post=22635"},{"taxonomy":"product_cat","embeddable":true,"href":"https:\/\/www.anja-petshop.si\/hr\/wp-json\/wp\/v2\/product_cat?post=22635"},{"taxonomy":"product_tag","embeddable":true,"href":"https:\/\/www.anja-petshop.si\/hr\/wp-json\/wp\/v2\/product_tag?post=22635"}],"curies":[{"name":"wp","href":"https:\/\/api.w.org\/{rel}","templated":true}]}}