{"id":22503,"date":"2025-03-17T09:01:53","date_gmt":"2025-03-17T09:01:53","guid":{"rendered":"https:\/\/www.anja-petshop.si\/?product=k1-miracle-coat-vitaminske-kapsule-za-zdravo-dlako-in-kozo-360-kapsul"},"modified":"2025-03-17T09:05:44","modified_gmt":"2025-03-17T09:05:44","slug":"k1-miracle-coat-vitaminske-kapsule-za-zdravo-dlako-in-kozo-360-kapsul","status":"publish","type":"product","link":"https:\/\/www.anja-petshop.si\/hr\/proizvod\/k1-miracle-coat-vitaminske-kapsule-za-zdravo-dlako-in-kozo-360-kapsul\/","title":{"rendered":"K1 \u2013 Dodatak prehrani za zdravu dlaku i ko\u017eu va\u0161eg ljubimca- 360 kapsula"},"content":{"rendered":"<h4 style=\"margin-top:0px;margin-bottom:0.5rem;font-family:Raleway, sans-serif;line-height:1.2;color:#2e2323;font-size:1.125rem;background-color:#ffffff;\"><span style=\"font-weight:bolder;\">Sastav (po kapsuli):<\/span><\/h4>\n<p style=\"margin-top:0px;margin-bottom:0.8rem;color:#2e2323;font-family:Raleway, sans-serif;font-size:15px;background-color:#ffffff;\">? 100 mg esencijalnih masnih kiselina Omega-3<br \/>? 760 mg esencijalnih masnih kiselina Omega-6<\/p>\n<h4 style=\"margin-top:0px;margin-bottom:0.5rem;font-family:Raleway, sans-serif;line-height:1.2;color:#2e2323;font-size:1.125rem;background-color:#ffffff;\"><span style=\"font-weight:bolder;\">Idealno za:<\/span><\/h4>\n<p style=\"margin-top:0px;margin-bottom:0.8rem;color:#2e2323;font-family:Raleway, sans-serif;font-size:15px;background-color:#ffffff;\">? Pse, ? ma\u010dke i ? konje<br \/>? Ku\u0107ne ljubimce s problemima poput: opadanja dlake, suhe i nadra\u017eene ko\u017ee, be\u017eivotne dlake, alergija, ekcema, problema sa zglobovima ili oslabljenog imuniteta.<br \/>? Pripremu \u017eivotinja za izlo\u017ebe \u2013 za br\u017ei i bujniji rast dlake!<\/p>\n<h4 style=\"margin-top:0px;margin-bottom:0.5rem;font-family:Raleway, sans-serif;line-height:1.2;color:#2e2323;font-size:1.125rem;background-color:#ffffff;\"><span style=\"font-weight:bolder;\">Doziranje:<\/span><\/h4>\n<p style=\"margin-top:0px;margin-bottom:0.8rem;color:#2e2323;font-family:Raleway, sans-serif;font-size:15px;background-color:#ffffff;\">\u2714 Mali psi:\u00a0<span style=\"font-weight:bolder;\">1\u20132 kapsule dnevno<\/span><br \/>\u2714 Psi 10\u201325 kg:\u00a0<span style=\"font-weight:bolder;\">2\u20134 kapsule dnevno<\/span><br \/>\u2714 Psi 25\u201350 kg:\u00a0<span style=\"font-weight:bolder;\">4\u20136 kapsula dnevno<\/span><\/p>\n<p style=\"margin-top:0px;margin-bottom:0.8rem;color:#2e2323;font-family:Raleway, sans-serif;font-size:15px;background-color:#ffffff;\">? Dostupno u pakiranjima od\u00a0<span style=\"font-weight:bolder;\">90, 360 ili 720 kapsula<\/span>.<\/p>\n<p style=\"margin-top:0px;margin-bottom:0.8rem;color:#2e2323;font-family:Raleway, sans-serif;font-size:15px;background-color:#ffffff;\">\n<p style=\"margin-top:0px;margin-bottom:0px;color:#2e2323;font-family:Raleway, sans-serif;font-size:15px;background-color:#ffffff;\">?\u00a0<span style=\"font-weight:bolder;\">Za najbolje rezultate<\/span>, kapsule dodajte u svakodnevnu prehranu va\u0161eg ljubimca i osigurajte mu zdravu, sjajnu dlaku tijekom cijele godine!<\/p>\n","protected":false},"excerpt":{"rendered":"<p>Osigurajte svom ljubimcu sjajnu, sna\u017enu i zdravu dlaku uz K1 kapsule! Ova jedinstvena formula s esencijalnim masnim kiselinama Omega-3 i Omega-6 poti\u010de rast dlake, ja\u010da pigmentaciju i pobolj\u0161ava op\u0107u otpornost organizma.<br \/>\nPrednosti K1:<\/p>\n<p>\u2705 Pospje\u0161uje rast dlake i pobolj\u0161ava njezinu kvalitetu\u2705 Ja\u010da imunolo\u0161ki sustav i otpornost na bolesti\u2705 Poma\u017ee u pigmentaciji i sjaju dlake\u2705 Ubla\u017eava probleme s ko\u017eom poput suho\u0107e, crvenila i svrbe\u017ea\u2705 Blagotvorno djeluje na zglobove i pobolj\u0161ava metabolizam<\/p>\n","protected":false},"featured_media":15664,"template":"","meta":[],"product_brand":[],"product_cat":[452],"product_tag":[],"class_list":{"0":"post-22503","1":"product","2":"type-product","3":"status-publish","4":"has-post-thumbnail","6":"product_cat-prehrambenidodaci","8":"first","9":"instock","10":"taxable","11":"shipping-taxable","12":"purchasable","13":"product-type-simple"},"_links":{"self":[{"href":"https:\/\/www.anja-petshop.si\/hr\/wp-json\/wp\/v2\/product\/22503","targetHints":{"allow":["GET"]}}],"collection":[{"href":"https:\/\/www.anja-petshop.si\/hr\/wp-json\/wp\/v2\/product"}],"about":[{"href":"https:\/\/www.anja-petshop.si\/hr\/wp-json\/wp\/v2\/types\/product"}],"wp:featuredmedia":[{"embeddable":true,"href":"https:\/\/www.anja-petshop.si\/hr\/wp-json\/wp\/v2\/media\/15664"}],"wp:attachment":[{"href":"https:\/\/www.anja-petshop.si\/hr\/wp-json\/wp\/v2\/media?parent=22503"}],"wp:term":[{"taxonomy":"product_brand","embeddable":true,"href":"https:\/\/www.anja-petshop.si\/hr\/wp-json\/wp\/v2\/product_brand?post=22503"},{"taxonomy":"product_cat","embeddable":true,"href":"https:\/\/www.anja-petshop.si\/hr\/wp-json\/wp\/v2\/product_cat?post=22503"},{"taxonomy":"product_tag","embeddable":true,"href":"https:\/\/www.anja-petshop.si\/hr\/wp-json\/wp\/v2\/product_tag?post=22503"}],"curies":[{"name":"wp","href":"https:\/\/api.w.org\/{rel}","templated":true}]}}