{"id":22284,"date":"2025-02-04T20:00:53","date_gmt":"2025-02-04T20:00:53","guid":{"rendered":"https:\/\/www.anja-petshop.si\/?product=yento-ultimate-poodle-comb-25cm-glavnik"},"modified":"2025-09-18T06:39:30","modified_gmt":"2025-09-18T06:39:30","slug":"yento-ultimate-poodle-comb-25cm-glavnik","status":"publish","type":"product","link":"https:\/\/www.anja-petshop.si\/hr\/proizvod\/yento-ultimate-poodle-comb-25cm-glavnik\/","title":{"rendered":"Yento Ultimate Poodle Comb 25cm"},"content":{"rendered":"<p style=\"margin-top:0px;margin-bottom:0.8rem;color:#2e2323;font-family:Raleway, sans-serif;font-size:15px;background-color:#ffffff;\"><span style=\"font-weight:bolder;\">O poduze\u0107u Yento<\/span><\/p>\n<p style=\"margin-top:0px;margin-bottom:0.8rem;color:#2e2323;font-family:Raleway, sans-serif;font-size:15px;background-color:#ffffff;\">Yento je priznata marka u industriji opreme za njegu ku\u0107nih ljubimaca koja vi\u0161e od 25 godina razvija inovativne i visokokvalitetne proizvode. Poduze\u0107e se fokusira na osiguranje vrhunske kvalitete alata za njegu, koji olak\u0161avaju posao kako ljubiteljima, tako i profesionalnim frizerima za ku\u0107ne ljubimce.<\/p>\n<p style=\"margin-top:0px;margin-bottom:0.8rem;color:#2e2323;font-family:Raleway, sans-serif;font-size:15px;background-color:#ffffff;\">S dugogodi\u0161njim iskustvom u industriji, Yento svojim kupcima nudi samo najbolje proizvode. Sve njihove \u010detke, \u010de\u0161ljevi, \u0161kare i drugi pribori odlikuju se preciznom izradom, ergonomskim dizajnom i trajno\u0161\u0107u. Proizvodi su dizajnirani da budu nje\u017eni prema \u017eivotinjama i jednostavni za upotrebu, s ciljem da pru\u017ee ugodno iskustvo za vlasnike i njihove ljubimce.<\/p>\n<p style=\"margin-top:0px;margin-bottom:0.8rem;color:#2e2323;font-family:Raleway, sans-serif;font-size:15px;background-color:#ffffff;\">Zbog svoje posve\u0107enosti kvaliteti i stalnom usavr\u0161avanju, Yento proizvodi izuzetno su popularni me\u0111u profesionalcima u industriji frizera za pse (groomerima), koji se oslanjaju na njihovu opremu kako bi postigli najbolje rezultate.<\/p>\n","protected":false},"excerpt":{"rendered":"<p>Ovaj predivno ru\u010dno izra\u0111eni glavnik, proizveden u Japanu s mesingastim zubima od 30 mm, zaista je ultimativni cesalj za pudle!\u00a0<\/p>\n","protected":false},"featured_media":15445,"template":"","meta":[],"product_brand":[564],"product_cat":[425,419,443,449],"product_tag":[],"class_list":{"0":"post-22284","1":"product","2":"type-product","3":"status-publish","4":"has-post-thumbnail","6":"product_brand-yento","7":"product_cat-cesljevi","8":"product_cat-njega","9":"product_cat-oprema-hr","10":"product_cat-pasji-saloni-hr","12":"first","13":"instock","14":"taxable","15":"shipping-taxable","16":"purchasable","17":"product-type-simple"},"_links":{"self":[{"href":"https:\/\/www.anja-petshop.si\/hr\/wp-json\/wp\/v2\/product\/22284","targetHints":{"allow":["GET"]}}],"collection":[{"href":"https:\/\/www.anja-petshop.si\/hr\/wp-json\/wp\/v2\/product"}],"about":[{"href":"https:\/\/www.anja-petshop.si\/hr\/wp-json\/wp\/v2\/types\/product"}],"wp:featuredmedia":[{"embeddable":true,"href":"https:\/\/www.anja-petshop.si\/hr\/wp-json\/wp\/v2\/media\/15445"}],"wp:attachment":[{"href":"https:\/\/www.anja-petshop.si\/hr\/wp-json\/wp\/v2\/media?parent=22284"}],"wp:term":[{"taxonomy":"product_brand","embeddable":true,"href":"https:\/\/www.anja-petshop.si\/hr\/wp-json\/wp\/v2\/product_brand?post=22284"},{"taxonomy":"product_cat","embeddable":true,"href":"https:\/\/www.anja-petshop.si\/hr\/wp-json\/wp\/v2\/product_cat?post=22284"},{"taxonomy":"product_tag","embeddable":true,"href":"https:\/\/www.anja-petshop.si\/hr\/wp-json\/wp\/v2\/product_tag?post=22284"}],"curies":[{"name":"wp","href":"https:\/\/api.w.org\/{rel}","templated":true}]}}