{"id":21738,"date":"2024-11-18T17:59:23","date_gmt":"2024-11-18T17:59:23","guid":{"rendered":"https:\/\/www.anja-petshop.si\/?product=chris-christensen-spectrum-ten-soft-coat-sampon-38-l"},"modified":"2024-12-02T17:03:48","modified_gmt":"2024-12-02T17:03:48","slug":"chris-christensen-spectrum-ten-soft-coat-sampon-38-l","status":"publish","type":"product","link":"https:\/\/www.anja-petshop.si\/hr\/proizvod\/chris-christensen-spectrum-ten-soft-coat-sampon-38-l\/","title":{"rendered":"Chris Christensen Spectrum Ten Soft Coat \u0161ampon 3.8 L"},"content":{"rendered":"<p><span style=\"font-size:medium;\">Upute:<\/span><br \/><span style=\"font-size:medium;\">Unaprijed namo\u010dite dlaku. Nanesite \u0161ampon izravno na dlaku. Umasirajte \u0161ampon kako biste stvorili bogatu, luksuznu pjenu. Temeljito isperite. \u0160ampon je spreman za upotrebu ili se mo\u017ee razrijediti u omjeru 16:1.<\/span><\/p>\n","protected":false},"excerpt":{"rendered":"<p>Chris Christensen Spectrum Ten \u0161ampon dizajniran je za stvaranje primjetne glatko\u0107e, sjaja i lak\u0161e upravljivosti ve\u0107 nakon prve upotrebe. Oboga\u0107en prilago\u0111enim kompleksima, Spectrum Ten \u0161ampon nje\u017eno \u010disti bez gubitka prirodnih tvari iz dlake, dok djelotvorni emolijensi ostavljaju dlaku svilenkastog izgleda i osje\u0107aja.\u00a0<\/p>\n<p>Prikladan za dugu i glatku dlaku<br \/>\nNje\u017eno \u010disti i daje sjaj za predivnu teku\u0107u dlaku<br \/>\nProizvedeno u SAD-u<br \/>\nPreporu\u010deno razrje\u0111ivanje: 4:1, ali se mo\u017ee razrijediti do 8:1<\/p>\n","protected":false},"featured_media":14893,"template":"","meta":[],"product_brand":[567],"product_cat":[412,590],"product_tag":[],"class_list":{"0":"post-21738","1":"product","2":"type-product","3":"status-publish","4":"has-post-thumbnail","6":"product_brand-chris-christensen","7":"product_cat-kozmetika-hr","8":"product_cat-samponihr","10":"first","11":"instock","12":"taxable","13":"shipping-taxable","14":"purchasable","15":"product-type-simple"},"_links":{"self":[{"href":"https:\/\/www.anja-petshop.si\/hr\/wp-json\/wp\/v2\/product\/21738","targetHints":{"allow":["GET"]}}],"collection":[{"href":"https:\/\/www.anja-petshop.si\/hr\/wp-json\/wp\/v2\/product"}],"about":[{"href":"https:\/\/www.anja-petshop.si\/hr\/wp-json\/wp\/v2\/types\/product"}],"wp:featuredmedia":[{"embeddable":true,"href":"https:\/\/www.anja-petshop.si\/hr\/wp-json\/wp\/v2\/media\/14893"}],"wp:attachment":[{"href":"https:\/\/www.anja-petshop.si\/hr\/wp-json\/wp\/v2\/media?parent=21738"}],"wp:term":[{"taxonomy":"product_brand","embeddable":true,"href":"https:\/\/www.anja-petshop.si\/hr\/wp-json\/wp\/v2\/product_brand?post=21738"},{"taxonomy":"product_cat","embeddable":true,"href":"https:\/\/www.anja-petshop.si\/hr\/wp-json\/wp\/v2\/product_cat?post=21738"},{"taxonomy":"product_tag","embeddable":true,"href":"https:\/\/www.anja-petshop.si\/hr\/wp-json\/wp\/v2\/product_tag?post=21738"}],"curies":[{"name":"wp","href":"https:\/\/api.w.org\/{rel}","templated":true}]}}