{"id":21612,"date":"2024-11-06T23:09:14","date_gmt":"2024-11-06T23:09:14","guid":{"rendered":"https:\/\/www.anja-petshop.si\/?product=chris-christensen-thick-n-thicker-leave-in-237ml"},"modified":"2026-02-12T22:51:30","modified_gmt":"2026-02-12T21:51:30","slug":"chris-christensen-thick-n-thicker-leave-in-237ml","status":"publish","type":"product","link":"https:\/\/www.anja-petshop.si\/hr\/proizvod\/chris-christensen-thick-n-thicker-leave-in-237ml\/","title":{"rendered":"Chris Christensen Thick N Thicker Leave In 237ml"},"content":{"rendered":"<p><span style=\"font-size:medium;\">Nanesite na vla\u017enu ili suhu dlaku. Sprej nanesite ravnomjerno po cijeloj dlaci. Nje\u017eno umasirajte u dlaku vrhovima prstiju. Nastavite sa stiliziranjem kao ina\u010de. Za najbolje rezultate, koristite zajedno sa Thick N Thicker \u0161amponom i regeneratorom.<\/span><\/p>\n","protected":false},"excerpt":{"rendered":"<p>Thick N Thicker Leave-In tretman od Chris Christensena je tretman za zgu\u0161njavanje oboga\u0107en hranjivim tvarima. Ovaj leave-in tretman za zgu\u0161njavanje dlake\/sprej za volumen kose pru\u017ea primjetno puniju i gu\u0161\u0107u dlaku. Ovaj proizvod zgu\u0161njava postoje\u0107e dlake ve\u0107 nakon jednog kori\u0161tenja. Ostavlja dlaku gu\u0161\u0107om, punijom i gla\u0111om. Ova nevjerojatna formula poma\u017ee oja\u010dati otpornost dlake na lomljenje.<\/p>\n","protected":false},"featured_media":14773,"template":"","meta":[],"product_brand":[567],"product_cat":[412,597],"product_tag":[],"class_list":{"0":"post-21612","1":"product","2":"type-product","3":"status-publish","4":"has-post-thumbnail","6":"product_brand-chris-christensen","7":"product_cat-kozmetika-hr","8":"product_cat-sprejevi","10":"first","11":"instock","12":"taxable","13":"shipping-taxable","14":"purchasable","15":"product-type-simple"},"_links":{"self":[{"href":"https:\/\/www.anja-petshop.si\/hr\/wp-json\/wp\/v2\/product\/21612","targetHints":{"allow":["GET"]}}],"collection":[{"href":"https:\/\/www.anja-petshop.si\/hr\/wp-json\/wp\/v2\/product"}],"about":[{"href":"https:\/\/www.anja-petshop.si\/hr\/wp-json\/wp\/v2\/types\/product"}],"wp:featuredmedia":[{"embeddable":true,"href":"https:\/\/www.anja-petshop.si\/hr\/wp-json\/wp\/v2\/media\/14773"}],"wp:attachment":[{"href":"https:\/\/www.anja-petshop.si\/hr\/wp-json\/wp\/v2\/media?parent=21612"}],"wp:term":[{"taxonomy":"product_brand","embeddable":true,"href":"https:\/\/www.anja-petshop.si\/hr\/wp-json\/wp\/v2\/product_brand?post=21612"},{"taxonomy":"product_cat","embeddable":true,"href":"https:\/\/www.anja-petshop.si\/hr\/wp-json\/wp\/v2\/product_cat?post=21612"},{"taxonomy":"product_tag","embeddable":true,"href":"https:\/\/www.anja-petshop.si\/hr\/wp-json\/wp\/v2\/product_tag?post=21612"}],"curies":[{"name":"wp","href":"https:\/\/api.w.org\/{rel}","templated":true}]}}