{"id":21300,"date":"2024-10-24T10:59:26","date_gmt":"2024-10-24T10:59:26","guid":{"rendered":"https:\/\/www.anja-petshop.si\/?product=double-k-aromatic-sampon-38-l"},"modified":"2024-12-02T17:58:26","modified_gmt":"2024-12-02T17:58:26","slug":"double-k-aromatic-sampon-38-l","status":"publish","type":"product","link":"https:\/\/www.anja-petshop.si\/hr\/proizvod\/double-k-aromatic-sampon-38-l\/","title":{"rendered":"Double K Aromatic \u0160ampon 3,8 l"},"content":{"rendered":"<div class=\"flex max-w-full flex-col flex-grow\">\n<div class=\"min-h-8 text-message flex w-full flex-col items-end gap-2 whitespace-normal break-words [.text-message+&amp;]:mt-5\">\n<div class=\"flex w-full flex-col gap-1 empty:hidden first:pt-[3px]\">\n<div class=\"markdown prose w-full break-words dark:prose-invert light\">\n<p>AROMATIC\u2122 je profesionalni organski \u0161ampon razvijen za pse i ma\u010dke, koji sadr\u017ei ekstrakte visoko u\u010dinkovitih biljnih mje\u0161avina poput limunske trave, mente, eukaliptusa i cedrovine. Mo\u017ee se koristiti za rje\u0161avanje ljetnih problema s ko\u017eom (svrbe\u017e, crvenilo, suha ko\u017ea&#8230;). Tako\u0111er neutralizira i najtvrdokornije neugodne mirise dlake te ostavlja ugodan miris. Pogodan je i za pse\u0107e i ma\u010dje mladunce.<\/p>\n<p>Koncentrat: Razrijediti s vodom u omjeru 1:6.<\/p>\n<\/div>\n<\/div>\n<\/div>\n<\/div>\n","protected":false},"excerpt":{"rendered":"<p>Profesionalni \u0161ampon s limunskom travom, mentom i cedrovinom.Organski \u0161ampon za pse i ma\u010dke.Sadr\u017ei ekstrakte limunske trave, mente i eukaliptusa.Ugodnog mirisa.Mo\u017ee se koristiti kod pasa koji imaju problema s ko\u017eom.Koncentrat 1:6.<\/p>\n","protected":false},"featured_media":14461,"template":"","meta":[],"product_brand":[569],"product_cat":[412,590],"product_tag":[],"class_list":{"0":"post-21300","1":"product","2":"type-product","3":"status-publish","4":"has-post-thumbnail","6":"product_brand-double-k","7":"product_cat-kozmetika-hr","8":"product_cat-samponihr","10":"first","11":"instock","12":"taxable","13":"shipping-taxable","14":"purchasable","15":"product-type-simple"},"_links":{"self":[{"href":"https:\/\/www.anja-petshop.si\/hr\/wp-json\/wp\/v2\/product\/21300","targetHints":{"allow":["GET"]}}],"collection":[{"href":"https:\/\/www.anja-petshop.si\/hr\/wp-json\/wp\/v2\/product"}],"about":[{"href":"https:\/\/www.anja-petshop.si\/hr\/wp-json\/wp\/v2\/types\/product"}],"wp:featuredmedia":[{"embeddable":true,"href":"https:\/\/www.anja-petshop.si\/hr\/wp-json\/wp\/v2\/media\/14461"}],"wp:attachment":[{"href":"https:\/\/www.anja-petshop.si\/hr\/wp-json\/wp\/v2\/media?parent=21300"}],"wp:term":[{"taxonomy":"product_brand","embeddable":true,"href":"https:\/\/www.anja-petshop.si\/hr\/wp-json\/wp\/v2\/product_brand?post=21300"},{"taxonomy":"product_cat","embeddable":true,"href":"https:\/\/www.anja-petshop.si\/hr\/wp-json\/wp\/v2\/product_cat?post=21300"},{"taxonomy":"product_tag","embeddable":true,"href":"https:\/\/www.anja-petshop.si\/hr\/wp-json\/wp\/v2\/product_tag?post=21300"}],"curies":[{"name":"wp","href":"https:\/\/api.w.org\/{rel}","templated":true}]}}