{"id":21276,"date":"2024-10-15T18:20:40","date_gmt":"2024-10-15T18:20:40","guid":{"rendered":"https:\/\/www.anja-petshop.si\/?product=hyponic-show-dogs-cypress-water-sampon-za-psevolumen-38l"},"modified":"2025-08-15T15:32:40","modified_gmt":"2025-08-15T15:32:40","slug":"hyponic-show-dogs-cypress-water-sampon-za-psevolumen-38l","status":"publish","type":"product","link":"https:\/\/www.anja-petshop.si\/hr\/proizvod\/hyponic-show-dogs-cypress-water-sampon-za-psevolumen-38l\/","title":{"rendered":"HYPONIC show dogs Cypress Water \u0160ampon (za pse_volumen) 3.8L"},"content":{"rendered":"<p><strong>IZVANREDNA U\u010cINKOVITOST<\/strong>\u00a0\u2013 Napredna formula koja koristi najnoviju tehnologiju pru\u017ea neusporedivu i izvanrednu u\u010dinkovitost, optimalno dizajnirana za profesionalno odr\u017eavanje dlake izlo\u017ebenih pasa.<\/p>\n<p>\u25cf\u00a0<strong>PREMIJUM SASTOJCI<\/strong>\u00a0\u2013 Intenzivna formulacija sastavljena samo od vrhunskih sastojaka. Koriste se samo visokokvalitetni, pa\u017eljivo odabrani organski ekstrakti 14 biljaka te razni biljni i biljni ekstrakti, prirodna ulja, a glavne sastojke \u010dine voda od \u010dempresa i mlije\u010dni proteini, koji osiguravaju vitalnost i hranjive tvari s oboga\u0107enim vitaminima i esencijalnim aminokiselinama za vrhunsku u\u010dinkovitost.<\/p>\n<p>\u25cf\u00a0<strong>IZVANREDNA MO\u0106 \u010cI\u0160\u0106ENJA<\/strong>\u00a0\u2013 Dubinsko \u010di\u0161\u0107enje i superiorna otpornost obnavljaju i \u010duvaju prirodnu boju i teksturu dlake. Optimalan sadr\u017eaj vode od \u010dempresa i razni biljni ekstrakti + ulje jojobe, kamelije i argana pru\u017eaju savr\u0161enu ravnote\u017eu za pobolj\u0161ano i maksimalno upravljanje dlakom.<\/p>\n<p>\u25cf\u00a0<strong>INTENZIVAN VOLUMEN + LAKO RA\u0160\u010cE\u0160LJAVANJE + SMANJENO VRIJEME SU\u0160ENJA<\/strong>\u00a0\u2013 Lako raspetljava dlaku bez o\u0161te\u0107enja. Drasti\u010dno pove\u0107ava volumen i stvara dugotrajan bogat volumen i vrhunsku teksturu, \u0161to rezultira debljom, punijom, mek\u0161om i lak\u0161om dlakom, koja omogu\u0107ava jednostavno \u010detkanje i \u0161i\u0161anje za sjaj koji je vrijedan izlo\u017ebe.<\/p>\n<p>[U\u010dinci i prednosti] \u010cisti i \u0161titi dlaku ljubimca.<\/p>\n<p>[Uporaba i doziranje] Navla\u017eite dlaku ljubimca mlakom vodom, nanesite odgovaraju\u0107u koli\u010dinu \u0161ampona, zapjenite, nje\u017eno umasirajte u dlaku i temeljito isperite. Razrijedite vodu i \u0161ampon u omjeru 20:1 za bogatiji volumen.<\/p>\n","protected":false},"excerpt":{"rendered":"<p>HYPONIC-ova najnovija inovacija za savr\u0161eni show jedinstvena je i neusporediva u svim aspektima. Izvrsno \u010di\u0161\u0107enje i otpornost pobolj\u0161avaju i \u010duvaju boju i teksturu dlake za dugotrajan volumen, odr\u017eavaju\u0107i dlaku u najboljem mogu\u0107em stanju. Mekana i lagana kvaliteta dlake u\u010dinit \u0107e show savr\u0161enim, sjaje\u0107i jo\u0161 sjajnije.<\/p>\n","protected":false},"featured_media":14437,"template":"","meta":[],"product_brand":[579],"product_cat":[412,590],"product_tag":[],"class_list":{"0":"post-21276","1":"product","2":"type-product","3":"status-publish","4":"has-post-thumbnail","6":"product_brand-hyponic","7":"product_cat-kozmetika-hr","8":"product_cat-samponihr","10":"first","11":"instock","12":"taxable","13":"shipping-taxable","14":"purchasable","15":"product-type-simple"},"_links":{"self":[{"href":"https:\/\/www.anja-petshop.si\/hr\/wp-json\/wp\/v2\/product\/21276","targetHints":{"allow":["GET"]}}],"collection":[{"href":"https:\/\/www.anja-petshop.si\/hr\/wp-json\/wp\/v2\/product"}],"about":[{"href":"https:\/\/www.anja-petshop.si\/hr\/wp-json\/wp\/v2\/types\/product"}],"wp:featuredmedia":[{"embeddable":true,"href":"https:\/\/www.anja-petshop.si\/hr\/wp-json\/wp\/v2\/media\/14437"}],"wp:attachment":[{"href":"https:\/\/www.anja-petshop.si\/hr\/wp-json\/wp\/v2\/media?parent=21276"}],"wp:term":[{"taxonomy":"product_brand","embeddable":true,"href":"https:\/\/www.anja-petshop.si\/hr\/wp-json\/wp\/v2\/product_brand?post=21276"},{"taxonomy":"product_cat","embeddable":true,"href":"https:\/\/www.anja-petshop.si\/hr\/wp-json\/wp\/v2\/product_cat?post=21276"},{"taxonomy":"product_tag","embeddable":true,"href":"https:\/\/www.anja-petshop.si\/hr\/wp-json\/wp\/v2\/product_tag?post=21276"}],"curies":[{"name":"wp","href":"https:\/\/api.w.org\/{rel}","templated":true}]}}