{"id":21240,"date":"2024-10-14T08:29:39","date_gmt":"2024-10-14T08:29:39","guid":{"rendered":"https:\/\/www.anja-petshop.si\/?product=madan-velika-pin-krtaca-22-mm"},"modified":"2025-04-14T19:37:30","modified_gmt":"2025-04-14T19:37:30","slug":"madan-velika-pin-krtaca-22-mm","status":"publish","type":"product","link":"https:\/\/www.anja-petshop.si\/hr\/proizvod\/madan-velika-pin-krtaca-22-mm\/","title":{"rendered":"Madan velika pin \u010detka 22 mm"},"content":{"rendered":"","protected":false},"excerpt":{"rendered":"<p>Profesionalna, izuzetno lagana \u010detka za njegu \u017eivotinjske dlake. Neophodna je za svakodnevno \u010detkanje ve\u0107ine vrsta dlake. Ergonomska dr\u0161ka savr\u0161eno le\u017ei u ruci i ima gumeni umetak koji spre\u010dava klizanje tijekom \u010detkanja. Madan velika pin \u010detka namijenjena je srednjim i ve\u0107im pasminama i savr\u0161eno se koristi tijekom izlo\u017ebi i natjecanja. U sredini jastu\u010di\u0107a nalaze se dvije rupice koje omogu\u0107uju slobodan protok zraka. Velike \u010detke su definitivno mek\u0161e od manjeg modela. Njihovu \u010dvrsto\u0107u definiramo kao mek\u0161u, ali svaka \u010detka mo\u017ee biti malo druga\u010dija. Dostupna je u 3 boje, pri \u010demu je crna boja ne\u0161to tvr\u0111a od ostalih. Preporu\u010duju i koriste je mnogi groomeri i uzgajiva\u010di diljem svijeta.<\/p>\n","protected":false},"featured_media":14401,"template":"","meta":[],"product_brand":[570],"product_cat":[422,419],"product_tag":[353,354,357],"class_list":{"0":"post-21240","1":"product","2":"type-product","3":"status-publish","4":"has-post-thumbnail","6":"product_brand-madan","7":"product_cat-cetke","8":"product_cat-njega","9":"product_tag-brush","10":"product_tag-krtaca","11":"product_tag-madan","13":"first","14":"outofstock","15":"taxable","16":"shipping-taxable","17":"purchasable","18":"product-type-simple"},"_links":{"self":[{"href":"https:\/\/www.anja-petshop.si\/hr\/wp-json\/wp\/v2\/product\/21240","targetHints":{"allow":["GET"]}}],"collection":[{"href":"https:\/\/www.anja-petshop.si\/hr\/wp-json\/wp\/v2\/product"}],"about":[{"href":"https:\/\/www.anja-petshop.si\/hr\/wp-json\/wp\/v2\/types\/product"}],"wp:featuredmedia":[{"embeddable":true,"href":"https:\/\/www.anja-petshop.si\/hr\/wp-json\/wp\/v2\/media\/14401"}],"wp:attachment":[{"href":"https:\/\/www.anja-petshop.si\/hr\/wp-json\/wp\/v2\/media?parent=21240"}],"wp:term":[{"taxonomy":"product_brand","embeddable":true,"href":"https:\/\/www.anja-petshop.si\/hr\/wp-json\/wp\/v2\/product_brand?post=21240"},{"taxonomy":"product_cat","embeddable":true,"href":"https:\/\/www.anja-petshop.si\/hr\/wp-json\/wp\/v2\/product_cat?post=21240"},{"taxonomy":"product_tag","embeddable":true,"href":"https:\/\/www.anja-petshop.si\/hr\/wp-json\/wp\/v2\/product_tag?post=21240"}],"curies":[{"name":"wp","href":"https:\/\/api.w.org\/{rel}","templated":true}]}}