{"id":21192,"date":"2024-10-14T08:10:18","date_gmt":"2024-10-14T08:10:18","guid":{"rendered":"https:\/\/www.anja-petshop.si\/?product=madan-pin-krtaca-22-mm"},"modified":"2025-04-14T19:37:42","modified_gmt":"2025-04-14T19:37:42","slug":"madan-pin-krtaca-22-mm","status":"publish","type":"product","link":"https:\/\/www.anja-petshop.si\/hr\/proizvod\/madan-pin-krtaca-22-mm\/","title":{"rendered":"Madan Pin \u010detka 22 mm"},"content":{"rendered":"","protected":false},"excerpt":{"rendered":"<p>Madan pravokutna \u010detka s iglicama je profesionalna, izuzetno lagana \u010detka za njegu dlake ku\u0107nih ljubimaca. Neophodna je za svakodnevno \u010de\u0161ljanje ve\u0107ine vrsta dlake. Ergonomska dr\u0161ka savr\u0161eno le\u017ei u ruci i ima gumeni umetak koji sprje\u010dava klizanje tijekom \u010de\u0161ljanja. Model Madan pravokutna \u010detka s iglicama je izdu\u017een i namijenjen kako manjim tako i ve\u0107im pasminama. Na sredini jastu\u010di\u0107a nalaze se dva otvora koja omogu\u0107uju slobodan protok zraka. Dostupna je u 4 boje. Preporu\u010duju je i koriste brojni groomeri i uzgajiva\u010di diljem svijeta.<br \/>\nNapomena: Navedena tvrdo\u0107a \u010detki je okvirna i mo\u017ee se neznatno razlikovati.<br \/>\nNaran\u010dasta &#8211; mekanaRoza &#8211; mekanaLjubi\u010dasta &#8211; mekanaCrna &#8211; srednje tvrda<\/p>\n","protected":false},"featured_media":14353,"template":"","meta":[],"product_brand":[570],"product_cat":[422,419],"product_tag":[353,354,357],"class_list":{"0":"post-21192","1":"product","2":"type-product","3":"status-publish","4":"has-post-thumbnail","6":"product_brand-madan","7":"product_cat-cetke","8":"product_cat-njega","9":"product_tag-brush","10":"product_tag-krtaca","11":"product_tag-madan","13":"first","14":"outofstock","15":"taxable","16":"shipping-taxable","17":"purchasable","18":"product-type-simple"},"_links":{"self":[{"href":"https:\/\/www.anja-petshop.si\/hr\/wp-json\/wp\/v2\/product\/21192","targetHints":{"allow":["GET"]}}],"collection":[{"href":"https:\/\/www.anja-petshop.si\/hr\/wp-json\/wp\/v2\/product"}],"about":[{"href":"https:\/\/www.anja-petshop.si\/hr\/wp-json\/wp\/v2\/types\/product"}],"wp:featuredmedia":[{"embeddable":true,"href":"https:\/\/www.anja-petshop.si\/hr\/wp-json\/wp\/v2\/media\/14353"}],"wp:attachment":[{"href":"https:\/\/www.anja-petshop.si\/hr\/wp-json\/wp\/v2\/media?parent=21192"}],"wp:term":[{"taxonomy":"product_brand","embeddable":true,"href":"https:\/\/www.anja-petshop.si\/hr\/wp-json\/wp\/v2\/product_brand?post=21192"},{"taxonomy":"product_cat","embeddable":true,"href":"https:\/\/www.anja-petshop.si\/hr\/wp-json\/wp\/v2\/product_cat?post=21192"},{"taxonomy":"product_tag","embeddable":true,"href":"https:\/\/www.anja-petshop.si\/hr\/wp-json\/wp\/v2\/product_tag?post=21192"}],"curies":[{"name":"wp","href":"https:\/\/api.w.org\/{rel}","templated":true}]}}