{"id":21009,"date":"2024-10-03T18:50:52","date_gmt":"2024-10-03T18:50:52","guid":{"rendered":"https:\/\/www.anja-petshop.si\/?product=hydra-vegan-detox-sampon-1l"},"modified":"2024-12-03T14:30:16","modified_gmt":"2024-12-03T14:30:16","slug":"hydra-vegan-detox-sampon-1l","status":"publish","type":"product","link":"https:\/\/www.anja-petshop.si\/hr\/proizvod\/hydra-vegan-detox-sampon-1l\/","title":{"rendered":"Hydra Vegan Detox \u0161ampon 1l"},"content":{"rendered":"<p>Nje\u017eno i u\u010dinkovito \u010disti dlaku.<br \/>Detoksicira ko\u017eu i poti\u010de zdrav rast dlake te sjaj.<br \/>Uravnote\u017euje masnu ko\u017eu.<br \/>Poti\u010de proizvodnju kolagena i elastina za zdravu ko\u017eu.<br \/>Certificirana veganska formula.<br \/>Namijenjeno psima i ma\u010dkama svih pasmina i tipova dlake.<\/p>\n","protected":false},"excerpt":{"rendered":"<p>Hydra Detox \u0161ampon sadr\u017ei antioksidantima bogate ekstrakte matche i \u0111umbira, koji pru\u017eaju intenzivno hidratantno djelovanje za zdrav rast dlake i ravnote\u017eu ko\u017ee.<\/p>\n","protected":false},"featured_media":14170,"template":"","meta":[],"product_brand":[577],"product_cat":[412,590],"product_tag":[],"class_list":{"0":"post-21009","1":"product","2":"type-product","3":"status-publish","4":"has-post-thumbnail","6":"product_brand-hydra","7":"product_cat-kozmetika-hr","8":"product_cat-samponihr","10":"first","11":"instock","12":"taxable","13":"shipping-taxable","14":"purchasable","15":"product-type-simple"},"_links":{"self":[{"href":"https:\/\/www.anja-petshop.si\/hr\/wp-json\/wp\/v2\/product\/21009","targetHints":{"allow":["GET"]}}],"collection":[{"href":"https:\/\/www.anja-petshop.si\/hr\/wp-json\/wp\/v2\/product"}],"about":[{"href":"https:\/\/www.anja-petshop.si\/hr\/wp-json\/wp\/v2\/types\/product"}],"wp:featuredmedia":[{"embeddable":true,"href":"https:\/\/www.anja-petshop.si\/hr\/wp-json\/wp\/v2\/media\/14170"}],"wp:attachment":[{"href":"https:\/\/www.anja-petshop.si\/hr\/wp-json\/wp\/v2\/media?parent=21009"}],"wp:term":[{"taxonomy":"product_brand","embeddable":true,"href":"https:\/\/www.anja-petshop.si\/hr\/wp-json\/wp\/v2\/product_brand?post=21009"},{"taxonomy":"product_cat","embeddable":true,"href":"https:\/\/www.anja-petshop.si\/hr\/wp-json\/wp\/v2\/product_cat?post=21009"},{"taxonomy":"product_tag","embeddable":true,"href":"https:\/\/www.anja-petshop.si\/hr\/wp-json\/wp\/v2\/product_tag?post=21009"}],"curies":[{"name":"wp","href":"https:\/\/api.w.org\/{rel}","templated":true}]}}