{"id":20929,"date":"2024-09-20T18:46:23","date_gmt":"2024-09-20T18:46:23","guid":{"rendered":"https:\/\/www.anja-petshop.si\/?product=artero-sprej-matt-x-300-ml"},"modified":"2024-10-28T07:43:50","modified_gmt":"2024-10-28T07:43:50","slug":"artero-sprej-matt-x-300-ml","status":"publish","type":"product","link":"https:\/\/www.anja-petshop.si\/hr\/proizvod\/artero-sprej-matt-x-300-ml\/","title":{"rendered":"ARTERO Sprej Matt-X 300 ml"},"content":{"rendered":"<div class=\"flex max-w-full flex-col flex-grow\">\n<div class=\"min-h-[20px] text-message flex w-full flex-col items-end gap-2 whitespace-normal break-words [.text-message+&amp;]:mt-5\">\n<div class=\"flex w-full flex-col gap-1 empty:hidden first:pt-[3px]\">\n<div class=\"markdown prose w-full break-words dark:prose-invert light\">\n<p>\u010cini dlaku sjajnom i glatkom. Mo\u017ee se koristiti na mokroj ili suhoj dlaci.<\/p>\n<p>Ne sadr\u017ei aerosol.<\/p>\n<p><strong>Upute za uporabu:<\/strong><br \/>Nanesite sprej na zapetljano podru\u010dje s udaljenosti od pribli\u017eno 30 cm. Zatim ra\u0161\u010de\u0161ljajte \u010dvor odgovaraju\u0107om \u010detkom ili \u010de\u0161ljem.<\/p>\n<\/div>\n<\/div>\n<\/div>\n<\/div>\n","protected":false},"excerpt":{"rendered":"<p>Prikladan za pse i ma\u010dkeOlak\u0161ava ra\u0161\u010de\u0161ljavanje \u010dvorovaNe masti dlaku\u0160titi dlaku od lomljenjaBrza i jednostavna primjenaDjeluje antistati\u010dnoPakiranje: 300 ml<\/p>\n","protected":false},"featured_media":14090,"template":"","meta":[],"product_brand":[123],"product_cat":[412,597],"product_tag":[],"class_list":{"0":"post-20929","1":"product","2":"type-product","3":"status-publish","4":"has-post-thumbnail","6":"product_brand-artero","7":"product_cat-kozmetika-hr","8":"product_cat-sprejevi","10":"first","11":"outofstock","12":"taxable","13":"shipping-taxable","14":"purchasable","15":"product-type-simple"},"_links":{"self":[{"href":"https:\/\/www.anja-petshop.si\/hr\/wp-json\/wp\/v2\/product\/20929","targetHints":{"allow":["GET"]}}],"collection":[{"href":"https:\/\/www.anja-petshop.si\/hr\/wp-json\/wp\/v2\/product"}],"about":[{"href":"https:\/\/www.anja-petshop.si\/hr\/wp-json\/wp\/v2\/types\/product"}],"wp:featuredmedia":[{"embeddable":true,"href":"https:\/\/www.anja-petshop.si\/hr\/wp-json\/wp\/v2\/media\/14090"}],"wp:attachment":[{"href":"https:\/\/www.anja-petshop.si\/hr\/wp-json\/wp\/v2\/media?parent=20929"}],"wp:term":[{"taxonomy":"product_brand","embeddable":true,"href":"https:\/\/www.anja-petshop.si\/hr\/wp-json\/wp\/v2\/product_brand?post=20929"},{"taxonomy":"product_cat","embeddable":true,"href":"https:\/\/www.anja-petshop.si\/hr\/wp-json\/wp\/v2\/product_cat?post=20929"},{"taxonomy":"product_tag","embeddable":true,"href":"https:\/\/www.anja-petshop.si\/hr\/wp-json\/wp\/v2\/product_tag?post=20929"}],"curies":[{"name":"wp","href":"https:\/\/api.w.org\/{rel}","templated":true}]}}