{"id":20857,"date":"2024-09-20T17:13:15","date_gmt":"2024-09-20T17:13:15","guid":{"rendered":"https:\/\/www.anja-petshop.si\/?product=double-k-ultimate-sampon-38l"},"modified":"2025-05-12T05:13:48","modified_gmt":"2025-05-12T05:13:48","slug":"double-k-ultimate-sampon-38l","status":"publish","type":"product","link":"https:\/\/www.anja-petshop.si\/hr\/proizvod\/double-k-ultimate-sampon-38l\/","title":{"rendered":"Double K Ultimate \u0160ampon 3,8l"},"content":{"rendered":"<p>ULTIMATE\u00ae je odli\u010dan izbor za naj\u0161iri raspon tipova dlake. Sa svojim izvanrednim svojstvima \u010disti \u010dak i najtvrdokorniju prljav\u0161tinu i neutralizira neugodan miris dlake.<br \/>Zbog sadr\u017eaja hidratantnih sastojaka, prikladan je za svakodnevnu upotrebu. Kondicionira dlaku i daje joj sjaj. Izvrsna opcija za pse, ma\u010dke, \u0161tence, konje i druge ku\u0107ne ljubimce.<\/p>\n<p><strong>Koncentrat:<\/strong>\u00a0Razrje\u0111uje se s vodom u omjeru 1:50<\/p>\n<p><strong>Upute za uporabu:<\/strong><br \/>Pripremite \u0161ampon tako da pomije\u0161ate 1 dio \u0161ampona s 50 dijelova tople vode (najlak\u0161e u boci ili shakeru). Navla\u017eite \u017eivotinju toplom vodom. Nanesite \u0161ampon na dlaku i dobro ga utrljajte dok ne nastane bogata pjena. Pazite da \u0161ampon ne do\u0111e u kontakt s o\u010dima. Za maksimalnu u\u010dinkovitost ostavite \u0161ampon da djeluje 5 minuta. Zatim temeljito isperite.<\/p>\n","protected":false},"excerpt":{"rendered":"<p>Prvoklasni \u0161ampon za dubinsko \u010di\u0161\u0107enje i volumen u ekstremnoj koncentraciji<br \/>\nPrikladan za pse, ma\u010dke i druge doma\u0107e \u017eivotinjePrikladan za svakodnevnu upotrebuPrikladan za sve tipove dlakeDubinsko \u010di\u0161\u0107enje i volumen u jednomPobolj\u0161ava kvalitetu dlake, \u010dini je sjajnom i daje volumenNeutralizira neugodne mirise dlakeKoncentrat 1:50Pakiranje: 0,24 L i 3,8 L<\/p>\n","protected":false},"featured_media":14018,"template":"","meta":[],"product_brand":[569],"product_cat":[412,590],"product_tag":[],"class_list":{"0":"post-20857","1":"product","2":"type-product","3":"status-publish","4":"has-post-thumbnail","6":"product_brand-double-k","7":"product_cat-kozmetika-hr","8":"product_cat-samponihr","10":"first","11":"instock","12":"taxable","13":"shipping-taxable","14":"purchasable","15":"product-type-simple"},"_links":{"self":[{"href":"https:\/\/www.anja-petshop.si\/hr\/wp-json\/wp\/v2\/product\/20857","targetHints":{"allow":["GET"]}}],"collection":[{"href":"https:\/\/www.anja-petshop.si\/hr\/wp-json\/wp\/v2\/product"}],"about":[{"href":"https:\/\/www.anja-petshop.si\/hr\/wp-json\/wp\/v2\/types\/product"}],"wp:featuredmedia":[{"embeddable":true,"href":"https:\/\/www.anja-petshop.si\/hr\/wp-json\/wp\/v2\/media\/14018"}],"wp:attachment":[{"href":"https:\/\/www.anja-petshop.si\/hr\/wp-json\/wp\/v2\/media?parent=20857"}],"wp:term":[{"taxonomy":"product_brand","embeddable":true,"href":"https:\/\/www.anja-petshop.si\/hr\/wp-json\/wp\/v2\/product_brand?post=20857"},{"taxonomy":"product_cat","embeddable":true,"href":"https:\/\/www.anja-petshop.si\/hr\/wp-json\/wp\/v2\/product_cat?post=20857"},{"taxonomy":"product_tag","embeddable":true,"href":"https:\/\/www.anja-petshop.si\/hr\/wp-json\/wp\/v2\/product_tag?post=20857"}],"curies":[{"name":"wp","href":"https:\/\/api.w.org\/{rel}","templated":true}]}}