{"id":20785,"date":"2024-09-19T13:21:28","date_gmt":"2024-09-19T13:21:28","guid":{"rendered":"https:\/\/www.anja-petshop.si\/?product=double-k-grimeinator-sampon-38-l"},"modified":"2025-09-18T13:10:14","modified_gmt":"2025-09-18T13:10:14","slug":"double-k-grimeinator-sampon-38-l","status":"publish","type":"product","link":"https:\/\/www.anja-petshop.si\/hr\/proizvod\/double-k-grimeinator-sampon-38-l\/","title":{"rendered":"Double K Grimeinator \u0160ampon 3,8 L"},"content":{"rendered":"<div class=\"flex max-w-full flex-col flex-grow\">\n<div class=\"min-h-[20px] text-message flex w-full flex-col items-end gap-2 whitespace-normal break-words [.text-message+&amp;]:mt-5\">\n<div class=\"flex w-full flex-col gap-1 empty:hidden first:pt-[3px]\">\n<div class=\"markdown prose w-full break-words dark:prose-invert light\">\n<p>Grimeinator je univerzalni \u0161ampon za profesionalnu upotrebu koji poma\u017ee posti\u0107i najbolje rezultate za izlo\u017ebene pse. Tako\u0111er djeluje odli\u010dno na prljavoj dlaci, a preporu\u010duje se i kod \u017eivotinja s izrazito neugodnim mirisom krzna. Ova nje\u017ena formula vla\u017ei ko\u017eu i obnavlja dlaku \u2013 mo\u017ee se koristiti svakodnevno. Nakon upotrebe dlaka je sjajna i lak\u0161a za njegu. \u0160ampon je odli\u010dan za pse, ma\u010dke, konje i druge doma\u0107e \u017eivotinje.<\/p>\n<p><strong>Upute za upotrebu:<\/strong>\u00a0Pripremite \u0161ampon tako da pomije\u0161ate 1 dio \u0161ampona s 32 dijela tople vode (najlak\u0161e u boci ili shakeru). \u017divotinju namo\u010dite toplom vodom. Nanesite \u0161ampon na dlaku i dobro utrljajte da se stvori bogata pjena. Za maksimalnu u\u010dinkovitost, ostavite \u0161ampon da djeluje 5 minuta. Zatim temeljito isperite. Ako je \u017eivotinja vrlo prljava, mo\u017eete ponoviti postupak.<\/p>\n<\/div>\n<\/div>\n<\/div>\n<\/div>\n","protected":false},"excerpt":{"rendered":"<p>Grimeinator\u00ae \u0161ampon za \u017eivotinje za svestrano i dubinsko \u010di\u0161\u0107enje.<br \/>\nPogodan za pse, ma\u010dke i druge doma\u0107e \u017eivotinje.Svestrani \u0161ampon za svakodnevnu upotrebu.Sadr\u017ei hidratantno sredstvo.Za mekanu i mirisnu dlaku.Koncentrat 1:32.Pakiranje: 3,8 L<\/p>\n","protected":false},"featured_media":13946,"template":"","meta":[],"product_brand":[569],"product_cat":[412,590],"product_tag":[],"class_list":{"0":"post-20785","1":"product","2":"type-product","3":"status-publish","4":"has-post-thumbnail","6":"product_brand-double-k","7":"product_cat-kozmetika-hr","8":"product_cat-samponihr","10":"first","11":"outofstock","12":"taxable","13":"shipping-taxable","14":"purchasable","15":"product-type-simple"},"_links":{"self":[{"href":"https:\/\/www.anja-petshop.si\/hr\/wp-json\/wp\/v2\/product\/20785","targetHints":{"allow":["GET"]}}],"collection":[{"href":"https:\/\/www.anja-petshop.si\/hr\/wp-json\/wp\/v2\/product"}],"about":[{"href":"https:\/\/www.anja-petshop.si\/hr\/wp-json\/wp\/v2\/types\/product"}],"wp:featuredmedia":[{"embeddable":true,"href":"https:\/\/www.anja-petshop.si\/hr\/wp-json\/wp\/v2\/media\/13946"}],"wp:attachment":[{"href":"https:\/\/www.anja-petshop.si\/hr\/wp-json\/wp\/v2\/media?parent=20785"}],"wp:term":[{"taxonomy":"product_brand","embeddable":true,"href":"https:\/\/www.anja-petshop.si\/hr\/wp-json\/wp\/v2\/product_brand?post=20785"},{"taxonomy":"product_cat","embeddable":true,"href":"https:\/\/www.anja-petshop.si\/hr\/wp-json\/wp\/v2\/product_cat?post=20785"},{"taxonomy":"product_tag","embeddable":true,"href":"https:\/\/www.anja-petshop.si\/hr\/wp-json\/wp\/v2\/product_tag?post=20785"}],"curies":[{"name":"wp","href":"https:\/\/api.w.org\/{rel}","templated":true}]}}