{"id":20761,"date":"2024-09-19T12:54:15","date_gmt":"2024-09-19T12:54:15","guid":{"rendered":"https:\/\/www.anja-petshop.si\/?product=double-k-dynamic-duo-sampon-regenerator-473-ml"},"modified":"2024-10-28T07:03:38","modified_gmt":"2024-10-28T07:03:38","slug":"double-k-dynamic-duo-sampon-regenerator-473-ml","status":"publish","type":"product","link":"https:\/\/www.anja-petshop.si\/hr\/proizvod\/double-k-dynamic-duo-sampon-regenerator-473-ml\/","title":{"rendered":"Double K Dynamic Duo \u0161ampon\/regenerator 473 ml"},"content":{"rendered":"<p>Dynamic Duo je profesionalni proizvod 2 u 1: bogat \u0161ampon i hidratantni regenerator. Nakon kupanja s Dynamic Duo nije potrebna dodatna upotreba regeneratora.<br \/>Luksuzna formula dobro se pjeni i lako ispire. Omogu\u0107uje lak\u0161e \u010de\u0161ljanje, a dlaka postaje mekana i sjajna. Dynamic Duo je blag, s pH prilago\u0111enim za \u017eivotinje. Oboga\u0107en alojom, pantenolom i vitaminom E \u2013 nje\u017eno \u010disti i istovremeno odr\u017eava prirodnu vla\u017enost ko\u017ee i dlake. \u0160ampon je izvrstan za pse, ma\u010dke, \u0161tenad i ma\u010di\u0107e, konje i druge doma\u0107e \u017eivotinje.<\/p>\n<p><strong>Koncentrat:<\/strong>\u00a0Razrje\u0111uje se vodom u omjeru 1:32.<\/p>\n<p><strong>Upute za upotrebu:<\/strong> Pripremite proizvod tako da pomije\u0161ate 1 dio \u0161ampona s 15 dijelova tople vode (najlak\u0161e u boci ili shakeru). \u017divotinju navla\u017eite toplom vodom. Nanesite smjesu na dlaku i dobro utrljajte. Pazite da ne do\u0111e u dodir s o\u010dima. Za maksimalnu u\u010dinkovitost, ostavite proizvod da djeluje 5 minuta. Zatim temeljito isperite. Ako je \u017eivotinja jako prljava, mo\u017eete ponoviti postupak.<\/p>\n","protected":false},"excerpt":{"rendered":"<p>Profesionalna formula 2 u 1: kombinacija \u0161ampona i hidratantnog regeneratora u jednom proizvodu.<br \/>\nPogodan za pse, ma\u010dke i druge doma\u0107e \u017eivotinje.Bogat \u0161ampon sa super regeneratorom.Oboga\u0107en pantenolom, alojom i vitaminom E.Dobro se ispire.\u010cini dlaku sjajnom.Koncentrat 1:15.Pakiranje: 0,24 i 3,8 l.<\/p>\n","protected":false},"featured_media":13922,"template":"","meta":[],"product_brand":[569],"product_cat":[412,590],"product_tag":[],"class_list":{"0":"post-20761","1":"product","2":"type-product","3":"status-publish","4":"has-post-thumbnail","6":"product_brand-double-k","7":"product_cat-kozmetika-hr","8":"product_cat-samponihr","10":"first","11":"outofstock","12":"taxable","13":"shipping-taxable","14":"purchasable","15":"product-type-simple"},"_links":{"self":[{"href":"https:\/\/www.anja-petshop.si\/hr\/wp-json\/wp\/v2\/product\/20761","targetHints":{"allow":["GET"]}}],"collection":[{"href":"https:\/\/www.anja-petshop.si\/hr\/wp-json\/wp\/v2\/product"}],"about":[{"href":"https:\/\/www.anja-petshop.si\/hr\/wp-json\/wp\/v2\/types\/product"}],"wp:featuredmedia":[{"embeddable":true,"href":"https:\/\/www.anja-petshop.si\/hr\/wp-json\/wp\/v2\/media\/13922"}],"wp:attachment":[{"href":"https:\/\/www.anja-petshop.si\/hr\/wp-json\/wp\/v2\/media?parent=20761"}],"wp:term":[{"taxonomy":"product_brand","embeddable":true,"href":"https:\/\/www.anja-petshop.si\/hr\/wp-json\/wp\/v2\/product_brand?post=20761"},{"taxonomy":"product_cat","embeddable":true,"href":"https:\/\/www.anja-petshop.si\/hr\/wp-json\/wp\/v2\/product_cat?post=20761"},{"taxonomy":"product_tag","embeddable":true,"href":"https:\/\/www.anja-petshop.si\/hr\/wp-json\/wp\/v2\/product_tag?post=20761"}],"curies":[{"name":"wp","href":"https:\/\/api.w.org\/{rel}","templated":true}]}}