{"id":20584,"date":"2024-09-16T10:37:11","date_gmt":"2024-09-16T10:37:11","guid":{"rendered":"https:\/\/www.anja-petshop.si\/?product=chrius"},"modified":"2025-05-12T10:46:09","modified_gmt":"2025-05-12T10:46:09","slug":"chrius","status":"publish","type":"product","link":"https:\/\/www.anja-petshop.si\/hr\/proizvod\/chrius\/","title":{"rendered":"Chris Christensen Pro-Line Fair Advantage \u0160ampon i balzam 3.8 l"},"content":{"rendered":"<p><strong>Upute:<\/strong><br \/>Temeljito navla\u017eite dlaku. Nanesite dovoljno \u0161ampona kako biste dobili dovoljno pjene. Nje\u017eno umasirajte. Za dodatnu njegu i pove\u0107anje volumena, ostavite \u0161ampon na dlaci 2 do 4 minute. Dobro isperite. Ponovite nano\u0161enje ako je dlaka jako prljava ili prekrivena sprejom. Za o\u0161te\u0107enu dlaku kojoj je potrebna posebna pa\u017enja, zavr\u0161ite s\u00a0<strong>Chris Christensen System&#8217;s Spectrum Ten Hydro Pac intenzivnim tretmanom.<\/strong><\/p>\n","protected":false},"excerpt":{"rendered":"<p>ProLine Fair Advantage \u0161ampon\u00a0je \u0161ampon i regenerator u jednom, koji smanjuje stati\u010dki elektricitet, poma\u017ee pri vla\u017eenju, pove\u0107ava volumen i poma\u017ee sprije\u010diti lomljenje dlake. Ovaj premium \u0161ampon za volumen daje senzacionalnu puno\u0107u, luksuzni volumen i sjaj s vibrantnim sjajem. Ovaj \u0161ampon za njegu duboko \u010disti bez uklanjanja prirodnih ulja iz dlake.<\/p>\n<p>Isperite potpuno \u010disto<br \/>\nEliminira suho\u0107u i stati\u010dki elektricitet<\/p>\n","protected":false},"featured_media":13733,"template":"","meta":[],"product_brand":[567],"product_cat":[412,590],"product_tag":[],"class_list":{"0":"post-20584","1":"product","2":"type-product","3":"status-publish","4":"has-post-thumbnail","6":"product_brand-chris-christensen","7":"product_cat-kozmetika-hr","8":"product_cat-samponihr","10":"first","11":"instock","12":"taxable","13":"shipping-taxable","14":"purchasable","15":"product-type-simple"},"_links":{"self":[{"href":"https:\/\/www.anja-petshop.si\/hr\/wp-json\/wp\/v2\/product\/20584","targetHints":{"allow":["GET"]}}],"collection":[{"href":"https:\/\/www.anja-petshop.si\/hr\/wp-json\/wp\/v2\/product"}],"about":[{"href":"https:\/\/www.anja-petshop.si\/hr\/wp-json\/wp\/v2\/types\/product"}],"wp:featuredmedia":[{"embeddable":true,"href":"https:\/\/www.anja-petshop.si\/hr\/wp-json\/wp\/v2\/media\/13733"}],"wp:attachment":[{"href":"https:\/\/www.anja-petshop.si\/hr\/wp-json\/wp\/v2\/media?parent=20584"}],"wp:term":[{"taxonomy":"product_brand","embeddable":true,"href":"https:\/\/www.anja-petshop.si\/hr\/wp-json\/wp\/v2\/product_brand?post=20584"},{"taxonomy":"product_cat","embeddable":true,"href":"https:\/\/www.anja-petshop.si\/hr\/wp-json\/wp\/v2\/product_cat?post=20584"},{"taxonomy":"product_tag","embeddable":true,"href":"https:\/\/www.anja-petshop.si\/hr\/wp-json\/wp\/v2\/product_tag?post=20584"}],"curies":[{"name":"wp","href":"https:\/\/api.w.org\/{rel}","templated":true}]}}