{"id":20557,"date":"2024-09-15T08:47:29","date_gmt":"2024-09-15T08:47:29","guid":{"rendered":"https:\/\/www.anja-petshop.si\/?product=chris-christensen-smartwash50-hydrating-chamomile-sampon-38l"},"modified":"2025-11-26T06:28:56","modified_gmt":"2025-11-26T06:28:56","slug":"chris-christensen-smartwash50-hydrating-chamomile-sampon-38l","status":"publish","type":"product","link":"https:\/\/www.anja-petshop.si\/hr\/proizvod\/chris-christensen-smartwash50-hydrating-chamomile-sampon-38l\/","title":{"rendered":"Chris Christensen Smartwash50 Hydrating Chamomile \u0160ampon 3.8L"},"content":{"rendered":"<p><strong>Upute:<\/strong><br \/>Razrijedite do omjera 50:1. Navla\u017eite dlaku unaprijed. Nanesite direktno na dlaku. Zapjenite nje\u017enim masiranjem kako biste dobili bogatu, luksuznu pjenu. Temeljito isperite. Ponovite po \u017eelji. Za najbolje rezultate koristite odgovaraju\u0107i regenerator\u00a0<strong>Chris Christensen Systems SmartRinse<\/strong>\u00a0i\u00a0<strong>SmartScent<\/strong>\u00a0kolonjska voda.<\/p><\/p>\n","protected":false},"excerpt":{"rendered":"<p>Chris Christensen SmartWash 50 \u0161ampon\u00a0je ugodnog mirisa i vrlo koncentriran, do omjera 50:1! Formuliran za dubinsko \u010di\u0161\u0107enje bez uklanjanja esencijalnih ulja iz dlake.\u00a0SmartWash 50\u00a0\u0161ampon nje\u017eno, ali u\u010dinkovito uklanja voskove, ulja, smole i naslage s dlake, ostavljaju\u0107i dlaku svje\u017eom, zdravom, sjajnom i mirisnom!<\/p>\n<p>Mo\u017ee se razrijediti do omjera 50:1 (MORA se razrijediti barem 25:1 \u2013 nemojte koristiti nerazrije\u0111eno)<br \/>\nPogodno za sve vrste dlake<br \/>\nIdealno za sve strojeve za kupanje<br \/>\nSigurno za upotrebu na psima i ma\u010dkama<br \/>\nSvje\u017ei mirisi su blagi i nenametljivi<br \/>\nProizvedeno u SAD-u<\/p>\n","protected":false},"featured_media":13712,"template":"","meta":[],"product_brand":[567],"product_cat":[412,590],"product_tag":[],"class_list":{"0":"post-20557","1":"product","2":"type-product","3":"status-publish","4":"has-post-thumbnail","6":"product_brand-chris-christensen","7":"product_cat-kozmetika-hr","8":"product_cat-samponihr","10":"first","11":"outofstock","12":"taxable","13":"shipping-taxable","14":"purchasable","15":"product-type-simple"},"_links":{"self":[{"href":"https:\/\/www.anja-petshop.si\/hr\/wp-json\/wp\/v2\/product\/20557","targetHints":{"allow":["GET"]}}],"collection":[{"href":"https:\/\/www.anja-petshop.si\/hr\/wp-json\/wp\/v2\/product"}],"about":[{"href":"https:\/\/www.anja-petshop.si\/hr\/wp-json\/wp\/v2\/types\/product"}],"wp:featuredmedia":[{"embeddable":true,"href":"https:\/\/www.anja-petshop.si\/hr\/wp-json\/wp\/v2\/media\/13712"}],"wp:attachment":[{"href":"https:\/\/www.anja-petshop.si\/hr\/wp-json\/wp\/v2\/media?parent=20557"}],"wp:term":[{"taxonomy":"product_brand","embeddable":true,"href":"https:\/\/www.anja-petshop.si\/hr\/wp-json\/wp\/v2\/product_brand?post=20557"},{"taxonomy":"product_cat","embeddable":true,"href":"https:\/\/www.anja-petshop.si\/hr\/wp-json\/wp\/v2\/product_cat?post=20557"},{"taxonomy":"product_tag","embeddable":true,"href":"https:\/\/www.anja-petshop.si\/hr\/wp-json\/wp\/v2\/product_tag?post=20557"}],"curies":[{"name":"wp","href":"https:\/\/api.w.org\/{rel}","templated":true}]}}