{"id":20464,"date":"2024-09-15T08:04:03","date_gmt":"2024-09-15T08:04:03","guid":{"rendered":"https:\/\/www.anja-petshop.si\/?product=chris-christensen-red-on-red-sampon-473-ml"},"modified":"2025-08-15T15:14:37","modified_gmt":"2025-08-15T15:14:37","slug":"chris-christensen-red-on-red-sampon-473-ml","status":"publish","type":"product","link":"https:\/\/www.anja-petshop.si\/hr\/proizvod\/chris-christensen-red-on-red-sampon-473-ml\/","title":{"rendered":"Chris Christensen Red on Red \u0160ampon 473 ml"},"content":{"rendered":"<p>ZA ODSJAJE MAHAGONIJA pomije\u0161ajte 1 dio\u00a0<strong>Black on Black<\/strong>, 1 dio\u00a0<strong>Red on Red<\/strong>, 1 dio\u00a0<strong>Gold on Gold<\/strong>.<\/p>\n<p>ZA DUBOKE ODSJAJE MAHAGONIJA pomije\u0161ajte 2 dijela\u00a0<strong>Black on Black<\/strong>, 1 dio\u00a0<strong>Red on Red<\/strong>, 1 dio\u00a0<strong>Gold on Gold<\/strong>.<\/p>\n<p>ZA ZLATNE ODSJAJE MAHAGONIJA pomije\u0161ajte 2 dijela\u00a0<strong>Black on Black<\/strong>, 2 dijela\u00a0<strong>Red on Red<\/strong>, 1 dio\u00a0<strong>Gold on Gold<\/strong>.<\/p>\n<p><strong>Upute za uporabu<\/strong><br \/>Prethodno navla\u017eite dlaku. Nanesite izravno na dlaku, ne razrje\u0111ujte. Zapjenite proizvod. Ostavite na dlaci 5 do 10 minuta. Temeljito isperite. Kod jako izblijedjele ili o\u0161te\u0107ene dlake ponovite postupak. Za njegu dlake nakon\u00a0<strong>Red on Red<\/strong>tretmana koristite jedan od balzama iz linije Chris Christensen Systems.<\/p>\n","protected":false},"excerpt":{"rendered":"<p>Chris Christensen Red on Red \u0161ampon\u00a0\u0107e vratiti dlaku u njenu prirodnu boju i standard s beskompromisnim rezultatima.\u00a0Red on Red\u00a0je tretman unutar \u0161ampona za oboga\u0107ivanje crvenih tonova boje. Duboko prodiru\u0107e djelovanje obnavlja crveni pigment ispod kutikule bez upotrebe o\u0161trih ili kausti\u010dnih kemikalija zahvaljuju\u0107i svojoj maloj molekularnoj strukturi.<\/p>\n<p>Neutralizira ne\u017eeljene mrlje koje \u010di\u0161\u0107enje ne uklanja<br \/>\nNe boji vanjski sloj dlake<br \/>\nNije boja<br \/>\nSigurno za pse i ma\u010dke<br \/>\nTraje do 4 tjedna i ne prenosi se na ko\u017eu ili tkanine<br \/>\nProizvedeno u SAD-u<\/p>\n","protected":false},"featured_media":13619,"template":"","meta":[],"product_brand":[567],"product_cat":[412,590],"product_tag":[],"class_list":{"0":"post-20464","1":"product","2":"type-product","3":"status-publish","4":"has-post-thumbnail","6":"product_brand-chris-christensen","7":"product_cat-kozmetika-hr","8":"product_cat-samponihr","10":"first","11":"instock","12":"taxable","13":"shipping-taxable","14":"purchasable","15":"product-type-simple"},"_links":{"self":[{"href":"https:\/\/www.anja-petshop.si\/hr\/wp-json\/wp\/v2\/product\/20464","targetHints":{"allow":["GET"]}}],"collection":[{"href":"https:\/\/www.anja-petshop.si\/hr\/wp-json\/wp\/v2\/product"}],"about":[{"href":"https:\/\/www.anja-petshop.si\/hr\/wp-json\/wp\/v2\/types\/product"}],"wp:featuredmedia":[{"embeddable":true,"href":"https:\/\/www.anja-petshop.si\/hr\/wp-json\/wp\/v2\/media\/13619"}],"wp:attachment":[{"href":"https:\/\/www.anja-petshop.si\/hr\/wp-json\/wp\/v2\/media?parent=20464"}],"wp:term":[{"taxonomy":"product_brand","embeddable":true,"href":"https:\/\/www.anja-petshop.si\/hr\/wp-json\/wp\/v2\/product_brand?post=20464"},{"taxonomy":"product_cat","embeddable":true,"href":"https:\/\/www.anja-petshop.si\/hr\/wp-json\/wp\/v2\/product_cat?post=20464"},{"taxonomy":"product_tag","embeddable":true,"href":"https:\/\/www.anja-petshop.si\/hr\/wp-json\/wp\/v2\/product_tag?post=20464"}],"curies":[{"name":"wp","href":"https:\/\/api.w.org\/{rel}","templated":true}]}}