{"id":20413,"date":"2024-09-14T14:24:51","date_gmt":"2024-09-14T14:24:51","guid":{"rendered":"https:\/\/www.anja-petshop.si\/?product=chris-christensen-diamond-series-miracle-repair-regenerator-38-l"},"modified":"2025-05-12T10:43:21","modified_gmt":"2025-05-12T10:43:21","slug":"chris-christensen-diamond-series-miracle-repair-regenerator-38-l","status":"publish","type":"product","link":"https:\/\/www.anja-petshop.si\/hr\/proizvod\/chris-christensen-diamond-series-miracle-repair-regenerator-38-l\/","title":{"rendered":"Chris Christensen Diamond Series Miracle Repair Regenerator 3.8 l"},"content":{"rendered":"<p><strong>Upute za upotrebu<\/strong><br \/>Operite dlaku s \u0161amponom\u00a0<strong>Chris Christensen Diamond Series Miracle Repair<\/strong>. Temeljito isperite. Nanesite\u00a0<strong>Miracle Repair<\/strong>\u00a0regenerator izravno na dlaku, nje\u017eno umasirajte prstima. Ostavite na dlaci 1-3 minute. Temeljito isperite. Nastavite s uobi\u010dajenim stiliziranjem.<\/p><\/p>\n","protected":false},"excerpt":{"rendered":"<p>Miracle Repair regenerator, nedavno dodan u liniju profesionalnih \u0161ampona i regeneratora\u00a0Chris Christensen Diamond Series, bogat je antioksidansima i provitaminima, dizajniranima za vra\u0107anje snage lomljivoj dlaci i sprje\u010davanje budu\u0107ih o\u0161te\u0107enja uzrokovanih njegom i okoli\u0161nim \u010dimbenicima.<\/p>\n<p>Za upotrebu na psima i ma\u010dkama<br \/>\nDizajniran za upotrebu s\u00a0Miracle Repair\u00a0\u0161amponom<br \/>\nJa\u010da dlaku protiv o\u0161te\u0107enja<br \/>\nVra\u0107a va\u017enu vlagu dlaci<br \/>\nProvitaminska formula<br \/>\nProizvedeno u SAD-u<\/p>\n","protected":false},"featured_media":13574,"template":"","meta":[],"product_brand":[567],"product_cat":[412,600],"product_tag":[],"class_list":{"0":"post-20413","1":"product","2":"type-product","3":"status-publish","4":"has-post-thumbnail","6":"product_brand-chris-christensen","7":"product_cat-kozmetika-hr","8":"product_cat-regeneratorihr","10":"first","11":"outofstock","12":"taxable","13":"shipping-taxable","14":"purchasable","15":"product-type-simple"},"_links":{"self":[{"href":"https:\/\/www.anja-petshop.si\/hr\/wp-json\/wp\/v2\/product\/20413","targetHints":{"allow":["GET"]}}],"collection":[{"href":"https:\/\/www.anja-petshop.si\/hr\/wp-json\/wp\/v2\/product"}],"about":[{"href":"https:\/\/www.anja-petshop.si\/hr\/wp-json\/wp\/v2\/types\/product"}],"wp:featuredmedia":[{"embeddable":true,"href":"https:\/\/www.anja-petshop.si\/hr\/wp-json\/wp\/v2\/media\/13574"}],"wp:attachment":[{"href":"https:\/\/www.anja-petshop.si\/hr\/wp-json\/wp\/v2\/media?parent=20413"}],"wp:term":[{"taxonomy":"product_brand","embeddable":true,"href":"https:\/\/www.anja-petshop.si\/hr\/wp-json\/wp\/v2\/product_brand?post=20413"},{"taxonomy":"product_cat","embeddable":true,"href":"https:\/\/www.anja-petshop.si\/hr\/wp-json\/wp\/v2\/product_cat?post=20413"},{"taxonomy":"product_tag","embeddable":true,"href":"https:\/\/www.anja-petshop.si\/hr\/wp-json\/wp\/v2\/product_tag?post=20413"}],"curies":[{"name":"wp","href":"https:\/\/api.w.org\/{rel}","templated":true}]}}