{"id":20332,"date":"2024-09-14T09:44:20","date_gmt":"2024-09-14T09:44:20","guid":{"rendered":"https:\/\/www.anja-petshop.si\/?product=chris-christensen-spectrum-one-coarse-rough-coat-regenerator"},"modified":"2025-08-15T15:17:20","modified_gmt":"2025-08-15T15:17:20","slug":"chris-christensen-spectrum-one-coarse-rough-coat-regenerator","status":"publish","type":"product","link":"https:\/\/www.anja-petshop.si\/hr\/proizvod\/chris-christensen-spectrum-one-coarse-rough-coat-regenerator\/","title":{"rendered":"Chris Christensen Spectrum One &#8211; Coarse &#038; Rough Coat Regenerator"},"content":{"rendered":"<p><strong>Upute za uporabu<\/strong><br \/>Nanesite izravno na mokru, \u010distu dlaku (mo\u017ee se razrijediti do 8:1). Nje\u017eno umasirajte u dlaku. Temeljito isperite. Nastavite s oblikovanjem kao i obi\u010dno.<\/p>\n","protected":false},"excerpt":{"rendered":"<p>Chris Christensen Spectrum One regenerator za grubu i tvrdu dlaku\u00a0hidrira i odr\u017eava hidrataciju unutarnjeg korteksa, umjesto da ostaje na povr\u0161ini, za pasmine koje moraju zadr\u017eati \u010dvrstu teksturu \u017ei\u010dane dlake. Odmah mo\u017eete vidjeti zdrav, sjajan kaput, osjetiti \u010dvrstu teksturu i do\u017eivjeti ja\u010du, lak\u0161e upravljivu dlaku. Pru\u017ea njegu i hidrataciju \u010dak i najtvr\u0111im dlakama bez gubitka dragocjene teksture, volumena i puno\u0107e.<\/p>\n<p>Razrje\u0111uje se do 8:1<br \/>\nNjeguje, obnavlja i \u0161titi bez omek\u0161avanja<br \/>\nOboga\u0107en jabu\u010dnim octom koji zadr\u017eava vlagu i obnavlja kutikulu<br \/>\nProizvedeno u SAD-u<\/p>\n","protected":false},"featured_media":13493,"template":"","meta":[],"product_brand":[567],"product_cat":[412,600],"product_tag":[],"class_list":{"0":"post-20332","1":"product","2":"type-product","3":"status-publish","4":"has-post-thumbnail","6":"product_brand-chris-christensen","7":"product_cat-kozmetika-hr","8":"product_cat-regeneratorihr","10":"first","11":"instock","12":"taxable","13":"shipping-taxable","14":"purchasable","15":"product-type-simple"},"_links":{"self":[{"href":"https:\/\/www.anja-petshop.si\/hr\/wp-json\/wp\/v2\/product\/20332","targetHints":{"allow":["GET"]}}],"collection":[{"href":"https:\/\/www.anja-petshop.si\/hr\/wp-json\/wp\/v2\/product"}],"about":[{"href":"https:\/\/www.anja-petshop.si\/hr\/wp-json\/wp\/v2\/types\/product"}],"wp:featuredmedia":[{"embeddable":true,"href":"https:\/\/www.anja-petshop.si\/hr\/wp-json\/wp\/v2\/media\/13493"}],"wp:attachment":[{"href":"https:\/\/www.anja-petshop.si\/hr\/wp-json\/wp\/v2\/media?parent=20332"}],"wp:term":[{"taxonomy":"product_brand","embeddable":true,"href":"https:\/\/www.anja-petshop.si\/hr\/wp-json\/wp\/v2\/product_brand?post=20332"},{"taxonomy":"product_cat","embeddable":true,"href":"https:\/\/www.anja-petshop.si\/hr\/wp-json\/wp\/v2\/product_cat?post=20332"},{"taxonomy":"product_tag","embeddable":true,"href":"https:\/\/www.anja-petshop.si\/hr\/wp-json\/wp\/v2\/product_tag?post=20332"}],"curies":[{"name":"wp","href":"https:\/\/api.w.org\/{rel}","templated":true}]}}