{"id":20314,"date":"2024-09-14T08:49:50","date_gmt":"2024-09-14T08:49:50","guid":{"rendered":"https:\/\/www.anja-petshop.si\/?product=chris-christensen-smart-rinse-de-shed-regenerator-473-ml"},"modified":"2025-05-12T11:07:04","modified_gmt":"2025-05-12T11:07:04","slug":"chris-christensen-smart-rinse-de-shed-regenerator-473-ml","status":"publish","type":"product","link":"https:\/\/www.anja-petshop.si\/hr\/proizvod\/chris-christensen-smart-rinse-de-shed-regenerator-473-ml\/","title":{"rendered":"Chris Christensen Smart Rinse De-Shed Regenerator 473 ml"},"content":{"rendered":"<\/p>\n<p><strong>Upute za uporabu<\/strong><br \/>Nakon \u0161amponiranja, nanesite izravno na dlaku i nje\u017eno umasirajte. Ostavite na dlaci do 5 minuta za puni u\u010dinak. Mo\u017eete koristiti T-rake ili Mini T-rake za pomo\u0107 pri uklanjanju opu\u0161tene dlake. Temeljito isperite. Regenerator mo\u017eete prvo koristiti kod tretmana za smanjenje linjanja kako biste olabavili dlaku prije kupanja.\u00a0<\/p>\n","protected":false},"excerpt":{"rendered":"<p>Chris Christensen Smart Rinse De-Shed Regenerator\u00a0je lagana, hranjiva formula, koncentrirana za pse i ma\u010dke. Formuliran kako bi zadovoljio potrebe svih tipova ko\u017ee i dlake, njegovi jedinstveni sastojci za njegu i hidrataciju poma\u017eu u\u010dinkovito ukloniti opu\u0161tenu dlaku bez iritacije ko\u017ee. Ostavlja dlaku svje\u017eom, zdravom i sjajnom s nje\u017enim mirisom banane i kokosa.<\/p>\n<p>Razrje\u0111uje se do 8:1<br \/>\nMo\u017ee se koristiti prije kupanja u ekstremnim slu\u010dajevima zapetljavanja<br \/>\nNjeguje ko\u017eu dok smanjuje linjanje<br \/>\nProizvedeno u SAD-u<\/p>\n","protected":false},"featured_media":13463,"template":"","meta":[],"product_brand":[567],"product_cat":[412,600],"product_tag":[],"class_list":{"0":"post-20314","1":"product","2":"type-product","3":"status-publish","4":"has-post-thumbnail","6":"product_brand-chris-christensen","7":"product_cat-kozmetika-hr","8":"product_cat-regeneratorihr","10":"first","11":"outofstock","12":"taxable","13":"shipping-taxable","14":"purchasable","15":"product-type-simple"},"_links":{"self":[{"href":"https:\/\/www.anja-petshop.si\/hr\/wp-json\/wp\/v2\/product\/20314","targetHints":{"allow":["GET"]}}],"collection":[{"href":"https:\/\/www.anja-petshop.si\/hr\/wp-json\/wp\/v2\/product"}],"about":[{"href":"https:\/\/www.anja-petshop.si\/hr\/wp-json\/wp\/v2\/types\/product"}],"wp:featuredmedia":[{"embeddable":true,"href":"https:\/\/www.anja-petshop.si\/hr\/wp-json\/wp\/v2\/media\/13463"}],"wp:attachment":[{"href":"https:\/\/www.anja-petshop.si\/hr\/wp-json\/wp\/v2\/media?parent=20314"}],"wp:term":[{"taxonomy":"product_brand","embeddable":true,"href":"https:\/\/www.anja-petshop.si\/hr\/wp-json\/wp\/v2\/product_brand?post=20314"},{"taxonomy":"product_cat","embeddable":true,"href":"https:\/\/www.anja-petshop.si\/hr\/wp-json\/wp\/v2\/product_cat?post=20314"},{"taxonomy":"product_tag","embeddable":true,"href":"https:\/\/www.anja-petshop.si\/hr\/wp-json\/wp\/v2\/product_tag?post=20314"}],"curies":[{"name":"wp","href":"https:\/\/api.w.org\/{rel}","templated":true}]}}