{"id":20287,"date":"2024-09-14T08:39:43","date_gmt":"2024-09-14T08:39:43","guid":{"rendered":"https:\/\/www.anja-petshop.si\/?product=chris-christensen-after-u-bathe-regenerator-473-ml"},"modified":"2025-11-05T09:08:20","modified_gmt":"2025-11-05T09:08:20","slug":"chris-christensen-after-u-bathe-regenerator-473-ml","status":"publish","type":"product","link":"https:\/\/www.anja-petshop.si\/hr\/proizvod\/chris-christensen-after-u-bathe-regenerator-473-ml\/","title":{"rendered":"Chris Christensen After U Bathe Regenerator 473 ml"},"content":{"rendered":"<p><strong>Upute za uporabu<\/strong><br \/>Operite dlaku svojim omiljenim \u0161amponom Chris Christensen Systems. Temeljito isperite. Nanesite After U Bathe obilno izravno na dlaku i umasirajte prstima 3 minute. Temeljito isperite. Nastavite sa stiliziranjem kao i obi\u010dno.<\/p><\/p>\n","protected":false},"excerpt":{"rendered":"<p>Chris Christensen After U Bathe\u00a0uklanja sve ostatke \u0161ampona. Ova zavr\u0161na otopina za ispiranje pobolj\u0161ava upravljivost, dodaje vlagu i olak\u0161ava \u010de\u0161ljanje i \u010detkanje \u010dak i najosjetljivijih dlaka u kra\u0107em vremenu. Preporu\u010duje se za sve tipove dlaka, posebno one koje postaju opu\u0161tene nakon kori\u0161tenja te\u0161kih regeneratora.<\/p>\n<p>Zatvara kutikulu, dodaje otpornost i vlagu<br \/>\nOmogu\u0107uje izvanrednu lako\u0107u \u010de\u0161ljanja i \u010detkanja<br \/>\nBez te\u0161kih voskova ili ulja<br \/>\nProizvedeno u SAD-u<\/p>\n","protected":false},"featured_media":13442,"template":"","meta":[],"product_brand":[567],"product_cat":[412,600],"product_tag":[],"class_list":{"0":"post-20287","1":"product","2":"type-product","3":"status-publish","4":"has-post-thumbnail","6":"product_brand-chris-christensen","7":"product_cat-kozmetika-hr","8":"product_cat-regeneratorihr","10":"first","11":"instock","12":"taxable","13":"shipping-taxable","14":"purchasable","15":"product-type-simple"},"_links":{"self":[{"href":"https:\/\/www.anja-petshop.si\/hr\/wp-json\/wp\/v2\/product\/20287","targetHints":{"allow":["GET"]}}],"collection":[{"href":"https:\/\/www.anja-petshop.si\/hr\/wp-json\/wp\/v2\/product"}],"about":[{"href":"https:\/\/www.anja-petshop.si\/hr\/wp-json\/wp\/v2\/types\/product"}],"wp:featuredmedia":[{"embeddable":true,"href":"https:\/\/www.anja-petshop.si\/hr\/wp-json\/wp\/v2\/media\/13442"}],"wp:attachment":[{"href":"https:\/\/www.anja-petshop.si\/hr\/wp-json\/wp\/v2\/media?parent=20287"}],"wp:term":[{"taxonomy":"product_brand","embeddable":true,"href":"https:\/\/www.anja-petshop.si\/hr\/wp-json\/wp\/v2\/product_brand?post=20287"},{"taxonomy":"product_cat","embeddable":true,"href":"https:\/\/www.anja-petshop.si\/hr\/wp-json\/wp\/v2\/product_cat?post=20287"},{"taxonomy":"product_tag","embeddable":true,"href":"https:\/\/www.anja-petshop.si\/hr\/wp-json\/wp\/v2\/product_tag?post=20287"}],"curies":[{"name":"wp","href":"https:\/\/api.w.org\/{rel}","templated":true}]}}