{"id":19966,"date":"2024-09-11T10:59:58","date_gmt":"2024-09-11T10:59:58","guid":{"rendered":"https:\/\/www.anja-petshop.si\/?product=pw"},"modified":"2025-09-25T05:42:46","modified_gmt":"2025-09-25T05:42:46","slug":"pw","status":"publish","type":"product","link":"https:\/\/www.anja-petshop.si\/hr\/proizvod\/pw\/","title":{"rendered":"P&#038;W Hulk Chunker \u0161kare 32T 7,5&#8243;"},"content":{"rendered":"<p><span style=\"font-size:medium;\">Nick Kontos je osniva\u010d brenda P&amp;W (Power &amp; Working Scissors), koji je izuzetno cijenjen u industriji njege i \u0161i\u0161anja pasa. Njegovi proizvodi dizajnirani su s fokusom na izdr\u017eljivost, preciznost i ergonomsku udobnost, prvenstveno namijenjeni profesionalcima koji trebaju vrhunske alate za postizanje besprijekornih rezultata. Kao vode\u0107i inovator u industriji, Nick Kontos nagla\u0161ava naprednu izradu i upotrebu visokokvalitetnih materijala u svojim proizvodima, koji zadovoljavaju profesionalne standarde. P&amp;W \u0161kare \u010desto se predstavljaju na izlo\u017ebama, seminarima i natjecanjima u grooming industriji, \u0161to potvr\u0111uje njihov ugled kao pouzdanog brenda za stru\u010dnjake diljem svijeta.<\/span><\/p>\n","protected":false},"excerpt":{"rendered":"<p>Profesionalne jednostrane \u0161kare za stanjivanje, marke\u00a0Power &#038; Working Scissors, model Hulk, length 7,5. Koriste ih poznati uzgajiva\u010di i groomeri \u0161irom svijeta, namijenjene su i profesionalcima i za ku\u0107nu upotrebu. Njihova o\u0161tra rezna povr\u0161ina omogu\u0107uje precizno i glatko stanjivanje dlake. Svaki zubac je mikroskopski bru\u0161en, \u0161to sprje\u010dava ispadanje dlake tijekom \u0161i\u0161anja. Isporu\u010duju se u etuiju s logom proizvo\u0111a\u010da.<br \/>\nUPOZORENJE!Boje prstenova mogu se razlikovati od onih prikazanih na slici i odabiru se nasumi\u010dno.<\/p>\n","protected":false},"featured_media":13115,"template":"","meta":[],"product_brand":[575],"product_cat":[431,419,443,449,428],"product_tag":[367],"class_list":{"0":"post-19966","1":"product","2":"type-product","3":"status-publish","4":"has-post-thumbnail","6":"product_brand-power-working-scissors","7":"product_cat-efilirke-hr","8":"product_cat-njega","9":"product_cat-oprema-hr","10":"product_cat-pasji-saloni-hr","11":"product_cat-skare","12":"product_tag-pw","13":"product_shipping_class-skare","15":"first","16":"instock","17":"taxable","18":"shipping-taxable","19":"purchasable","20":"product-type-simple"},"_links":{"self":[{"href":"https:\/\/www.anja-petshop.si\/hr\/wp-json\/wp\/v2\/product\/19966","targetHints":{"allow":["GET"]}}],"collection":[{"href":"https:\/\/www.anja-petshop.si\/hr\/wp-json\/wp\/v2\/product"}],"about":[{"href":"https:\/\/www.anja-petshop.si\/hr\/wp-json\/wp\/v2\/types\/product"}],"wp:featuredmedia":[{"embeddable":true,"href":"https:\/\/www.anja-petshop.si\/hr\/wp-json\/wp\/v2\/media\/13115"}],"wp:attachment":[{"href":"https:\/\/www.anja-petshop.si\/hr\/wp-json\/wp\/v2\/media?parent=19966"}],"wp:term":[{"taxonomy":"product_brand","embeddable":true,"href":"https:\/\/www.anja-petshop.si\/hr\/wp-json\/wp\/v2\/product_brand?post=19966"},{"taxonomy":"product_cat","embeddable":true,"href":"https:\/\/www.anja-petshop.si\/hr\/wp-json\/wp\/v2\/product_cat?post=19966"},{"taxonomy":"product_tag","embeddable":true,"href":"https:\/\/www.anja-petshop.si\/hr\/wp-json\/wp\/v2\/product_tag?post=19966"}],"curies":[{"name":"wp","href":"https:\/\/api.w.org\/{rel}","templated":true}]}}