{"id":18665,"date":"2024-08-22T03:39:24","date_gmt":"2024-08-22T03:39:24","guid":{"rendered":"https:\/\/www.anja-petshop.si\/?product=hydra-groomers-volumizing-sampon"},"modified":"2024-10-07T12:51:42","modified_gmt":"2024-10-07T12:51:42","slug":"hydra-groomers-volumizing-sampon","status":"publish","type":"product","link":"https:\/\/www.anja-petshop.si\/hr\/proizvod\/hydra-groomers-volumizing-sampon\/","title":{"rendered":"Hydra Groomers Volumizing \u0161ampon"},"content":{"rendered":"<p>Hydra Volumizing Shampoo mo\u017ee pru\u017eiti vrhunsko \u010di\u0161\u0107enje za va\u0161eg omiljenog ljubimca. Ovaj elegantni \u0161ampon za pse i ma\u010dke tretirat \u0107e va\u0161eg dlakavog prijatelja pranjem kvalitete spa centra, koje miri\u0161e nevjerojatno i pru\u017ea olak\u0161anje za be\u017eivotnu, prljavu dlaku i ko\u017eu.<\/p>\n<p>Umiruju\u0107a mje\u0161avina proteina p\u0161enice pru\u017ea vrhunsko pranje za super \u010distu dlaku. Na\u0161 \u0161ampon za \u0161tence i ma\u010dke tako\u0111er poma\u017ee u postizanju savr\u0161ene teksture za ru\u010dno \u0161i\u0161anje i stiliziranje za profesionalne groomere.<\/p>\n<p>Bez obzira je li va\u0161 ljubimac velik ili mali, ovu formulu treba razrijediti u omjeru 4 dijela vode i 1 dijela \u0161ampona. Na\u0161 \u0161ampon sadr\u017ei divne, mirisne note goji bobica, hibiskusa, nara i tonka graha, podsje\u0107aju\u0107i na dan u luksuznom spa centru. Jednostavan za kori\u0161tenje, ovaj teksturiraju\u0107i \u0161ampon za ku\u0107ne ljubimce postat \u0107e bitan dio va\u0161ih potrep\u0161tina za kupanje. Bit \u0107ete ljubomorni \u0161to ne mo\u017eete kupiti isti proizvod za sebe!<\/p>\n<p><strong>VOLUMIZIRAJU\u0106I \u0160AMPON ZA PSE I MA\u010cKE:<\/strong>\u00a0Pove\u0107ajte volumen dlake svojih ljubimaca s na\u0161im profesionalnim \u0161amponom. Dizajniran za groomere, Hydra Volumizing Shampoo je formula salon kvalitete koja apsorbira vi\u0161ak ulja iz dlake i promovira idealnu teksturu za stiliziranje.<\/p>\n<p><strong>IDEALNO PRANJE ZA GROOMING:<\/strong>\u00a0Ova nje\u017ena mje\u0161avina za grooming \u0161ampon sadr\u017ei proteine p\u0161enice koji ciljaju pojedina\u010dne vlasi dlake ku\u0107nih ljubimaca kako bi izgradili volumen dok pru\u017eaju svje\u017ee, \u010disto pranje. Na\u0161 \u0161ampon je izvrstan dodatak va\u0161oj kolekciji proizvoda za grooming.<\/p>\n<p><strong>BEZ STRESA &amp; ODLI\u010cAN MIRIS:<\/strong>\u00a0Na\u0161 \u0161ampon ima dugotrajan miris i sposobnost volumiziranja. U\u017eivajte u elegantnom mirisu goji bobica, hibiskusa, nara i tonka graha tijekom kupanja va\u0161eg ljubimca, dok se oni pokazuju sa svojom rasko\u0161nom, volumiziranom dlakom.<\/p>\n<p><strong>KAKO KORISTITI:<\/strong>\u00a0Razrijedite na\u0161 dugotrajni \u0161ampon s vodom u omjeru 4:1 (4 dijela vode na 1 dio \u0161ampona). Masirajte ovu mje\u0161avinu kroz dlaku va\u0161eg ljubimca i temeljito isperite. Za najbolje rezultate, koristite Hydra Intense Repair Volumizing Mask nakon \u0161ampona.<\/p>\n<p><strong>SIGURNOST NA PRVOM MJESTU:<\/strong>\u00a0Na\u0161i vlastiti pogoni proizvode i testiraju svaki korak proizvodnje. Koristimo najsigurnije i naju\u010dinkovitije sastojke i kvalitetno testiramo proizvode prije nego \u0161to napuste na\u0161e pogone. Budite sigurni da va\u0161 ljubimac koristi samo najbolje.<\/p>\n<p>Izra\u0111en od prirodnih, visokokvalitetnih sastojaka, ovaj \u0161ampon je sigurna opcija za osjetljivu ko\u017eu. Bez obzira \u017eelite li svog ljubimca pripremiti za natjecanje ili ste profesionalni groomer, na\u0161 \u0161ampon za \u0161tence i ma\u010di\u0107e bit \u0107e odli\u010dan dodatak va\u0161im potrep\u0161tinama za njegu ku\u0107nih ljubimaca. Vi i va\u0161 ljubimac zasigurno \u0107ete voljeti koristiti ovaj nje\u017eni, blago mirisni \u0161ampon.<\/p>\n<p>Hydra Professional nudi profesionalni \u0161ampon za pse, \u0161tence, ma\u010dke i ma\u010di\u0107e. Hydra koristi materijale i sastojke salon kvalitete koji su nabavljeni i proizvedeni prema istim standardima sigurnosti kao i proizvodi za njegu ko\u017ee i kose za ljude. Na\u0161i proizvodi su bez soli, tako da ne\u0107e uzrokovati isu\u0161ivanje ko\u017ee ili dlake. Hydra Professional nudi proizvode za specijalizirane usluge i pobolj\u0161anje dlake, uklju\u010duju\u0107i restrukturiraju\u0107e tretmane keratinom, maske za dubinsku njegu dlake, pobolj\u0161anje boje i jo\u0161 mnogo toga.<\/p>\n","protected":false},"excerpt":{"rendered":"<p>Hydra Volumizing Shampoo, stiliziraju\u0107i \u0161ampon za pse i ma\u010dke.<\/p>\n","protected":false},"featured_media":25337,"template":"","meta":[],"product_brand":[577],"product_cat":[412,590],"product_tag":[359],"class_list":{"0":"post-18665","1":"product","2":"type-product","3":"status-publish","4":"has-post-thumbnail","6":"product_brand-hydra","7":"product_cat-kozmetika-hr","8":"product_cat-samponihr","9":"product_tag-hydra","11":"first","12":"instock","13":"taxable","14":"shipping-taxable","15":"purchasable","16":"product-type-variable"},"_links":{"self":[{"href":"https:\/\/www.anja-petshop.si\/hr\/wp-json\/wp\/v2\/product\/18665","targetHints":{"allow":["GET"]}}],"collection":[{"href":"https:\/\/www.anja-petshop.si\/hr\/wp-json\/wp\/v2\/product"}],"about":[{"href":"https:\/\/www.anja-petshop.si\/hr\/wp-json\/wp\/v2\/types\/product"}],"wp:featuredmedia":[{"embeddable":true,"href":"https:\/\/www.anja-petshop.si\/hr\/wp-json\/wp\/v2\/media\/25337"}],"wp:attachment":[{"href":"https:\/\/www.anja-petshop.si\/hr\/wp-json\/wp\/v2\/media?parent=18665"}],"wp:term":[{"taxonomy":"product_brand","embeddable":true,"href":"https:\/\/www.anja-petshop.si\/hr\/wp-json\/wp\/v2\/product_brand?post=18665"},{"taxonomy":"product_cat","embeddable":true,"href":"https:\/\/www.anja-petshop.si\/hr\/wp-json\/wp\/v2\/product_cat?post=18665"},{"taxonomy":"product_tag","embeddable":true,"href":"https:\/\/www.anja-petshop.si\/hr\/wp-json\/wp\/v2\/product_tag?post=18665"}],"curies":[{"name":"wp","href":"https:\/\/api.w.org\/{rel}","templated":true}]}}