{"id":18554,"date":"2024-08-22T03:18:34","date_gmt":"2024-08-22T03:18:34","guid":{"rendered":"https:\/\/www.anja-petshop.si\/?product=hydra-groomers-whitening-sampon"},"modified":"2024-10-07T12:52:46","modified_gmt":"2024-10-07T12:52:46","slug":"hydra-groomers-whitening-sampon","status":"publish","type":"product","link":"https:\/\/www.anja-petshop.si\/hr\/proizvod\/hydra-groomers-whitening-sampon\/","title":{"rendered":"Hydra Groomers Whitening \u0161ampon"},"content":{"rendered":"<p>Ovaj \u0161ampon sadr\u017ei ekstrakt zobi i pru\u017ea olak\u0161anje za svrbe\u017e i osjetljivu ko\u017eu. Zob tako\u0111er poma\u017ee smanjiti iritaciju dok poti\u010de vlagu i hidrataciju.<\/p>\n<p>Prirodni popis sastojaka ovog \u0161ampona osigurat \u0107e vam da koristite visokokvalitetne sastojke na svom ljubimcu. Nema vi\u0161e agresivnih kemikalija koje isu\u0161uju ko\u017eu va\u0161eg ljubimca \u2014 ovaj proizvod ne sadr\u017ei sredstva za izbjeljivanje, samo sigurne sastojke koji posvjetljuju i izbjeljuju dlaku. To je opti\u010dki posvjetljiva\u010d koji smanjuje crvene, \u017eute i naran\u010daste tonove u dlaci. Dizajniran posebno s balansiranom pH vrijedno\u0161\u0107u, na\u0161 \u0161ampon za pse i ma\u010dke ostavit \u0107e ko\u017eu va\u0161eg ljubimca hidratiziranom, a dlaku mekom i sjajnom.<\/p>\n<p>ODR\u017dAVANJE DLAKE: Na\u0161 profesionalni \u0161ampon za ku\u0107ne ljubimce dizajniran je za frizere. Formula salonske kvalitete stvara visokou\u010dinkovite rezultate i ima prepoznatljiv miris. Zasjajite s Hydrom.<\/p>\n<p>\u0160AMPON ZA IZBJELJIVANJE DLAKE KU\u0106NIH LJUBIMACA: Ovaj \u0161ampon revitalizirat \u0107e dlaku va\u0161eg ljubimca, ostavljaju\u0107i je sjajnom i smanjuju\u0107i \u017eutilo. Na\u0161a formula ne sadr\u017ei izbjeljiva\u010de, ve\u0107 samo sastojke salonske kvalitete poput ekstrakta zobi.<\/p>\n<p>SIGURNOST NA PRVOM MJESTU: Na\u0161e privatne tvornice proizvode i testiraju proizvode u svakom koraku proizvodnje. Koristimo najsigurnije i naju\u010dinkovitije sastojke te testiramo proizvode prije nego \u0161to napuste na\u0161e pogone. Budite uvjereni da va\u0161 ljubimac koristi samo najbolje.<\/p>\n<p>BEZ STRESA: Lako ispiranje i brzo su\u0161enje smanjuju vrijeme potrebno za kupanje i su\u0161enje, \u010dine\u0107i iskustvo kupanja brzim i bez stresa.<\/p>\n<p>UPOTREBA I RAZRJE\u0110IVANJE: Ovaj \u0161ampon je dizajniran za razrje\u0111ivanje vodom u omjeru 10 dijelova vode na 1 dio \u0161ampona, \u0161to zna\u010di da jedna boca \u0161ampona traje dulje, \u010dine\u0107i ga prili\u010dno ekonomi\u010dnim.<\/p>\n<p>Bilo da \u017eelite da va\u0161 ljubimac izgleda kao da je upravo iza\u0161ao iz salona ili ste profesionalni frizer, na\u0161 \u0161ampon za izbjeljivanje savr\u0161en je dodatak va\u0161im potrep\u0161tinama za njegu ku\u0107nih ljubimaca.<\/p>\n<p>Prirodni popis sastojaka ovog \u0161ampona osigurat \u0107e vam da koristite visokokvalitetne sastojke na svom ljubimcu. Nema vi\u0161e agresivnih kemikalija koje isu\u0161uju ko\u017eu va\u0161eg ljubimca \u2014 ovaj proizvod ne sadr\u017ei sredstva za izbjeljivanje, samo sigurne sastojke koji posvjetljuju i izbjeljuju dlaku. To je opti\u010dki posvjetljiva\u010d koji smanjuje crvene, \u017eute i naran\u010daste tonove u dlaci. Dizajniran posebno s balansiranom pH vrijedno\u0161\u0107u, na\u0161 \u0161ampon za pse i ma\u010dke ostavit \u0107e ko\u017eu va\u0161eg ljubimca hidratiziranom, a dlaku mekom i sjajnom.<\/p>\n<p>Prirodni i suptilni miris nije prejak; umjesto toga, ostavlja ugodan miris koji \u0107e vas jo\u0161 vi\u0161e zbli\u017eiti s va\u0161im ljubimcem! Ova formula tako\u0111er poma\u017ee dlaci br\u017ee se su\u0161iti, \u0161to smanjuje stres za ku\u0107ne ljubimce. Na\u0161 \u0161ampon za ku\u0107ne ljubimce bit \u0107e izvrstan dodatak va\u0161im proizvodima za kupanje ku\u0107nih ljubimaca, i bit \u0107ete ljubomorni \u0161to ne mo\u017eete kupiti iste proizvode za ljude.<\/p>\n<p>Hydra nudi profesionalne \u0161ampone za pse, \u0161tence, ma\u010dke i ma\u010di\u0107e. Hydra koristi materijale i sastojke salonske kvalitete koji su nabavljeni i proizvedeni prema istim standardima sigurnosti kao proizvodi za njegu ko\u017ee i kose za ljude. Na\u0161i proizvodi su bez soli, pa ne uzrokuju suho\u0107u ko\u017ee ili dlake. Hydra Professional nudi proizvode za specijalizirane usluge i pobolj\u0161anje dlake, uklju\u010duju\u0107i keratinske tretmane za restrukturiranje, maske za dubinsku njegu dlake, pobolj\u0161anje boje i jo\u0161 mnogo toga.<\/p>\n","protected":false},"excerpt":{"rendered":"<p>Hydra Professional Whitening \u0161ampon za pse i ma\u010dke, \u0161ampon za izbjeljivanje dlake ku\u0107nih ljubimaca s bijelom ili svijetlom dlakom, smanjuje \u017eutu boju i mrlje.<\/p>\n","protected":false},"featured_media":25349,"template":"","meta":[],"product_brand":[577],"product_cat":[412,590],"product_tag":[359],"class_list":{"0":"post-18554","1":"product","2":"type-product","3":"status-publish","4":"has-post-thumbnail","6":"product_brand-hydra","7":"product_cat-kozmetika-hr","8":"product_cat-samponihr","9":"product_tag-hydra","11":"first","12":"instock","13":"taxable","14":"shipping-taxable","15":"purchasable","16":"product-type-variable"},"_links":{"self":[{"href":"https:\/\/www.anja-petshop.si\/hr\/wp-json\/wp\/v2\/product\/18554","targetHints":{"allow":["GET"]}}],"collection":[{"href":"https:\/\/www.anja-petshop.si\/hr\/wp-json\/wp\/v2\/product"}],"about":[{"href":"https:\/\/www.anja-petshop.si\/hr\/wp-json\/wp\/v2\/types\/product"}],"wp:featuredmedia":[{"embeddable":true,"href":"https:\/\/www.anja-petshop.si\/hr\/wp-json\/wp\/v2\/media\/25349"}],"wp:attachment":[{"href":"https:\/\/www.anja-petshop.si\/hr\/wp-json\/wp\/v2\/media?parent=18554"}],"wp:term":[{"taxonomy":"product_brand","embeddable":true,"href":"https:\/\/www.anja-petshop.si\/hr\/wp-json\/wp\/v2\/product_brand?post=18554"},{"taxonomy":"product_cat","embeddable":true,"href":"https:\/\/www.anja-petshop.si\/hr\/wp-json\/wp\/v2\/product_cat?post=18554"},{"taxonomy":"product_tag","embeddable":true,"href":"https:\/\/www.anja-petshop.si\/hr\/wp-json\/wp\/v2\/product_tag?post=18554"}],"curies":[{"name":"wp","href":"https:\/\/api.w.org\/{rel}","templated":true}]}}