{"id":18356,"date":"2024-08-19T05:21:13","date_gmt":"2024-08-19T05:21:13","guid":{"rendered":"https:\/\/www.anja-petshop.si\/?product=hydra-groomers-moisturizing-regenerator"},"modified":"2024-10-07T12:55:17","modified_gmt":"2024-10-07T12:55:17","slug":"hydra-groomers-moisturizing-regenerator","status":"publish","type":"product","link":"https:\/\/www.anja-petshop.si\/hr\/proizvod\/hydra-groomers-moisturizing-regenerator\/","title":{"rendered":"Hydra Groomers Moisturizing regenerator"},"content":{"rendered":"<p>Ovaj umiruju\u0107i regenerator sadr\u017ei zobene pahuljice i ekstrakt sjemenki gro\u017e\u0111a te pru\u017ea olak\u0161anje za svrbe\u017e i osjetljivu ko\u017eu. Zobene pahuljice tako\u0111er poma\u017eu u smanjenju iritacije dok istovremeno poti\u010du vla\u017enost i hidrataciju.<\/p>\n<p>Prirodni sastojci ovog regeneratora omogu\u0107it \u0107e vam osje\u0107aj sigurnosti da koristite visokokvalitetne sastojke na svom ljubimcu. Bez vi\u0161e o\u0161trih kemikalija koje isu\u0161uju ko\u017eu va\u0161eg ljubimca\u2014na\u0161 regenerator za olak\u0161avanje svrbe\u017ea mo\u017ee se koristiti na svim ljubimcima bez straha od iritacije ko\u017ee. Posebno je formuliran s balansiranim pH-om na umu, a na\u0161 regenerator za pse i ma\u010dke ostavit \u0107e ko\u017eu va\u0161eg ljubimca hidratiziranom, a dlaku svilenkasto mekom i sjajnom.<\/p>\n<p>Prirodni i suptilni miris nije previ\u0161e jak; umjesto toga, zobene pahuljice ostavljaju ugodan miris zbog kojeg \u0107ete svog ljubimca jo\u0161 vi\u0161e voljeti! Ova formula tako\u0111er se lako ispire, \u0161to rezultira manje stresa za ljubimce. Na\u0161 umiruju\u0107i regenerator za ljubimce bit \u0107e impresivan dodatak va\u0161im proizvodima za kupanje ljubimaca, a mo\u017eda \u0107ete biti i ljubomorni \u0161to ne mo\u017eete kupiti isti proizvod za ljude.<\/p>\n<p>ODR\u017dAVANJE DLAKE: Na\u0161 profesionalni regenerator za ljubimce dizajniran je za frizere ljubimaca. Formula salonske kvalitete stvara visokou\u010dinkovite rezultate i ima prepoznatljiv miris. Zablistajte uz Hydru.<\/p>\n<p>ZOBENI REGENERATOR: Na\u0161 hidratantni regenerator za pse i ma\u010dke revitalizirat \u0107e dlaku va\u0161eg ljubimca, ostavljaju\u0107i je hidratiziranom i prirodnog sjaja. Sastojci salonske kvalitete, poput zobenih pahuljica i ekstrakta sjemenki gro\u017e\u0111a, umiruju svrbe\u017e i osjetljivu ko\u017eu.<\/p>\n<p>SIGURNOST NA PRVOM MJESTU: Na\u0161i privatni pogoni proizvode i testiraju proizvode u svakom koraku proizvodnje. Koristimo najsigurnije i naju\u010dinkovitije sastojke te testiramo proizvode prije nego \u0161to napuste na\u0161e pogone. Budite uvjereni da va\u0161 ljubimac koristi samo najbolje.<\/p>\n<p>BEZ STRESA: Formule koje se lako ispiru i brzo su\u0161e smanjuju vrijeme provedeno u kupanju i su\u0161enju, osiguravaju\u0107i brzo i bezstresno iskustvo kupanja.<\/p>\n<p>UPOTREBA I RAZRJE\u0110IVANJE: Ovaj regenerator za dlaku i ko\u017eu dizajniran je da se razrijedi s vodom koriste\u0107i omjer vode i regeneratora. To zna\u010di da boca ovog proizvoda traje dulje, \u0161to ga \u010dini vrlo isplativim.<\/p>\n<p>Bez obzira \u017eelite li svom ljubimcu pru\u017eiti osje\u0107aj kao da je upravo do\u0161ao od frizera ili ste profesionalni frizer, na\u0161 zobeni regenerator za pse i ma\u010dke savr\u0161en je dodatak va\u0161im proizvodima za ljubimce.<\/p>\n<p>Hydra nudi profesionalne regeneratore za pse, \u0161tence, ma\u010dke i ma\u010di\u0107e. Hydra koristi materijale i sastojke salonske kvalitete koji su izvorni i stvoreni prema istim standardima sigurnosti kao i proizvodi za njegu ko\u017ee i kose za ljude. Na\u0161i proizvodi ne sadr\u017ee sol, tako da ne uzrokuju suho\u0107u ko\u017ee ili dlake. Hydra Professional nudi proizvode za specijalizirane usluge i pobolj\u0161anje dlake, uklju\u010duju\u0107i obnavljanje keratinskih tretmana, dubinske regenerativne maske za dlaku, pobolj\u0161anje boje i jo\u0161 mnogo toga.<\/p>\n","protected":false},"excerpt":{"rendered":"<p>Hydra Professional Moisturizing regenerator za pse, regenerator za dlaku s zobenim ekstraktom za pse i ma\u010dke, prikladan za sve pasmine i tipove dlake, poti\u010de sjaj.<\/p>\n","protected":false},"featured_media":25346,"template":"","meta":[],"product_brand":[577],"product_cat":[412,600],"product_tag":[359],"class_list":{"0":"post-18356","1":"product","2":"type-product","3":"status-publish","4":"has-post-thumbnail","6":"product_brand-hydra","7":"product_cat-kozmetika-hr","8":"product_cat-regeneratorihr","9":"product_tag-hydra","11":"first","12":"instock","13":"taxable","14":"shipping-taxable","15":"purchasable","16":"product-type-variable"},"_links":{"self":[{"href":"https:\/\/www.anja-petshop.si\/hr\/wp-json\/wp\/v2\/product\/18356","targetHints":{"allow":["GET"]}}],"collection":[{"href":"https:\/\/www.anja-petshop.si\/hr\/wp-json\/wp\/v2\/product"}],"about":[{"href":"https:\/\/www.anja-petshop.si\/hr\/wp-json\/wp\/v2\/types\/product"}],"wp:featuredmedia":[{"embeddable":true,"href":"https:\/\/www.anja-petshop.si\/hr\/wp-json\/wp\/v2\/media\/25346"}],"wp:attachment":[{"href":"https:\/\/www.anja-petshop.si\/hr\/wp-json\/wp\/v2\/media?parent=18356"}],"wp:term":[{"taxonomy":"product_brand","embeddable":true,"href":"https:\/\/www.anja-petshop.si\/hr\/wp-json\/wp\/v2\/product_brand?post=18356"},{"taxonomy":"product_cat","embeddable":true,"href":"https:\/\/www.anja-petshop.si\/hr\/wp-json\/wp\/v2\/product_cat?post=18356"},{"taxonomy":"product_tag","embeddable":true,"href":"https:\/\/www.anja-petshop.si\/hr\/wp-json\/wp\/v2\/product_tag?post=18356"}],"curies":[{"name":"wp","href":"https:\/\/api.w.org\/{rel}","templated":true}]}}