{"id":18286,"date":"2024-08-19T04:59:24","date_gmt":"2024-08-19T04:59:24","guid":{"rendered":"https:\/\/www.anja-petshop.si\/?product=hydra-groomers-thermo-active-sprej"},"modified":"2024-10-28T07:34:55","modified_gmt":"2024-10-28T07:34:55","slug":"hydra-groomers-thermo-active-sprej","status":"publish","type":"product","link":"https:\/\/www.anja-petshop.si\/hr\/proizvod\/hydra-groomers-thermo-active-sprej\/","title":{"rendered":"Hydra Groomers Thermo Active sprej"},"content":{"rendered":"<p>Ovaj poseban sprej je zavr\u0161ni sprej za sve meke i glatke dlake. \u0160titi dlaku psa od o\u0161te\u0107enja uzrokovanih toplinom su\u0161ila i pegle za kosu. Oboga\u0107en je arganovim uljem i keratinom za termo za\u0161titu. Pru\u017ea sjaj dlaci i smanjuje kovr\u010danje.<\/p>\n<p>BEZ STRESA: Formula koja se lako ispire i omogu\u0107uje brzo su\u0161enje dlake skra\u0107uje vrijeme kupanja i su\u0161enja, osiguravaju\u0107i brzu i bezstresnu kupku.<\/p>\n<p>SIGURNOST NA PRVOM MJESTU: Proizvodnja Hydra odvija se u njihovim vlastitim tvornicama, gdje se provode testovi u svakom koraku proizvodnje. Koriste najsigurnije i naju\u010dinkovitije sastojke dok testiraju proizvode u svim fazama proizvodnje. Tako mo\u017eete biti sigurni da va\u0161 ljubimac koristi samo najbolje.<\/p>\n<p>UPOTREBA: Koristite ovaj sprej prije su\u0161enja fenom ili peglanja dlake kako biste osigurali da dlaka ostane zdrava i glatka te joj pru\u017eili sjajan sjaj!<\/p>\n<p>Bilo da \u017eelite da va\u0161 ljubimac izgleda kao da je upravo iza\u0161ao iz salona za njegu ili ste profesionalni njegovatelj, Hydra Thermo Active sprej je neophodan dodatak va\u0161em asortimanu proizvoda za njegu.<\/p>\n<p>Prirodni sastojci ovog proizvoda osiguravaju da koristite samo najbolje za svog ljubimca. Sprej ne sadr\u017ei o\u0161tre kemikalije koje isu\u0161uju ko\u017eu va\u0161eg ljubimca. Proizveden da odgovara pH vrijednosti ko\u017ee va\u0161eg ljubimca, pru\u017eit \u0107e najbolje rezultate na ko\u017ei i dlaci va\u0161eg psa ili ma\u010dke.<\/p>\n<p>Hydra stvara profesionalne kozmeti\u010dke proizvode za pse, ma\u010dke i \u0161tenad. Hydra koristi materijale i sastojke visoke kvalitete stvorene prema istim sigurnosnim standardima kao i proizvodi za njegu ko\u017ee i kose za ljude. Proizvodi su bez soli, pa ne uzrokuju suho\u0107u ko\u017ee ili dlake. Hydra nudi proizvode za specijalizirane usluge i pobolj\u0161anje dlake, uklju\u010duju\u0107i revitaliziraju\u0107e keratinske tretmane, dubinsku njegu dlake, pobolj\u0161anje boje i jo\u0161 mnogo toga.<\/p>\n","protected":false},"excerpt":{"rendered":"<p>Hydra Thermo Active sprej je izvrstan sprej koji se koristi za za\u0161titu dlake od o\u0161te\u0107enja uzrokovanih toplinom.<br \/>\nVolumen: 300 ml<\/p>\n","protected":false},"featured_media":11441,"template":"","meta":[],"product_brand":[577],"product_cat":[412,597],"product_tag":[359],"class_list":{"0":"post-18286","1":"product","2":"type-product","3":"status-publish","4":"has-post-thumbnail","6":"product_brand-hydra","7":"product_cat-kozmetika-hr","8":"product_cat-sprejevi","9":"product_tag-hydra","11":"first","12":"instock","13":"taxable","14":"shipping-taxable","15":"purchasable","16":"product-type-simple"},"_links":{"self":[{"href":"https:\/\/www.anja-petshop.si\/hr\/wp-json\/wp\/v2\/product\/18286","targetHints":{"allow":["GET"]}}],"collection":[{"href":"https:\/\/www.anja-petshop.si\/hr\/wp-json\/wp\/v2\/product"}],"about":[{"href":"https:\/\/www.anja-petshop.si\/hr\/wp-json\/wp\/v2\/types\/product"}],"wp:featuredmedia":[{"embeddable":true,"href":"https:\/\/www.anja-petshop.si\/hr\/wp-json\/wp\/v2\/media\/11441"}],"wp:attachment":[{"href":"https:\/\/www.anja-petshop.si\/hr\/wp-json\/wp\/v2\/media?parent=18286"}],"wp:term":[{"taxonomy":"product_brand","embeddable":true,"href":"https:\/\/www.anja-petshop.si\/hr\/wp-json\/wp\/v2\/product_brand?post=18286"},{"taxonomy":"product_cat","embeddable":true,"href":"https:\/\/www.anja-petshop.si\/hr\/wp-json\/wp\/v2\/product_cat?post=18286"},{"taxonomy":"product_tag","embeddable":true,"href":"https:\/\/www.anja-petshop.si\/hr\/wp-json\/wp\/v2\/product_tag?post=18286"}],"curies":[{"name":"wp","href":"https:\/\/api.w.org\/{rel}","templated":true}]}}