{"id":18244,"date":"2024-08-19T04:44:08","date_gmt":"2024-08-19T04:44:08","guid":{"rendered":"https:\/\/www.anja-petshop.si\/?product=hydra-groomers-soft-touch-sprej"},"modified":"2024-10-28T07:34:20","modified_gmt":"2024-10-28T07:34:20","slug":"hydra-groomers-soft-touch-sprej","status":"publish","type":"product","link":"https:\/\/www.anja-petshop.si\/hr\/proizvod\/hydra-groomers-soft-touch-sprej\/","title":{"rendered":"Hydra Groomers Soft Touch sprej"},"content":{"rendered":"<p>Prirodni sastojci ovog proizvoda osiguravaju da koristite samo najbolje za va\u0161eg ljubimca. Sprej ne sadr\u017ei grube kemikalije koje isu\u0161uju ko\u017eu va\u0161eg ku\u0107nog ljubimca. Dizajniran je tako da odgovara pH ravnote\u017ei ko\u017ee va\u0161eg ljubimca, \u0161to osigurava najbolje rezultate za ko\u017eu i dlaku va\u0161eg psa ili ma\u010dke.<\/p>\n<p>Prirodni i blagi miris ovog spreja nije prejak, ali \u0107e biti dovoljno primjetan da s rado\u0161\u0107u dr\u017eite svog ljubimca u naru\u010dju!<\/p>\n<p>Ovaj izvanredan sprej prikladan je za sve pasmine pasa i ma\u010daka s o\u0161te\u0107enom dlakom. Mje\u0161avina aktivnih sastojaka oboga\u0107ena keratinom, pantenolom i aminokiselinama poma\u017ee u u\u010dinkovitom obnavljanju dlake. Za kori\u0161tenje ravnomjerno poprskajte dlaku i temeljito po\u010de\u0161ljajte. Namijenjen je za vanjsku upotrebu.<\/p>\n<p>ODR\u017dAVANJE DLAKE: Profesionalni sprej za ku\u0107ne ljubimce dizajniran je za njegu dlake. Njegova formula poma\u017ee u obnavljanju dlake i zacjeljivanju manjih o\u0161te\u0107enja.<\/p>\n<p>ZA VRHUNSKU NJEGU: Ovaj njeguju\u0107i sprej izra\u0111en je od materijala i sastojaka vrhunske kvalitete, koji se nabavljaju i proizvode prema istim standardima sigurnosti kao i proizvodi za njegu ko\u017ee i kose za ljude.<\/p>\n<p>BEZ STRESA: Formula koja se lako ispire i omogu\u0107uje brzo su\u0161enje dlake smanjuje vrijeme kupanja i su\u0161enja, pru\u017eaju\u0107i brzo i bezstresno iskustvo kupanja.<\/p>\n<p>SIGURNOST NA PRVOM MJESTU: Hydra proizvodi nastaju u vlastitim tvornicama gdje se provode testovi u svakom koraku proizvodnje. Koriste najbezbednije i naju\u010dinkovitije sastojke, a proizvodi se testiraju na svim razinama proizvodnje, tako da mo\u017eete biti sigurni da va\u0161 ku\u0107ni ljubimac koristi samo najbolje.<\/p>\n<p>U\u010cINKOVITA OBNOVA DLAKE: Ovaj sprej za ma\u010dke i pse poma\u017ee u njezi i obnovi dlake. Osigurava da dlaka bude nahranjena i glatka, vra\u0107aju\u0107i joj prirodan sjaj. Za kori\u0161tenje ravnomjerno poprskajte dlaku i po\u010de\u0161ljajte.<\/p>\n<p>Bez obzira \u017eelite li da va\u0161 ku\u0107ni ljubimac izgleda kao da je upravo iza\u0161ao iz salona ili ste profesionalni groomer, Hydra Groomers Soft Touch sprej neophodan je dodatak va\u0161oj opremi za njegu.<\/p>\n<p>Hydra stvara profesionalne kozmeti\u010dke proizvode za pse, ma\u010dke i \u0161tence. Hydra koristi visokokvalitetne materijale i sastojke proizvedene prema istim standardima sigurnosti kao i proizvodi za njegu ko\u017ee i kose za ljude. Proizvodi su bez soli, pa ne uzrokuju isu\u0161ivanje ko\u017ee ili dlake. Hydra nudi proizvode za specijalizirane usluge i pobolj\u0161anje dlake, uklju\u010duju\u0107i keratinske tretmane za obnavljanje, dubinsku njegu, pobolj\u0161anje boje dlake i jo\u0161 mnogo toga.<\/p>\n","protected":false},"excerpt":{"rendered":"<p>Hydra Groomers Soft Touch sprej za pse i ma\u010dke prikladan je za dugodlake ljubimce koji imaju problema s o\u0161te\u0107enom dlakom, jer djeluje kao regenerator u spreju.Volumen: 500 ml<\/p>\n","protected":false},"featured_media":11399,"template":"","meta":[],"product_brand":[577],"product_cat":[412,597],"product_tag":[359],"class_list":{"0":"post-18244","1":"product","2":"type-product","3":"status-publish","4":"has-post-thumbnail","6":"product_brand-hydra","7":"product_cat-kozmetika-hr","8":"product_cat-sprejevi","9":"product_tag-hydra","11":"first","12":"instock","13":"taxable","14":"shipping-taxable","15":"purchasable","16":"product-type-simple"},"_links":{"self":[{"href":"https:\/\/www.anja-petshop.si\/hr\/wp-json\/wp\/v2\/product\/18244","targetHints":{"allow":["GET"]}}],"collection":[{"href":"https:\/\/www.anja-petshop.si\/hr\/wp-json\/wp\/v2\/product"}],"about":[{"href":"https:\/\/www.anja-petshop.si\/hr\/wp-json\/wp\/v2\/types\/product"}],"wp:featuredmedia":[{"embeddable":true,"href":"https:\/\/www.anja-petshop.si\/hr\/wp-json\/wp\/v2\/media\/11399"}],"wp:attachment":[{"href":"https:\/\/www.anja-petshop.si\/hr\/wp-json\/wp\/v2\/media?parent=18244"}],"wp:term":[{"taxonomy":"product_brand","embeddable":true,"href":"https:\/\/www.anja-petshop.si\/hr\/wp-json\/wp\/v2\/product_brand?post=18244"},{"taxonomy":"product_cat","embeddable":true,"href":"https:\/\/www.anja-petshop.si\/hr\/wp-json\/wp\/v2\/product_cat?post=18244"},{"taxonomy":"product_tag","embeddable":true,"href":"https:\/\/www.anja-petshop.si\/hr\/wp-json\/wp\/v2\/product_tag?post=18244"}],"curies":[{"name":"wp","href":"https:\/\/api.w.org\/{rel}","templated":true}]}}