{"id":18202,"date":"2024-08-19T03:26:42","date_gmt":"2024-08-19T03:26:42","guid":{"rendered":"https:\/\/www.anja-petshop.si\/?product=hydra-groomers-ear-cistilec"},"modified":"2024-10-28T07:33:17","modified_gmt":"2024-10-28T07:33:17","slug":"hydra-groomers-ear-cistilec","status":"publish","type":"product","link":"https:\/\/www.anja-petshop.si\/hr\/proizvod\/hydra-groomers-ear-cistilec\/","title":{"rendered":"Hydra Groomers Ear \u010dista\u010d"},"content":{"rendered":"<p>Ova umiruju\u0107a otopina za \u010di\u0161\u0107enje u\u0161iju pasa i ma\u010daka sadr\u017ei D-pantenol i esencijalna ulja mente i kamilice. S prirodnim sastojcima ovog sredstva za \u010di\u0161\u0107enje u\u0161iju, mo\u017eete biti sigurni da koristite visokokvalitetne sastojke za svog ljubimca. Nema vi\u0161e o\u0161trih kemikalija koje nadja\u010davaju i isu\u0161uju ko\u017eu va\u0161eg ljubimca. Posebno razvijen s uravnote\u017eenim pH, na\u0161u otopinu za \u010di\u0161\u0107enje u\u0161iju mo\u017eete koristiti kako bi u\u0161i va\u0161eg ljubimca bile bez voska i neugodnih mirisa.<\/p>\n<p>\u010ciste u\u0161i va\u0161eg ljubimca u\u010dinit \u0107e da ih jo\u0161 vi\u0161e volite i mazite! Ova formula se brzo su\u0161i, nje\u017ena je i ne ostavlja masne tragove. Mo\u017ee se koristiti za sve pasmine, tipove dlake i veli\u010dine ku\u0107nih ljubimaca.<\/p>\n<p>Na\u0161 umiruju\u0107i \u010dista\u010d u\u0161iju za ma\u010dke i pse bit \u0107e izvrstan dodatak va\u0161im proizvodima za njegu, i bit \u0107ete ljubomorni \u0161to ne mo\u017eete kupiti isti proizvod za ljude.<\/p>\n<p>ODR\u017dAVANJE U\u0160IJU: Na\u0161 \u010dista\u010d za u\u0161i za ma\u010dke i pse dizajniran je za profesionalne frizere za ljubimce. Formula s uravnote\u017eenim pH i salonskom kvalitetom stvara vrhunske rezultate za sve pasmine ma\u010daka i pasa. Zasjajte s Hydrom.<\/p>\n<p>\u010cISTA\u010c ZA U\u0160I KU\u0106NIH LJUBIMACA: Na\u0161a otopina za \u010di\u0161\u0107enje u\u0161iju ma\u010daka i pasa sadr\u017ei D-pantenol i esencijalna ulja mente i kamilice. Nije masna, nje\u017eno \u010disti i uklanja vosak iz u\u0161iju. Tako\u0111er poma\u017ee neutralizirati neugodne mirise u u\u0161ima ljubimca.<\/p>\n<p>BEZ STRESA: Ova otopina za u\u0161i za ku\u0107ne ljubimce brzo se su\u0161i i potrebno ju je koristiti samo jednom tjedno za odr\u017eavanje higijene u\u0161iju. To smanjuje vrijeme potrebno za njegu ku\u0107nih ljubimaca, omogu\u0107uju\u0107i brzo i bezstresno iskustvo.<\/p>\n<p>SIGURNOST NA PRVOM MJESTU: Na\u0161i privatni pogoni proizvode i testiraju svaki korak proizvodnje. Prikupljamo najsigurnije i naju\u010dinkovitije sastojke te provodimo testove kvalitete prije nego \u0161to na\u0161i proizvodi napuste tvornicu. Budite sigurni da va\u0161 ljubimac koristi samo najbolje.<\/p>\n<p>UPOTREBA: \u010ci\u0161\u0107enje u\u0161iju ljubimaca je brz i jednostavan proces. Nanesite otopinu za \u010di\u0161\u0107enje u\u0161iju na pamu\u010dnu kuglicu ili meku krpu, a zatim nje\u017eno obri\u0161ite svako uho va\u0161eg ljubimca. Time \u0107ete ukloniti ne\u010disto\u0107e i ostaviti u\u0161i va\u0161eg ljubimca svje\u017eima!<\/p>\n<p>Bilo da \u017eelite osje\u0107aj kao iz salona za svog ljubimca ili ste profesionalni frizer za ljubimce, na\u0161 profesionalni \u010dista\u010d za u\u0161i savr\u0161en je dodatak va\u0161im proizvodima za njegu.<\/p>\n<p>Hydra Professional nudi profesionalne proizvode za pse, \u0161tence, ma\u010dke i ma\u010di\u0107e. Hydra koristi materijale i sastojke salonske kvalitete koji su stvoreni i obra\u0111eni prema istim sigurnosnim standardima kao proizvodi za njegu ko\u017ee i kose za ljude. Na\u0161i proizvodi ne sadr\u017ee sol, tako da ne\u0107e isu\u0161ivati ko\u017eu ili dlaku. Hydra Professional nudi proizvode za specijalizirane usluge i pobolj\u0161anje dlake, uklju\u010duju\u0107i tretmane keratinom, maske za dubinsko kondicioniranje, pobolj\u0161anje boje, \u010di\u0161\u0107enje u\u0161iju, \u010di\u0161\u0107enje lica i jo\u0161 mnogo toga.<\/p>\n","protected":false},"excerpt":{"rendered":"<p>Hydra Professional \u010cista\u010d u\u0161iju za ma\u010dke i pse, za sve pasmine i tipove dlake<br \/>\nVolumen: 500 ml<\/p>\n","protected":false},"featured_media":11357,"template":"","meta":[],"product_brand":[577],"product_cat":[470,412],"product_tag":[359],"class_list":{"0":"post-18202","1":"product","2":"type-product","3":"status-publish","4":"has-post-thumbnail","6":"product_brand-hydra","7":"product_cat-higiena-hr","8":"product_cat-kozmetika-hr","9":"product_tag-hydra","11":"first","12":"instock","13":"taxable","14":"shipping-taxable","15":"purchasable","16":"product-type-simple"},"_links":{"self":[{"href":"https:\/\/www.anja-petshop.si\/hr\/wp-json\/wp\/v2\/product\/18202","targetHints":{"allow":["GET"]}}],"collection":[{"href":"https:\/\/www.anja-petshop.si\/hr\/wp-json\/wp\/v2\/product"}],"about":[{"href":"https:\/\/www.anja-petshop.si\/hr\/wp-json\/wp\/v2\/types\/product"}],"wp:featuredmedia":[{"embeddable":true,"href":"https:\/\/www.anja-petshop.si\/hr\/wp-json\/wp\/v2\/media\/11357"}],"wp:attachment":[{"href":"https:\/\/www.anja-petshop.si\/hr\/wp-json\/wp\/v2\/media?parent=18202"}],"wp:term":[{"taxonomy":"product_brand","embeddable":true,"href":"https:\/\/www.anja-petshop.si\/hr\/wp-json\/wp\/v2\/product_brand?post=18202"},{"taxonomy":"product_cat","embeddable":true,"href":"https:\/\/www.anja-petshop.si\/hr\/wp-json\/wp\/v2\/product_cat?post=18202"},{"taxonomy":"product_tag","embeddable":true,"href":"https:\/\/www.anja-petshop.si\/hr\/wp-json\/wp\/v2\/product_tag?post=18202"}],"curies":[{"name":"wp","href":"https:\/\/api.w.org\/{rel}","templated":true}]}}