{"id":18181,"date":"2024-08-19T03:18:05","date_gmt":"2024-08-19T03:18:05","guid":{"rendered":"https:\/\/www.anja-petshop.si\/?product=hydra-groomers-eyeface-cistilec"},"modified":"2024-10-28T07:32:08","modified_gmt":"2024-10-28T07:32:08","slug":"hydra-groomers-eyeface-cistilec","status":"publish","type":"product","link":"https:\/\/www.anja-petshop.si\/hr\/proizvod\/hydra-groomers-eyeface-cistilec\/","title":{"rendered":"Hydra Groomers Eye&#038;Face \u010dista\u010d"},"content":{"rendered":"<p>Ovaj umiruju\u0107i \u0161ampon za pse i ma\u010dke sadr\u017ei vodu, natrijev cocoamphoacetate, glicerin i konzervanse. Sa prirodnim sastojcima ovog \u010dista\u010da za lice i o\u010di za pse i ma\u010dke, mo\u017eete biti sigurni da koristite visokokvalitetne sastojke na svom ljubimcu. Nema vi\u0161e agresivnih kemikalija koje nadja\u010davaju i isu\u0161uju ko\u017eu va\u0161eg ljubimca.<\/p>\n<p>Posebno napravljen s osjetljivo\u0161\u0107u na umu, na\u0161 \u010dista\u010d za o\u010di i lice bez ispiranja nje\u017eno \u0107e o\u010distiti i ukloniti izlu\u010devine i kraste iz podru\u010dja oko o\u010diju, nju\u0161ke i nabora ko\u017ee. Svje\u017ei izgled i osje\u0107aj va\u0161eg ljubimca natjerat \u0107e vas da ih jo\u0161 vi\u0161e mazite!<\/p>\n<p>Ova formula brzo se su\u0161i i nje\u017ena je. Mo\u017ee se koristiti na ljubimcima svih pasmina, vrsta dlaka i veli\u010dina. Na\u0161 umiruju\u0107i \u010dista\u010d za o\u010di i lice za pse i ma\u010dke bit \u0107e sjajan dodatak va\u0161im proizvodima za njegu, i bit \u0107ete ljubomorni \u0161to ne mo\u017eete kupiti isti proizvod za ljude.<\/p>\n<p>NJEGOVANJE LICA I O\u010cIJU: Na\u0161 \u010dista\u010d za lice i o\u010di za pse i ma\u010dke dizajniran je za profesionalne groomere. Salon-grade formula stvara visokou\u010dinkovite rezultate za sve pasmine pasa i ma\u010daka. Sjajite uz Hydra.<\/p>\n<p>\u010cISTA\u010c ZA O\u010cI I LICE ZA LJUBIMCE: Na\u0161 \u010dista\u010d za o\u010di i lice za pse i ma\u010dke sadr\u017ei vodu, natrijev cocoamphoacetate, glicerin i konzervanse. Nje\u017eno \u010disti i uklanja izlu\u010devine i kraste. Tako\u0111er poma\u017ee u neutralizaciji nepo\u017eeljnih mirisa.<\/p>\n<p>BEZ STRESA: Jednostavna formula za ispiranje i brzo su\u0161enje skra\u0107uje vrijeme kupanja i su\u0161enja, omogu\u0107uju\u0107i brzo i bezstresno iskustvo kupanja.<\/p>\n<p>SIGURNOST NA PRVOM MJESTU: Na\u0161i privatni pogoni proizvode i testiraju u svakom koraku proizvodnje. Sura\u0111ujemo s najsigurnijim, naju\u010dinkovitijim sastojcima i testiramo kvalitetu proizvoda prije nego \u0161to napuste na\u0161e pogone. Budite sigurni da va\u0161 ljubimac koristi samo najbolje.<\/p>\n<p>UPORABA: \u010ci\u0161\u0107enje podru\u010dja oko o\u010diju i lica ljubimca je brz i jednostavan proces. Nanesite \u010dista\u010d za lice i o\u010di za pse i ma\u010dke na vatu ili mekanu krpu i nje\u017eno o\u010distite \u017eeljena podru\u010dja. Pazite da \u010dista\u010d ne dospije u o\u010di va\u0161eg ljubimca.<\/p>\n<p>Bilo da \u017eelite da va\u0161 ljubimac ima osje\u0107aj kao da je upravo do\u0161ao iz salona ili ste profesionalni groomer, na\u0161 \u010dista\u010d za o\u010di i lice za pse i ma\u010dke bez ispiranja savr\u0161en je dodatak va\u0161im proizvodima za njegu ljubimaca.<\/p>\n<p>Hydra Professional nudi profesionalne proizvode za pse, \u0161tence, ma\u010dke i ma\u010di\u0107e. Hydra koristi materijale i sastojke na razini salona koji su dobiveni i kreirani prema istim sigurnosnim standardima koji se nalaze u proizvodima za njegu ko\u017ee i kose za ljude. Na\u0161i proizvodi ne sadr\u017ee sol, tako da ne\u0107e uzrokovati suho\u0107u ko\u017ee ili dlake. Hydra Professional nudi proizvode za specijalizirane usluge i pobolj\u0161anje dlake, uklju\u010duju\u0107i keratinske tretmane za obnovu, dubinske maske za kosu, pobolj\u0161anje boje, \u010di\u0161\u0107enje u\u0161iju, \u010di\u0161\u0107enje lica i jo\u0161 mnogo toga.<\/p>\n","protected":false},"excerpt":{"rendered":"<p>Hydra Groomers Eye and Face Cleaner je u\u010dinkovit \u010dista\u010d za lice i o\u010di pasa i ma\u010daka. Ovaj \u010dista\u010d ne zahtijeva ispiranje i prikladan je za sve pasmine pasa i ma\u010daka.Volumen: 500 ml<\/p>\n","protected":false},"featured_media":11336,"template":"","meta":[],"product_brand":[577],"product_cat":[470,412],"product_tag":[359],"class_list":{"0":"post-18181","1":"product","2":"type-product","3":"status-publish","4":"has-post-thumbnail","6":"product_brand-hydra","7":"product_cat-higiena-hr","8":"product_cat-kozmetika-hr","9":"product_tag-hydra","11":"first","12":"instock","13":"taxable","14":"shipping-taxable","15":"purchasable","16":"product-type-simple"},"_links":{"self":[{"href":"https:\/\/www.anja-petshop.si\/hr\/wp-json\/wp\/v2\/product\/18181","targetHints":{"allow":["GET"]}}],"collection":[{"href":"https:\/\/www.anja-petshop.si\/hr\/wp-json\/wp\/v2\/product"}],"about":[{"href":"https:\/\/www.anja-petshop.si\/hr\/wp-json\/wp\/v2\/types\/product"}],"wp:featuredmedia":[{"embeddable":true,"href":"https:\/\/www.anja-petshop.si\/hr\/wp-json\/wp\/v2\/media\/11336"}],"wp:attachment":[{"href":"https:\/\/www.anja-petshop.si\/hr\/wp-json\/wp\/v2\/media?parent=18181"}],"wp:term":[{"taxonomy":"product_brand","embeddable":true,"href":"https:\/\/www.anja-petshop.si\/hr\/wp-json\/wp\/v2\/product_brand?post=18181"},{"taxonomy":"product_cat","embeddable":true,"href":"https:\/\/www.anja-petshop.si\/hr\/wp-json\/wp\/v2\/product_cat?post=18181"},{"taxonomy":"product_tag","embeddable":true,"href":"https:\/\/www.anja-petshop.si\/hr\/wp-json\/wp\/v2\/product_tag?post=18181"}],"curies":[{"name":"wp","href":"https:\/\/api.w.org\/{rel}","templated":true}]}}