{"id":18100,"date":"2024-08-15T07:01:05","date_gmt":"2024-08-15T07:01:05","guid":{"rendered":"https:\/\/www.anja-petshop.si\/?product=yento-glavnik-za-strizenje-23-cm"},"modified":"2025-11-26T06:41:44","modified_gmt":"2025-11-26T06:41:44","slug":"yento-glavnik-za-strizenje-23-cm","status":"publish","type":"product","link":"https:\/\/www.anja-petshop.si\/hr\/proizvod\/yento-glavnik-za-strizenje-23-cm\/","title":{"rendered":"Yento \u010de\u0161alj za \u0161i\u0161anje 23 cm"},"content":{"rendered":"<p style=\"margin-top:0px;margin-bottom:0.8rem;color:#2e2323;font-family:Raleway, sans-serif;font-size:15px;background-color:#ffffff;\"><span style=\"font-weight:bolder;\">O poduze\u0107u Yento<\/span><\/p>\n<p style=\"margin-top:0px;margin-bottom:0.8rem;color:#2e2323;font-family:Raleway, sans-serif;font-size:15px;background-color:#ffffff;\">Yento je priznata marka u industriji opreme za njegu ku\u0107nih ljubimaca koja vi\u0161e od 25 godina razvija inovativne i visokokvalitetne proizvode. Poduze\u0107e se fokusira na osiguranje vrhunske kvalitete alata za njegu, koji olak\u0161avaju posao kako ljubiteljima, tako i profesionalnim frizerima za ku\u0107ne ljubimce.<\/p>\n<p style=\"margin-top:0px;margin-bottom:0.8rem;color:#2e2323;font-family:Raleway, sans-serif;font-size:15px;background-color:#ffffff;\">S dugogodi\u0161njim iskustvom u industriji, Yento svojim kupcima nudi samo najbolje proizvode. Sve njihove \u010detke, \u010de\u0161ljevi, \u0161kare i drugi pribori odlikuju se preciznom izradom, ergonomskim dizajnom i trajno\u0161\u0107u. Proizvodi su dizajnirani da budu nje\u017eni prema \u017eivotinjama i jednostavni za upotrebu, s ciljem da pru\u017ee ugodno iskustvo za vlasnike i njihove ljubimce.<\/p>\n<p style=\"margin-top:0px;margin-bottom:0.8rem;color:#2e2323;font-family:Raleway, sans-serif;font-size:15px;background-color:#ffffff;\">Zbog svoje posve\u0107enosti kvaliteti i stalnom usavr\u0161avanju, Yento proizvodi izuzetno su popularni me\u0111u profesionalcima u industriji frizera za pse (groomerima), koji se oslanjaju na njihovu opremu kako bi postigli najbolje rezultate.<\/p>\n<p>Yento \u010de\u0161alj za \u0161i\u0161anje je profesionalni \u010de\u0161alj. Ima duge, savr\u0161eno glatke vrhove zubaca, \u0161to omogu\u0107ava savr\u0161eno razdvajanje pramenova dlake i podizanje s korijena, stvaraju\u0107i idealnu osnovu za u\u010dinkovito i precizno \u0161i\u0161anje. \u010cvrsti metalni zupci imaju kombinirani razmak 50\/50 (gusti\/rijetki). Montirani su na udobnu, ravnu dr\u0161ku koja savr\u0161eno pristaje u ruku. Zupci ovog \u010de\u0161lja su tanki, \u0161to \u010dini razdvajanje i \u0161i\u0161anje u\u010dinkovitijim. Pogodan je za tanku i dugu dlaku, kao i za gustu i grubu dlaku. Preporu\u010duje se za pudlice, Kerry Blue terijere i ruske crne terijere.<\/p>\n<p>Dimenzije:<\/p>\n<p>ukupna du\u017eina: 23 cm<br \/>razmak zubaca pola-pola: 1,2 mm i 2 mm<br \/>du\u017eina zubaca: 3,4 cm<\/p>\n","protected":false},"excerpt":{"rendered":"<p>Profesionalni \u010de\u0161alj \u2013 23 cm<br \/>\nOvaj visokokvalitetni profesionalni \u010de\u0161alj odlikuje se iznimno finim i precizno obra\u0111enim zubima koji omogu\u0107uju savr\u0161eno podizanje i razdvajanje dlake. Yento \u010de\u0161ljevi su vrhunski \u010de\u0161ljevi \u010dija kvaliteta, prema mi\u0161ljenju najboljih pasjih frizera, nije nadma\u0161ena od strane nijednog proizvo\u0111a\u010da.<\/p>\n","protected":false},"featured_media":11261,"template":"","meta":[],"product_brand":[564],"product_cat":[425,419],"product_tag":[358],"class_list":{"0":"post-18100","1":"product","2":"type-product","3":"status-publish","4":"has-post-thumbnail","6":"product_brand-yento","7":"product_cat-cesljevi","8":"product_cat-njega","9":"product_tag-yento","11":"first","12":"instock","13":"taxable","14":"shipping-taxable","15":"purchasable","16":"product-type-simple"},"_links":{"self":[{"href":"https:\/\/www.anja-petshop.si\/hr\/wp-json\/wp\/v2\/product\/18100","targetHints":{"allow":["GET"]}}],"collection":[{"href":"https:\/\/www.anja-petshop.si\/hr\/wp-json\/wp\/v2\/product"}],"about":[{"href":"https:\/\/www.anja-petshop.si\/hr\/wp-json\/wp\/v2\/types\/product"}],"wp:featuredmedia":[{"embeddable":true,"href":"https:\/\/www.anja-petshop.si\/hr\/wp-json\/wp\/v2\/media\/11261"}],"wp:attachment":[{"href":"https:\/\/www.anja-petshop.si\/hr\/wp-json\/wp\/v2\/media?parent=18100"}],"wp:term":[{"taxonomy":"product_brand","embeddable":true,"href":"https:\/\/www.anja-petshop.si\/hr\/wp-json\/wp\/v2\/product_brand?post=18100"},{"taxonomy":"product_cat","embeddable":true,"href":"https:\/\/www.anja-petshop.si\/hr\/wp-json\/wp\/v2\/product_cat?post=18100"},{"taxonomy":"product_tag","embeddable":true,"href":"https:\/\/www.anja-petshop.si\/hr\/wp-json\/wp\/v2\/product_tag?post=18100"}],"curies":[{"name":"wp","href":"https:\/\/api.w.org\/{rel}","templated":true}]}}