{"id":18088,"date":"2024-08-15T06:47:41","date_gmt":"2024-08-15T06:47:41","guid":{"rendered":"https:\/\/www.anja-petshop.si\/?product=yento-glavnik-za-strizenje-19-cm"},"modified":"2025-11-26T06:41:57","modified_gmt":"2025-11-26T06:41:57","slug":"yento-glavnik-za-strizenje-19-cm","status":"publish","type":"product","link":"https:\/\/www.anja-petshop.si\/hr\/proizvod\/yento-glavnik-za-strizenje-19-cm\/","title":{"rendered":"Yento \u010de\u0161alj za \u0161i\u0161anje 19 cm"},"content":{"rendered":"<p>Yento \u010de\u0161alj za \u0161i\u0161anje je profesionalni \u010de\u0161alj du\u017eine 19 cm. Ima duge, savr\u0161eno glatke zupce koji u\u010dinkovito razdvajaju pramenove dlake i podi\u017eu ih od korijena, stvaraju\u0107i idealnu podlogu za u\u010dinkovito i precizno \u0161i\u0161anje. \u010cvrsti metalni zupci imaju mje\u0161oviti raspored zubaca 50\/50, gusti\/rijetki. Postavljeni su u udobnu, ravnu dr\u0161ku koja savr\u0161eno le\u017ei u ruci. Zupci ovog \u010de\u0161lja su tanki, \u0161to razdvajanje pramenova i \u0161i\u0161anje \u010dini u\u010dinkovitijim. Pogodan je za finu i dugu dlaku, kao i za gustu i grubu dlaku.<\/p>\n<p>Dimenzije:<\/p>\n<p>ukupna duljina: 19 cm<br \/>razmak izme\u0111u zubaca: 1,5 mm i 0,8 mm<br \/>duljina zubaca: 2,8 cm<\/p>\n","protected":false},"excerpt":{"rendered":"<p>Profesionalni metalni \u010de\u0161alj za razdvajanje pramenova dlake, olak\u0161ava njegu.<\/p>\n","protected":false},"featured_media":11249,"template":"","meta":[],"product_brand":[564],"product_cat":[425,419],"product_tag":[357],"class_list":{"0":"post-18088","1":"product","2":"type-product","3":"status-publish","4":"has-post-thumbnail","6":"product_brand-yento","7":"product_cat-cesljevi","8":"product_cat-njega","9":"product_tag-madan","11":"first","12":"instock","13":"taxable","14":"shipping-taxable","15":"purchasable","16":"product-type-simple"},"_links":{"self":[{"href":"https:\/\/www.anja-petshop.si\/hr\/wp-json\/wp\/v2\/product\/18088","targetHints":{"allow":["GET"]}}],"collection":[{"href":"https:\/\/www.anja-petshop.si\/hr\/wp-json\/wp\/v2\/product"}],"about":[{"href":"https:\/\/www.anja-petshop.si\/hr\/wp-json\/wp\/v2\/types\/product"}],"wp:featuredmedia":[{"embeddable":true,"href":"https:\/\/www.anja-petshop.si\/hr\/wp-json\/wp\/v2\/media\/11249"}],"wp:attachment":[{"href":"https:\/\/www.anja-petshop.si\/hr\/wp-json\/wp\/v2\/media?parent=18088"}],"wp:term":[{"taxonomy":"product_brand","embeddable":true,"href":"https:\/\/www.anja-petshop.si\/hr\/wp-json\/wp\/v2\/product_brand?post=18088"},{"taxonomy":"product_cat","embeddable":true,"href":"https:\/\/www.anja-petshop.si\/hr\/wp-json\/wp\/v2\/product_cat?post=18088"},{"taxonomy":"product_tag","embeddable":true,"href":"https:\/\/www.anja-petshop.si\/hr\/wp-json\/wp\/v2\/product_tag?post=18088"}],"curies":[{"name":"wp","href":"https:\/\/api.w.org\/{rel}","templated":true}]}}