{"id":18040,"date":"2024-08-13T09:36:27","date_gmt":"2024-08-13T09:36:27","guid":{"rendered":"https:\/\/www.anja-petshop.si\/?product=madan-profesionalni-ultra-lahki-glavnik-19-cm"},"modified":"2024-09-17T18:22:01","modified_gmt":"2024-09-17T18:22:01","slug":"madan-profesionalni-ultra-lahki-glavnik-19-cm","status":"publish","type":"product","link":"https:\/\/www.anja-petshop.si\/hr\/proizvod\/madan-profesionalni-ultra-lahki-glavnik-19-cm\/","title":{"rendered":"Madan profesionalni ultra lagani \u010de\u0161alj 19 cm"},"content":{"rendered":"<p><span style=\"font-size:medium;\">Profesionalni, izuzetno lagani \u010de\u0161alj s aluminijskom dr\u0161kom renomiranog brenda Madan. \u010ce\u0161alj ima gusto raspore\u0111ene zupce i tanke metalne zupce postavljene u zaobljeni okvir. Dizajniran je za nje\u017ene, fine i svilene dlake. \u010ce\u0161alj savr\u0161eno pristaje u ruku i vrlo je udoban, osiguravaju\u0107i visoku udobnost korisnika. Nudi odli\u010dan omjer kvalitete i cijene te se preporu\u010duje za frizere i uzgajiva\u010de pasa.<\/span><\/p>\n","protected":false},"excerpt":{"rendered":"<p>Profesionalni, vrlo lagani \u010de\u0161alj s aluminijskom dr\u0161kom i gustim rasporedom zubaca, tanki zupci du\u017eine 2,9 cm.<\/p>\n","protected":false},"featured_media":11201,"template":"","meta":[],"product_brand":[570],"product_cat":[425,419],"product_tag":[357],"class_list":{"0":"post-18040","1":"product","2":"type-product","3":"status-publish","4":"has-post-thumbnail","6":"product_brand-madan","7":"product_cat-cesljevi","8":"product_cat-njega","9":"product_tag-madan","11":"first","12":"outofstock","13":"taxable","14":"shipping-taxable","15":"purchasable","16":"product-type-simple"},"_links":{"self":[{"href":"https:\/\/www.anja-petshop.si\/hr\/wp-json\/wp\/v2\/product\/18040","targetHints":{"allow":["GET"]}}],"collection":[{"href":"https:\/\/www.anja-petshop.si\/hr\/wp-json\/wp\/v2\/product"}],"about":[{"href":"https:\/\/www.anja-petshop.si\/hr\/wp-json\/wp\/v2\/types\/product"}],"wp:featuredmedia":[{"embeddable":true,"href":"https:\/\/www.anja-petshop.si\/hr\/wp-json\/wp\/v2\/media\/11201"}],"wp:attachment":[{"href":"https:\/\/www.anja-petshop.si\/hr\/wp-json\/wp\/v2\/media?parent=18040"}],"wp:term":[{"taxonomy":"product_brand","embeddable":true,"href":"https:\/\/www.anja-petshop.si\/hr\/wp-json\/wp\/v2\/product_brand?post=18040"},{"taxonomy":"product_cat","embeddable":true,"href":"https:\/\/www.anja-petshop.si\/hr\/wp-json\/wp\/v2\/product_cat?post=18040"},{"taxonomy":"product_tag","embeddable":true,"href":"https:\/\/www.anja-petshop.si\/hr\/wp-json\/wp\/v2\/product_tag?post=18040"}],"curies":[{"name":"wp","href":"https:\/\/api.w.org\/{rel}","templated":true}]}}