{"id":18004,"date":"2024-08-08T06:30:49","date_gmt":"2024-08-08T06:30:49","guid":{"rendered":"https:\/\/www.anja-petshop.si\/?product=madan-profesionalni-jekleni-glavnik-19-cm-50-50"},"modified":"2024-09-17T18:37:33","modified_gmt":"2024-09-17T18:37:33","slug":"madan-profesionalni-jekleni-glavnik-19-cm-50-50","status":"publish","type":"product","link":"https:\/\/www.anja-petshop.si\/hr\/proizvod\/madan-profesionalni-jekleni-glavnik-19-cm-50-50\/","title":{"rendered":"Madan profesionalni \u010deli\u010dni \u010de\u0161alj 19 cm 50\/50"},"content":{"rendered":"","protected":false},"excerpt":{"rendered":"<p>Profesionalni i izdr\u017eljivi \u010deli\u010dni \u010de\u0161alj duljine 19 cm, priznate marke Madan. Mje\u0161oviti raspored zubaca 50\/50 omogu\u0107uje da je idealan za \u010de\u0161ljanje ve\u0107ine vrsta dlake. U\u010dinkovito uklanja mrtve dlake i ras\u010de\u0161ljava krzno. Zaobljeni vrhovi iglica \u0161tite ko\u017eu od ozljeda. Udobna, ravna dr\u0161ka \u010de\u0161lja osigurava visoku razinu udobnosti pri kori\u0161tenju. Ovaj \u010de\u0161alj se isti\u010de odli\u010dnim omjerom cijene i kvalitete. Preporu\u010duje se za groomere i uzgajiva\u010de. Dizajniran u Njema\u010dkoj.<\/p>\n","protected":false},"featured_media":11165,"template":"","meta":[],"product_brand":[570],"product_cat":[425,419],"product_tag":[355,356,357],"class_list":{"0":"post-18004","1":"product","2":"type-product","3":"status-publish","4":"has-post-thumbnail","6":"product_brand-madan","7":"product_cat-cesljevi","8":"product_cat-njega","9":"product_tag-comb","10":"product_tag-glavnik","11":"product_tag-madan","13":"first","14":"outofstock","15":"taxable","16":"shipping-taxable","17":"purchasable","18":"product-type-simple"},"_links":{"self":[{"href":"https:\/\/www.anja-petshop.si\/hr\/wp-json\/wp\/v2\/product\/18004","targetHints":{"allow":["GET"]}}],"collection":[{"href":"https:\/\/www.anja-petshop.si\/hr\/wp-json\/wp\/v2\/product"}],"about":[{"href":"https:\/\/www.anja-petshop.si\/hr\/wp-json\/wp\/v2\/types\/product"}],"wp:featuredmedia":[{"embeddable":true,"href":"https:\/\/www.anja-petshop.si\/hr\/wp-json\/wp\/v2\/media\/11165"}],"wp:attachment":[{"href":"https:\/\/www.anja-petshop.si\/hr\/wp-json\/wp\/v2\/media?parent=18004"}],"wp:term":[{"taxonomy":"product_brand","embeddable":true,"href":"https:\/\/www.anja-petshop.si\/hr\/wp-json\/wp\/v2\/product_brand?post=18004"},{"taxonomy":"product_cat","embeddable":true,"href":"https:\/\/www.anja-petshop.si\/hr\/wp-json\/wp\/v2\/product_cat?post=18004"},{"taxonomy":"product_tag","embeddable":true,"href":"https:\/\/www.anja-petshop.si\/hr\/wp-json\/wp\/v2\/product_tag?post=18004"}],"curies":[{"name":"wp","href":"https:\/\/api.w.org\/{rel}","templated":true}]}}